{"id":1165,"date":"2016-01-17T15:12:48","date_gmt":"2016-01-17T15:12:48","guid":{"rendered":"http:\/\/www.koraltekki.hu\/?page_id=1165"},"modified":"2021-12-11T16:28:33","modified_gmt":"2021-12-11T16:28:33","slug":"20-eves-a-koral-tekki-buvariskola","status":"publish","type":"page","link":"http:\/\/www.koraltekki.hu\/?page_id=1165","title":{"rendered":"26 \u00e9ves a KORAL-TEKKI B\u00fav\u00e1rIskola"},"content":{"rendered":"<p>26 \u00e9ve t\u00f6rt\u00e9nt. Megalap\u00edtottuk.<\/p>\n<p><a href=\"http:\/\/www.koraltekki.hu\/wp-content\/uploads\/2021\/12\/26th-anniversary-golden-edition_1017-4041.jpg\"><img loading=\"lazy\" class=\"size-medium wp-image-2323 alignleft\" src=\"http:\/\/www.koraltekki.hu\/wp-content\/uploads\/2021\/12\/26th-anniversary-golden-edition_1017-4041-300x300.jpg\" alt=\"\" width=\"300\" height=\"300\" srcset=\"http:\/\/www.koraltekki.hu\/wp-content\/uploads\/2021\/12\/26th-anniversary-golden-edition_1017-4041-300x300.jpg 300w, http:\/\/www.koraltekki.hu\/wp-content\/uploads\/2021\/12\/26th-anniversary-golden-edition_1017-4041-150x150.jpg 150w, http:\/\/www.koraltekki.hu\/wp-content\/uploads\/2021\/12\/26th-anniversary-golden-edition_1017-4041-144x144.jpg 144w, http:\/\/www.koraltekki.hu\/wp-content\/uploads\/2021\/12\/26th-anniversary-golden-edition_1017-4041.jpg 626w\" sizes=\"(max-width: 300px) 100vw, 300px\" \/><\/a>Sok dolgot megtartottunk, b\u00e1r a vil\u00e1g sokat v\u00e1ltozott.<br \/>\nNem b\u00fajtunk k\u00fcl\u00f6nb\u00f6z\u0151 nevek m\u00f6g\u00e9<br \/>\nNem hagytunk ki egy \u00e9vet sem<span class=\"text_exposed_show\"><br \/>\nNem ruh\u00e1ztuk fel magunkat k\u00fcl\u00f6nb\u00f6z\u0151 &#8220;hangzatos&#8221; titulusokkal<br \/>\nNem haszn\u00e1ljuk a k<\/span><span class=\"text_exposed_show\">\u00f6z\u00e9p \u00e9s fels\u0151 fokot<br \/>\nNem haszn\u00e1ljuk marketingc\u00e9lra a kiadott min\u0151s\u00edt\u00e9sek sz\u00e1m\u00e1t<br \/>\n(nem k\u00e1rty<\/span><span class=\"text_exposed_show\">agy\u00e1r vagyunk, mi b\u00fav\u00e1rokat k\u00e9pz\u00fcnk)<br \/>\nNem haszn\u00e1ljuk marketingc\u00e9lra a mer\u00fcl\u00e9seink sz\u00e1m\u00e1t<br \/>\nNem tartunk &#8220;kuponos&#8221; tanfolyamokat<br \/>\n16 \u00e9v k\u00fclf\u00f6ldi b\u00e1zisgyakorlat<br \/>\nAZ OWD-t\u0151l kezdve a g\u00e1zv\u00e1lt\u00f3s \u00e9s RB mer\u00fcl\u00e9seket is t\u00e1mogatjuk<\/span><\/p>\n<p>Mi, a A KORAL TEKKI B\u00fav\u00e1r Iskola csapata:<\/p>\n<div class=\"text_exposed_show\">\n<p>Hissz\u00fck, hogy &#8220;A min\u0151s\u00e9g fontosabb a mennyis\u00e9gn\u00e9l&#8221; (szlogen\u00fcnk)<br \/>\nHissz\u00fck, hogy meg kell k\u00e9rn\u00fcnk munk\u00e1nk ellen\u00e9rt\u00e9k\u00e9t<br \/>\nHissz\u00fck, hogy m\u00e1sok v\u00e9lem\u00e9ny\u00e9t tisztelni kell, m\u00e9gha nem is \u00e9rt\u00fcnk vele egyet.<br \/>\nHissz\u00fck, hogy van szakmai besz\u00e9lget\u00e9s, eszmecsere &#8220;kakaskod\u00e1s&#8221; n\u00e9lk\u00fcl<br \/>\nHissz\u00fck, hogy fontos a szakmai tov\u00e1bbfejl\u0151d\u00e9s<br \/>\nHissz\u00fck, hogy gyakorlatot csak mer\u00fcl\u00e9ssel lehet megszerezni<br \/>\nHisz\u00fcnk a szab\u00e1lyok fontoss\u00e1g\u00e1ban, azok betart\u00e1s\u00e1ban \u00e9s betartat\u00e1s\u00e1ban<\/p>\n<p>26 \u00e9v. Ezt is meg\u00e9rt\u00fck. \ud83d\ude42<br \/>\n26 \u00e9v, megfelelve a folyamatos kihiv\u00e1soknak &#8230;<\/p>\n<\/div>\n<p><a href=\"http:\/\/www.koraltekki.hu\/wp-content\/uploads\/2016\/02\/LOGO-2016-KICSI.jpg\"><img loading=\"lazy\" class=\" wp-image-1262 alignnone\" src=\"http:\/\/www.koraltekki.hu\/wp-content\/uploads\/2016\/02\/LOGO-2016-KICSI-300x298.jpg\" alt=\"\" width=\"594\" height=\"590\" srcset=\"http:\/\/www.koraltekki.hu\/wp-content\/uploads\/2016\/02\/LOGO-2016-KICSI-300x298.jpg 300w, http:\/\/www.koraltekki.hu\/wp-content\/uploads\/2016\/02\/LOGO-2016-KICSI-150x150.jpg 150w, http:\/\/www.koraltekki.hu\/wp-content\/uploads\/2016\/02\/LOGO-2016-KICSI-1024x1018.jpg 1024w, http:\/\/www.koraltekki.hu\/wp-content\/uploads\/2016\/02\/LOGO-2016-KICSI-151x150.jpg 151w\" sizes=\"(max-width: 594px) 100vw, 594px\" \/><\/a><\/p>\n","protected":false},"excerpt":{"rendered":"<p>26 \u00e9ve t\u00f6rt\u00e9nt. Megalap\u00edtottuk. Sok dolgot megtartottunk, b\u00e1r a vil\u00e1g sokat v\u00e1ltozott. Nem b\u00fajtunk k\u00fcl\u00f6nb\u00f6z\u0151 nevek m\u00f6g\u00e9 Nem hagytunk ki egy \u00e9vet sem Nem ruh\u00e1ztuk fel magunkat k\u00fcl\u00f6nb\u00f6z\u0151 &#8220;hangzatos&#8221; titulusokkal Nem haszn\u00e1ljuk a k\u00f6z\u00e9p \u00e9s fels\u0151 fokot Nem haszn\u00e1ljuk marketingc\u00e9lra a kiadott min\u0151s\u00edt\u00e9sek sz\u00e1m\u00e1t (nem k\u00e1rtyagy\u00e1r vagyunk, mi b\u00fav\u00e1rokat k\u00e9pz\u00fcnk) \u2026 <a href=\"http:\/\/www.koraltekki.hu\/?page_id=1165\"> Continue reading <span class=\"meta-nav\">&rarr; <\/span><\/a><\/p>\n","protected":false},"author":1,"featured_media":0,"parent":0,"menu_order":0,"comment_status":"closed","ping_status":"open","template":"","meta":[],"_links":{"self":[{"href":"http:\/\/www.koraltekki.hu\/index.php?rest_route=\/wp\/v2\/pages\/1165"}],"collection":[{"href":"http:\/\/www.koraltekki.hu\/index.php?rest_route=\/wp\/v2\/pages"}],"about":[{"href":"http:\/\/www.koraltekki.hu\/index.php?rest_route=\/wp\/v2\/types\/page"}],"author":[{"embeddable":true,"href":"http:\/\/www.koraltekki.hu\/index.php?rest_route=\/wp\/v2\/users\/1"}],"replies":[{"embeddable":true,"href":"http:\/\/www.koraltekki.hu\/index.php?rest_route=%2Fwp%2Fv2%2Fcomments&post=1165"}],"version-history":[{"count":13,"href":"http:\/\/www.koraltekki.hu\/index.php?rest_route=\/wp\/v2\/pages\/1165\/revisions"}],"predecessor-version":[{"id":2326,"href":"http:\/\/www.koraltekki.hu\/index.php?rest_route=\/wp\/v2\/pages\/1165\/revisions\/2326"}],"wp:attachment":[{"href":"http:\/\/www.koraltekki.hu\/index.php?rest_route=%2Fwp%2Fv2%2Fmedia&parent=1165"}],"curies":[{"name":"wp","href":"https:\/\/api.w.org\/{rel}","templated":true}]}}