{"id":1226,"date":"2016-02-08T17:24:49","date_gmt":"2016-02-08T17:24:49","guid":{"rendered":"http:\/\/www.koraltekki.hu\/?page_id=1226"},"modified":"2022-01-30T09:59:51","modified_gmt":"2022-01-30T09:59:51","slug":"szallasaccomodation","status":"publish","type":"page","link":"http:\/\/www.koraltekki.hu\/?page_id=1226","title":{"rendered":"Sz\u00e1ll\u00e1s\/Accomodation"},"content":{"rendered":"<p>Apartmann sz\u00e1ll\u00e1saink mindig mag\u00e1ntulajdon\u00faak.<\/p>\n<div>Minden apartmanban van :<\/div>\n<div>&#8211; 1 \/2 \/ 3 h\u00e1l\u00f3szoba (2 \/ 4 \/ 6 szem\u00e9lyes apartman) (\u00e1gynem\u0171vel) (2\/4\/6 +1 szem\u00e9lyesek)<\/div>\n<div>&#8211; nappali, ahol tal\u00e1lhat\u00f3 a teljesen felszerelt konyha (h\u0171t\u0151, \u00e9tk\u00e9szlet, ed\u00e9nyek), \u00e9tkez\u0151 asztal, \u00fcl\u0151garnit\u00fara (p\u00f3t\u00e1gy)<\/div>\n<div>&#8211; f\u00fcrd\u0151szoba (WC, zuhanyf\u00fclke vagy k\u00e1d)<\/div>\n<p>Apartmann sz\u00e1ll\u00e1saink k\u00f6z\u00f6s jellemz\u0151i:<br \/>\n&#8211; centrumt\u00f3l\/kik\u00f6t\u0151\u0151t\u0151ll p\u00e1r sz\u00e1z m t\u00e1vols\u00e1g<br \/>\n&#8211; k\u00e9t\u00e1gyas szob\u00e1k, \u00e1gymen\u0171<br \/>\n&#8211; f\u00fcrd\u0151szoba zuhannyal \u00e9s WC-vel<br \/>\n&#8211; modern felszerel\u00e9s\u0171 konyha (h\u0171t\u0151, micro, t\u0171zhely, ed\u00e9nyek)<br \/>\n&#8211; L\u00e9gkondicion\u00e1l\u00e1s<br \/>\n&#8211; TV<br \/>\n&#8211; wifi<br \/>\n&#8211; saj\u00e1t, ingyenes parkol\u00f3<br \/>\n&#8211; grillez\u00e9si lehet\u0151s\u00e9g<\/p>\n<p><a href=\"http:\/\/www.koraltekki.hu\/wp-content\/uploads\/2022\/01\/studio21.jpg\"><img loading=\"lazy\" class=\" wp-image-2335 alignnone\" src=\"http:\/\/www.koraltekki.hu\/wp-content\/uploads\/2022\/01\/studio21-212x300.jpg\" alt=\"\" width=\"357\" height=\"505\" srcset=\"http:\/\/www.koraltekki.hu\/wp-content\/uploads\/2022\/01\/studio21-212x300.jpg 212w, http:\/\/www.koraltekki.hu\/wp-content\/uploads\/2022\/01\/studio21-724x1024.jpg 724w, http:\/\/www.koraltekki.hu\/wp-content\/uploads\/2022\/01\/studio21-768x1086.jpg 768w, http:\/\/www.koraltekki.hu\/wp-content\/uploads\/2022\/01\/studio21-1086x1536.jpg 1086w, http:\/\/www.koraltekki.hu\/wp-content\/uploads\/2022\/01\/studio21-106x150.jpg 106w, http:\/\/www.koraltekki.hu\/wp-content\/uploads\/2022\/01\/studio21.jpg 1240w\" sizes=\"(max-width: 357px) 100vw, 357px\" \/><\/a><a href=\"http:\/\/www.koraltekki.hu\/wp-content\/uploads\/2022\/01\/apartmann41.jpg\"><img loading=\"lazy\" class=\" wp-image-2336 alignnone\" src=\"http:\/\/www.koraltekki.hu\/wp-content\/uploads\/2022\/01\/apartmann41-212x300.jpg\" alt=\"\" width=\"360\" height=\"509\" srcset=\"http:\/\/www.koraltekki.hu\/wp-content\/uploads\/2022\/01\/apartmann41-212x300.jpg 212w, http:\/\/www.koraltekki.hu\/wp-content\/uploads\/2022\/01\/apartmann41-724x1024.jpg 724w, http:\/\/www.koraltekki.hu\/wp-content\/uploads\/2022\/01\/apartmann41-768x1086.jpg 768w, http:\/\/www.koraltekki.hu\/wp-content\/uploads\/2022\/01\/apartmann41-1086x1536.jpg 1086w, http:\/\/www.koraltekki.hu\/wp-content\/uploads\/2022\/01\/apartmann41-106x150.jpg 106w, http:\/\/www.koraltekki.hu\/wp-content\/uploads\/2022\/01\/apartmann41.jpg 1240w\" sizes=\"(max-width: 360px) 100vw, 360px\" \/><\/a><\/p>\n<p><a href=\"http:\/\/www.koraltekki.hu\/wp-content\/uploads\/2016\/03\/12250215_10208224414679163_170434346_o.jpg\"><img loading=\"lazy\" class=\"  wp-image-1287 alignleft\" src=\"http:\/\/www.koraltekki.hu\/wp-content\/uploads\/2016\/03\/12250215_10208224414679163_170434346_o-300x225.jpg\" alt=\"12250215_10208224414679163_170434346_o\" width=\"744\" height=\"558\" srcset=\"http:\/\/www.koraltekki.hu\/wp-content\/uploads\/2016\/03\/12250215_10208224414679163_170434346_o-300x225.jpg 300w, http:\/\/www.koraltekki.hu\/wp-content\/uploads\/2016\/03\/12250215_10208224414679163_170434346_o-1024x768.jpg 1024w, http:\/\/www.koraltekki.hu\/wp-content\/uploads\/2016\/03\/12250215_10208224414679163_170434346_o-200x150.jpg 200w, http:\/\/www.koraltekki.hu\/wp-content\/uploads\/2016\/03\/12250215_10208224414679163_170434346_o-150x113.jpg 150w, http:\/\/www.koraltekki.hu\/wp-content\/uploads\/2016\/03\/12250215_10208224414679163_170434346_o.jpg 2048w\" sizes=\"(max-width: 744px) 100vw, 744px\" \/><\/a><a href=\"http:\/\/www.koraltekki.hu\/wp-content\/uploads\/2016\/03\/12242804_10208224415959195_821806514_o.jpg\"><img loading=\"lazy\" class=\"  wp-image-1289 alignleft\" src=\"http:\/\/www.koraltekki.hu\/wp-content\/uploads\/2016\/03\/12242804_10208224415959195_821806514_o-300x169.jpg\" alt=\"12242804_10208224415959195_821806514_o\" width=\"737\" height=\"416\" srcset=\"http:\/\/www.koraltekki.hu\/wp-content\/uploads\/2016\/03\/12242804_10208224415959195_821806514_o-300x169.jpg 300w, http:\/\/www.koraltekki.hu\/wp-content\/uploads\/2016\/03\/12242804_10208224415959195_821806514_o-1024x576.jpg 1024w, http:\/\/www.koraltekki.hu\/wp-content\/uploads\/2016\/03\/12242804_10208224415959195_821806514_o-250x141.jpg 250w, http:\/\/www.koraltekki.hu\/wp-content\/uploads\/2016\/03\/12242804_10208224415959195_821806514_o-150x84.jpg 150w, http:\/\/www.koraltekki.hu\/wp-content\/uploads\/2016\/03\/12242804_10208224415959195_821806514_o.jpg 2048w\" sizes=\"(max-width: 737px) 100vw, 737px\" \/><\/a><a href=\"http:\/\/www.koraltekki.hu\/wp-content\/uploads\/2016\/03\/12236663_10208224410799066_864359133_o.jpg\"><img loading=\"lazy\" class=\"  wp-image-1285 alignleft\" src=\"http:\/\/www.koraltekki.hu\/wp-content\/uploads\/2016\/03\/12236663_10208224410799066_864359133_o-300x209.jpg\" alt=\"12236663_10208224410799066_864359133_o\" width=\"733\" height=\"511\" srcset=\"http:\/\/www.koraltekki.hu\/wp-content\/uploads\/2016\/03\/12236663_10208224410799066_864359133_o-300x209.jpg 300w, http:\/\/www.koraltekki.hu\/wp-content\/uploads\/2016\/03\/12236663_10208224410799066_864359133_o-1024x713.jpg 1024w, http:\/\/www.koraltekki.hu\/wp-content\/uploads\/2016\/03\/12236663_10208224410799066_864359133_o-215x150.jpg 215w, http:\/\/www.koraltekki.hu\/wp-content\/uploads\/2016\/03\/12236663_10208224410799066_864359133_o-150x104.jpg 150w, http:\/\/www.koraltekki.hu\/wp-content\/uploads\/2016\/03\/12236663_10208224410799066_864359133_o.jpg 2048w\" sizes=\"(max-width: 733px) 100vw, 733px\" \/><\/a><\/p>\n<p><a href=\"http:\/\/www.koraltekki.hu\/wp-content\/uploads\/2016\/02\/12250487_10208224413239127_2073298822_o.jpg\"><img loading=\"lazy\" class=\"  wp-image-1238 alignleft\" src=\"http:\/\/www.koraltekki.hu\/wp-content\/uploads\/2016\/02\/12250487_10208224413239127_2073298822_o-300x225.jpg\" alt=\"12250487_10208224413239127_2073298822_o\" width=\"731\" height=\"548\" srcset=\"http:\/\/www.koraltekki.hu\/wp-content\/uploads\/2016\/02\/12250487_10208224413239127_2073298822_o-300x225.jpg 300w, http:\/\/www.koraltekki.hu\/wp-content\/uploads\/2016\/02\/12250487_10208224413239127_2073298822_o-1024x768.jpg 1024w, http:\/\/www.koraltekki.hu\/wp-content\/uploads\/2016\/02\/12250487_10208224413239127_2073298822_o-200x150.jpg 200w, http:\/\/www.koraltekki.hu\/wp-content\/uploads\/2016\/02\/12250487_10208224413239127_2073298822_o-150x113.jpg 150w, http:\/\/www.koraltekki.hu\/wp-content\/uploads\/2016\/02\/12250487_10208224413239127_2073298822_o.jpg 2048w\" sizes=\"(max-width: 731px) 100vw, 731px\" \/><\/a><a href=\"http:\/\/www.koraltekki.hu\/wp-content\/uploads\/2016\/02\/12250565_10208224410759065_1542076284_o.jpg\"><img loading=\"lazy\" class=\" wp-image-1237 alignleft\" src=\"http:\/\/www.koraltekki.hu\/wp-content\/uploads\/2016\/02\/12250565_10208224410759065_1542076284_o-300x196.jpg\" alt=\"12250565_10208224410759065_1542076284_o\" width=\"732\" height=\"479\" srcset=\"http:\/\/www.koraltekki.hu\/wp-content\/uploads\/2016\/02\/12250565_10208224410759065_1542076284_o-300x196.jpg 300w, http:\/\/www.koraltekki.hu\/wp-content\/uploads\/2016\/02\/12250565_10208224410759065_1542076284_o-1024x668.jpg 1024w, http:\/\/www.koraltekki.hu\/wp-content\/uploads\/2016\/02\/12250565_10208224410759065_1542076284_o-230x150.jpg 230w, http:\/\/www.koraltekki.hu\/wp-content\/uploads\/2016\/02\/12250565_10208224410759065_1542076284_o-150x98.jpg 150w, http:\/\/www.koraltekki.hu\/wp-content\/uploads\/2016\/02\/12250565_10208224410759065_1542076284_o.jpg 2048w\" sizes=\"(max-width: 732px) 100vw, 732px\" \/><\/a><a href=\"http:\/\/www.koraltekki.hu\/wp-content\/uploads\/2016\/02\/12250565_10208224410759065_1542076284_o.jpg\"><br \/>\n<\/a><\/p>\n<p><img loading=\"lazy\" class=\"  wp-image-1233 alignleft\" src=\"http:\/\/www.koraltekki.hu\/wp-content\/uploads\/2016\/02\/12235298_10208224413479133_1429980384_o-300x225.jpg\" alt=\"12235298_10208224413479133_1429980384_o\" width=\"731\" height=\"548\" srcset=\"http:\/\/www.koraltekki.hu\/wp-content\/uploads\/2016\/02\/12235298_10208224413479133_1429980384_o-300x225.jpg 300w, http:\/\/www.koraltekki.hu\/wp-content\/uploads\/2016\/02\/12235298_10208224413479133_1429980384_o-1024x768.jpg 1024w, http:\/\/www.koraltekki.hu\/wp-content\/uploads\/2016\/02\/12235298_10208224413479133_1429980384_o-200x150.jpg 200w, http:\/\/www.koraltekki.hu\/wp-content\/uploads\/2016\/02\/12235298_10208224413479133_1429980384_o-150x113.jpg 150w, http:\/\/www.koraltekki.hu\/wp-content\/uploads\/2016\/02\/12235298_10208224413479133_1429980384_o.jpg 2048w\" sizes=\"(max-width: 731px) 100vw, 731px\" \/><\/p>\n<p><img loading=\"lazy\" class=\"  wp-image-1239 alignleft\" src=\"http:\/\/www.koraltekki.hu\/wp-content\/uploads\/2016\/02\/12250446_10208224415719189_1766757280_o-300x196.jpg\" alt=\"12250446_10208224415719189_1766757280_o\" width=\"729\" height=\"476\" srcset=\"http:\/\/www.koraltekki.hu\/wp-content\/uploads\/2016\/02\/12250446_10208224415719189_1766757280_o-300x196.jpg 300w, http:\/\/www.koraltekki.hu\/wp-content\/uploads\/2016\/02\/12250446_10208224415719189_1766757280_o-1024x668.jpg 1024w, http:\/\/www.koraltekki.hu\/wp-content\/uploads\/2016\/02\/12250446_10208224415719189_1766757280_o-230x150.jpg 230w, http:\/\/www.koraltekki.hu\/wp-content\/uploads\/2016\/02\/12250446_10208224415719189_1766757280_o-150x98.jpg 150w, http:\/\/www.koraltekki.hu\/wp-content\/uploads\/2016\/02\/12250446_10208224415719189_1766757280_o.jpg 2048w\" sizes=\"(max-width: 729px) 100vw, 729px\" \/><\/p>\n<p><a href=\"http:\/\/www.koraltekki.hu\/wp-content\/uploads\/2016\/02\/12242910_10208224411759090_1536496224_o.jpg\"><img loading=\"lazy\" class=\"  wp-image-1235 alignleft\" src=\"http:\/\/www.koraltekki.hu\/wp-content\/uploads\/2016\/02\/12242910_10208224411759090_1536496224_o-300x169.jpg\" alt=\"12242910_10208224411759090_1536496224_o\" width=\"729\" height=\"411\" srcset=\"http:\/\/www.koraltekki.hu\/wp-content\/uploads\/2016\/02\/12242910_10208224411759090_1536496224_o-300x169.jpg 300w, http:\/\/www.koraltekki.hu\/wp-content\/uploads\/2016\/02\/12242910_10208224411759090_1536496224_o-1024x576.jpg 1024w, http:\/\/www.koraltekki.hu\/wp-content\/uploads\/2016\/02\/12242910_10208224411759090_1536496224_o-250x141.jpg 250w, http:\/\/www.koraltekki.hu\/wp-content\/uploads\/2016\/02\/12242910_10208224411759090_1536496224_o-150x84.jpg 150w, http:\/\/www.koraltekki.hu\/wp-content\/uploads\/2016\/02\/12242910_10208224411759090_1536496224_o.jpg 2048w\" sizes=\"(max-width: 729px) 100vw, 729px\" \/><\/a><\/p>\n<p><img loading=\"lazy\" class=\"  wp-image-1234 alignleft\" src=\"http:\/\/www.koraltekki.hu\/wp-content\/uploads\/2016\/02\/12236561_10208224412079098_536731529_o-300x196.jpg\" alt=\"12236561_10208224412079098_536731529_o\" width=\"728\" height=\"476\" srcset=\"http:\/\/www.koraltekki.hu\/wp-content\/uploads\/2016\/02\/12236561_10208224412079098_536731529_o-300x196.jpg 300w, http:\/\/www.koraltekki.hu\/wp-content\/uploads\/2016\/02\/12236561_10208224412079098_536731529_o-1024x668.jpg 1024w, http:\/\/www.koraltekki.hu\/wp-content\/uploads\/2016\/02\/12236561_10208224412079098_536731529_o-230x150.jpg 230w, http:\/\/www.koraltekki.hu\/wp-content\/uploads\/2016\/02\/12236561_10208224412079098_536731529_o-150x98.jpg 150w, http:\/\/www.koraltekki.hu\/wp-content\/uploads\/2016\/02\/12236561_10208224412079098_536731529_o.jpg 2048w\" sizes=\"(max-width: 728px) 100vw, 728px\" \/><\/p>\n<p><a href=\"http:\/\/www.koraltekki.hu\/wp-content\/uploads\/2016\/02\/12248318_10208224415519184_907790534_o.jpg\"><img loading=\"lazy\" class=\"  wp-image-1236 alignleft\" src=\"http:\/\/www.koraltekki.hu\/wp-content\/uploads\/2016\/02\/12248318_10208224415519184_907790534_o-300x225.jpg\" alt=\"12248318_10208224415519184_907790534_o\" width=\"730\" height=\"547\" srcset=\"http:\/\/www.koraltekki.hu\/wp-content\/uploads\/2016\/02\/12248318_10208224415519184_907790534_o-300x225.jpg 300w, http:\/\/www.koraltekki.hu\/wp-content\/uploads\/2016\/02\/12248318_10208224415519184_907790534_o-1024x768.jpg 1024w, http:\/\/www.koraltekki.hu\/wp-content\/uploads\/2016\/02\/12248318_10208224415519184_907790534_o-200x150.jpg 200w, http:\/\/www.koraltekki.hu\/wp-content\/uploads\/2016\/02\/12248318_10208224415519184_907790534_o-150x113.jpg 150w, http:\/\/www.koraltekki.hu\/wp-content\/uploads\/2016\/02\/12248318_10208224415519184_907790534_o.jpg 2048w\" sizes=\"(max-width: 730px) 100vw, 730px\" \/><\/a><\/p>\n","protected":false},"excerpt":{"rendered":"<p>Apartmann sz\u00e1ll\u00e1saink mindig mag\u00e1ntulajdon\u00faak. Minden apartmanban van : &#8211; 1 \/2 \/ 3 h\u00e1l\u00f3szoba (2 \/ 4 \/ 6 szem\u00e9lyes apartman) (\u00e1gynem\u0171vel) (2\/4\/6 +1 szem\u00e9lyesek) &#8211; nappali, ahol tal\u00e1lhat\u00f3 a teljesen felszerelt konyha (h\u0171t\u0151, \u00e9tk\u00e9szlet, ed\u00e9nyek), \u00e9tkez\u0151 asztal, \u00fcl\u0151garnit\u00fara (p\u00f3t\u00e1gy) &#8211; f\u00fcrd\u0151szoba (WC, zuhanyf\u00fclke vagy k\u00e1d) Apartmann sz\u00e1ll\u00e1saink k\u00f6z\u00f6s jellemz\u0151i: \u2026 <a href=\"http:\/\/www.koraltekki.hu\/?page_id=1226\"> Continue reading <span class=\"meta-nav\">&rarr; <\/span><\/a><\/p>\n","protected":false},"author":1,"featured_media":0,"parent":0,"menu_order":0,"comment_status":"closed","ping_status":"open","template":"","meta":[],"_links":{"self":[{"href":"http:\/\/www.koraltekki.hu\/index.php?rest_route=\/wp\/v2\/pages\/1226"}],"collection":[{"href":"http:\/\/www.koraltekki.hu\/index.php?rest_route=\/wp\/v2\/pages"}],"about":[{"href":"http:\/\/www.koraltekki.hu\/index.php?rest_route=\/wp\/v2\/types\/page"}],"author":[{"embeddable":true,"href":"http:\/\/www.koraltekki.hu\/index.php?rest_route=\/wp\/v2\/users\/1"}],"replies":[{"embeddable":true,"href":"http:\/\/www.koraltekki.hu\/index.php?rest_route=%2Fwp%2Fv2%2Fcomments&post=1226"}],"version-history":[{"count":12,"href":"http:\/\/www.koraltekki.hu\/index.php?rest_route=\/wp\/v2\/pages\/1226\/revisions"}],"predecessor-version":[{"id":2337,"href":"http:\/\/www.koraltekki.hu\/index.php?rest_route=\/wp\/v2\/pages\/1226\/revisions\/2337"}],"wp:attachment":[{"href":"http:\/\/www.koraltekki.hu\/index.php?rest_route=%2Fwp%2Fv2%2Fmedia&parent=1226"}],"curies":[{"name":"wp","href":"https:\/\/api.w.org\/{rel}","templated":true}]}}