{"id":124,"date":"2015-01-23T22:05:45","date_gmt":"2015-01-23T22:05:45","guid":{"rendered":"http:\/\/www.koraltekki.hu\/?page_id=124"},"modified":"2018-03-26T20:23:14","modified_gmt":"2018-03-26T20:23:14","slug":"buvartanfolyamok-3","status":"publish","type":"page","link":"http:\/\/www.koraltekki.hu\/?page_id=124","title":{"rendered":"B\u00fav\u00e1rtanfolyamok"},"content":{"rendered":"<p><b><a href=\"http:\/\/www.koraltekki.hu\/wp-content\/uploads\/2015\/01\/flagH.jpg\"><img loading=\"lazy\" class=\"alignnone wp-image-371\" src=\"http:\/\/www.koraltekki.hu\/wp-content\/uploads\/2015\/01\/flagH-300x150.jpg\" alt=\"flagH\" width=\"64\" height=\"32\" srcset=\"http:\/\/www.koraltekki.hu\/wp-content\/uploads\/2015\/01\/flagH-300x150.jpg 300w, http:\/\/www.koraltekki.hu\/wp-content\/uploads\/2015\/01\/flagH.jpg 318w\" sizes=\"(max-width: 64px) 100vw, 64px\" \/><\/a>\u00a0Alapelveink<\/b><\/p>\n<ul>\n<li>&#8211;\u00a0a\u00a0tanfolyamd\u00edjaink\u00a0nem\u00a0tartalmaznak\u00a0rejtett,\u00a0ut\u00f3lagos\u00a0k\u00f6lts\u00e9geket<\/li>\n<li>&#8211;\u00a0nem\u00a0tartunk\u00a0\u201cKuponos\u201d \u00a0\u00e9s\u00a0\u201cB\u00f3nuszbrig\u00e1dos\u201d\u00a0tanfolyamokat<\/li>\n<li>&#8211;\u00a0mindig\u00a0megk\u00e9rj\u00fck\u00a0a\u00a0munk\u00e1nk\u00a0ellen\u00e9rt\u00e9k\u00e9t. Ez a \u00a0tanfolyamd\u00edj.<\/li>\n<li>&#8211;\u00a0a tanfolyam alatt t\u00f6reksz\u00fcnk a maxim\u00e1lis tud\u00e1s \u00e1tad\u00e1s\u00e1ra<\/li>\n<li>&#8211; az \u00d6n biztons\u00e1gos mer\u00fcl\u00e9s\u00e9t szem el\u0151tt tartjuk a tanfolyam eg\u00e9sz ideje alatt<\/li>\n<li>&#8211; a tanfolyam ideje d\u00edjmentes konzult\u00e1ci\u00f3s lehet\u0151s\u00e9g telefonon vagy sz\u00e1mit\u00f3g\u00e9pes h\u00e1l\u00f3zaton \u00e1t<\/li>\n<\/ul>\n<p><strong>\u00a0Tanfolyamra\u00a0val\u00f3\u00a0jelentkez\u00e9s\u00a0menete:<\/strong><\/p>\n<ul>\n<li>&#8211;\u00a0kapcsolatfelv\u00e9tel\u00a0telefon\u00a0vagy\u00a0e-mail\u00a0seg\u00edts\u00e9g\u00e9vel<\/li>\n<li>&#8211;\u00a0szem\u00e9lyes\u00a0tal\u00e1lkoz\u00f3,\u00a0ahol\u00a0r\u00e9szletesen\u00a0ismertetj\u00fck\u00a0a\u00a0tanfolyam\u00a0menet\u00e9t\u00a0\u00e9s\u00a0elv\u00e1r\u00e1sainkat<\/li>\n<li>&#8211;\u00a0jelentkez\u00e9si\u00a0dokument\u00e1ci\u00f3k\u00a0kit\u00f6lt\u00e9se<\/li>\n<li>&#8211;\u00a0tanfolyam\u00a0id\u0151rendi\u00a0lefoly\u00e1s\u00e1nak\u00a0egyeztet\u00e9se<\/li>\n<\/ul>\n<p><b>Tanfolyam\u00a0menete:<\/b><\/p>\n<ul>\n<li>\u00a0&#8211;\u00a0<b>Elm\u00e9leti\u00a0oktat\u00e1s\u00a0<\/b>:<\/li>\n<li>\u00a0\u00a0\u00a0\u00a0\u00a0\u00a0\u00a0\u00a0\u00a0k\u00f6telez\u0151\u00a0oktat\u00f3i\u00a0el\u0151ad\u00e1sok\u00a0+\u00a0otthoni\u00a0munka.\u00a0A\u00a0v\u00e9g\u00e9n\u00a0vizsga.\u00a0Minimum\u00a0szint:\u00a080\u00a0%<\/li>\n<li>\u00a0&#8211;<b>\u00a0Uszodai\u00a0oktat\u00e1s\u00a0<\/b>:<\/li>\n<li>\u00a0\u00a0\u00a0\u00a0\u00a0\u00a0\u00a0\u00a0\u00a0Folyamatos\u00a0ki\u00e9rt\u00e9kel\u00e9ssel<\/li>\n<li>\u00a0<b>&#8211;\u00a0Ny\u00edlt\u00a0vizi\u00a0oktat\u00e1s\u00a0:<\/b><\/li>\n<li>\u00a0\u00a0\u00a0\u00a0\u00a0\u00a0\u00a0\u00a0\u00a0Minimum\u00a04\u00a0db\u00a0nyiltvizi\u00a0mer\u00fcl\u00e9s\u00a0+\u00a01\u00a0nyiltvizi\u00a0vizsgamer\u00fcl\u00e9s. \u00a0A\u00a0v\u00e9g\u00e9n\u00a0vizsga.<\/li>\n<\/ul>\n<p style=\"text-align: left;\"><a href=\"http:\/\/www.koraltekki.hu\/wp-content\/uploads\/2018\/03\/trainingsheme.jpg\"><img loading=\"lazy\" class=\" wp-image-1780 alignleft\" src=\"http:\/\/www.koraltekki.hu\/wp-content\/uploads\/2018\/03\/trainingsheme-212x300.jpg\" alt=\"\" width=\"614\" height=\"869\" srcset=\"http:\/\/www.koraltekki.hu\/wp-content\/uploads\/2018\/03\/trainingsheme-212x300.jpg 212w, http:\/\/www.koraltekki.hu\/wp-content\/uploads\/2018\/03\/trainingsheme-768x1086.jpg 768w, http:\/\/www.koraltekki.hu\/wp-content\/uploads\/2018\/03\/trainingsheme-724x1024.jpg 724w, http:\/\/www.koraltekki.hu\/wp-content\/uploads\/2018\/03\/trainingsheme-106x150.jpg 106w, http:\/\/www.koraltekki.hu\/wp-content\/uploads\/2018\/03\/trainingsheme.jpg 1240w\" sizes=\"(max-width: 614px) 100vw, 614px\" \/><\/a><\/p>\n<p>&nbsp;<\/p>\n<p>&nbsp;<\/p>\n","protected":false},"excerpt":{"rendered":"<p>\u00a0Alapelveink &#8211;\u00a0a\u00a0tanfolyamd\u00edjaink\u00a0nem\u00a0tartalmaznak\u00a0rejtett,\u00a0ut\u00f3lagos\u00a0k\u00f6lts\u00e9geket &#8211;\u00a0nem\u00a0tartunk\u00a0\u201cKuponos\u201d \u00a0\u00e9s\u00a0\u201cB\u00f3nuszbrig\u00e1dos\u201d\u00a0tanfolyamokat &#8211;\u00a0mindig\u00a0megk\u00e9rj\u00fck\u00a0a\u00a0munk\u00e1nk\u00a0ellen\u00e9rt\u00e9k\u00e9t. Ez a \u00a0tanfolyamd\u00edj. &#8211;\u00a0a tanfolyam alatt t\u00f6reksz\u00fcnk a maxim\u00e1lis tud\u00e1s \u00e1tad\u00e1s\u00e1ra &#8211; az \u00d6n biztons\u00e1gos mer\u00fcl\u00e9s\u00e9t szem el\u0151tt tartjuk a tanfolyam eg\u00e9sz ideje alatt &#8211; a tanfolyam ideje d\u00edjmentes konzult\u00e1ci\u00f3s lehet\u0151s\u00e9g telefonon vagy sz\u00e1mit\u00f3g\u00e9pes h\u00e1l\u00f3zaton \u00e1t \u00a0Tanfolyamra\u00a0val\u00f3\u00a0jelentkez\u00e9s\u00a0menete: &#8211;\u00a0kapcsolatfelv\u00e9tel\u00a0telefon\u00a0vagy\u00a0e-mail\u00a0seg\u00edts\u00e9g\u00e9vel &#8211;\u00a0szem\u00e9lyes\u00a0tal\u00e1lkoz\u00f3,\u00a0ahol\u00a0r\u00e9szletesen\u00a0ismertetj\u00fck\u00a0a\u00a0tanfolyam\u00a0menet\u00e9t\u00a0\u00e9s\u00a0elv\u00e1r\u00e1sainkat &#8211;\u00a0jelentkez\u00e9si\u00a0dokument\u00e1ci\u00f3k\u00a0kit\u00f6lt\u00e9se &#8211;\u00a0tanfolyam\u00a0id\u0151rendi\u00a0lefoly\u00e1s\u00e1nak\u00a0egyeztet\u00e9se Tanfolyam\u00a0menete: \u00a0&#8211;\u00a0Elm\u00e9leti\u00a0oktat\u00e1s\u00a0: \u00a0\u00a0\u00a0\u00a0\u00a0\u00a0\u00a0\u00a0\u00a0k\u00f6telez\u0151\u00a0oktat\u00f3i\u00a0el\u0151ad\u00e1sok\u00a0+\u00a0otthoni\u00a0munka.\u00a0A\u00a0v\u00e9g\u00e9n\u00a0vizsga.\u00a0Minimum\u00a0szint:\u00a080\u00a0% \u00a0&#8211;\u00a0Uszodai\u00a0oktat\u00e1s\u00a0: \u2026 <a href=\"http:\/\/www.koraltekki.hu\/?page_id=124\"> Continue reading <span class=\"meta-nav\">&rarr; <\/span><\/a><\/p>\n","protected":false},"author":1,"featured_media":0,"parent":0,"menu_order":0,"comment_status":"closed","ping_status":"open","template":"","meta":[],"_links":{"self":[{"href":"http:\/\/www.koraltekki.hu\/index.php?rest_route=\/wp\/v2\/pages\/124"}],"collection":[{"href":"http:\/\/www.koraltekki.hu\/index.php?rest_route=\/wp\/v2\/pages"}],"about":[{"href":"http:\/\/www.koraltekki.hu\/index.php?rest_route=\/wp\/v2\/types\/page"}],"author":[{"embeddable":true,"href":"http:\/\/www.koraltekki.hu\/index.php?rest_route=\/wp\/v2\/users\/1"}],"replies":[{"embeddable":true,"href":"http:\/\/www.koraltekki.hu\/index.php?rest_route=%2Fwp%2Fv2%2Fcomments&post=124"}],"version-history":[{"count":19,"href":"http:\/\/www.koraltekki.hu\/index.php?rest_route=\/wp\/v2\/pages\/124\/revisions"}],"predecessor-version":[{"id":1781,"href":"http:\/\/www.koraltekki.hu\/index.php?rest_route=\/wp\/v2\/pages\/124\/revisions\/1781"}],"wp:attachment":[{"href":"http:\/\/www.koraltekki.hu\/index.php?rest_route=%2Fwp%2Fv2%2Fmedia&parent=124"}],"curies":[{"name":"wp","href":"https:\/\/api.w.org\/{rel}","templated":true}]}}