{"id":1319,"date":"2016-04-09T16:48:53","date_gmt":"2016-04-09T16:48:53","guid":{"rendered":"http:\/\/www.koraltekki.hu\/?page_id=1319"},"modified":"2016-05-13T15:21:05","modified_gmt":"2016-05-13T15:21:05","slug":"merulesek-a-pasman-es-kornati-szigetvilagban","status":"publish","type":"page","link":"http:\/\/www.koraltekki.hu\/?page_id=1319","title":{"rendered":"Mer\u00fcl\u00e9sek a Pasman \u00e9s Kornati szigetvil\u00e1gban (M\u00e1j-Okt)"},"content":{"rendered":"<p style=\"text-align: left;\">Kedves B\u00fav\u00e1rt\u00e1rsak !<br \/>\nTisztelettel t\u00e1j\u00e9koztatlak, hogy Adriai tengeri b\u00fav\u00e1rb\u00e1zisunk <span style=\"color: #ff0000;\">m\u00e1jus 25-t\u00f3l okt\u00f3berig \u00a0i<\/span>sm\u00e9t magyar oktat\u00f3val \u00fczemel.<br \/>\nHorv\u00e1t telefonsz\u00e1mom: +385917254605.<br \/>\nA b\u00e1zis Biograd na moru v\u00e1ros\u00e1ban tal\u00e1lhat\u00f3<br \/>\n(\u0160etali\u0161te kneza Branimira 28, 23210, GPS 43.940677, 15.444884, a KONSUM \u00e1ruh\u00e1zzal szemben az els\u0151 m\u00f3l\u00f3n a 38-as pozici\u00f3, BG 351 sz\u00e1m\u00fa haj\u00f3).)<br \/>\nT\u00e1vols\u00e1ga a hat\u00e1rt\u00f3l mind\u00f6ssze 416 km (Letenye). A hat\u00e1rt\u00f3l v\u00e9gig aut\u00f3p\u00e1lya van (A1) a benkovaci kij\u00e1ratig.<br \/>\nA mer\u00fcl\u00e9seket fa\u00e9p\u00edt\u00e9s\u0171 haj\u00f3r\u00f3l v\u00e9gezz\u00fck, amely a napi kihaj\u00f3z\u00e1s sor\u00e1n teljes k\u00e9nyelmet \u00e9s biztons\u00e1got ad a b\u00fav\u00e1roknak (napoz\u00f3 r\u00e9sz, \u00e1rny\u00e9kos r\u00e9sz, WC, k\u00e9nyelmes &#8220;nedves r\u00e9sz&#8221;, t\u00e1gas bemeneteli pontok \u00e9s\u00a0komfortos l\u00e9tra a v\u00edz elhagy\u00e1s\u00e1ra, m\u00e9g vill\u00e1mv\u00e9del<span class=\"text_exposed_show\">emmel is el van l\u00e1tva).<br \/>\nMit aj\u00e1nljunk kedves Vend\u00e9geinknek:<br \/>\n&#8211; Professzion\u00e1lis szem\u00e9lyzetet mind a haj\u00f3z\u00e1s, mind a mer\u00fcl\u00e9s sor\u00e1n<br \/>\n&#8211; kisz\u00e1m\u00edthat\u00f3s\u00e1got (nincsenek rejtett k\u00f6lts\u00e9gek)<br \/>\n&#8211; tiszta, k\u00e9nyelmes, robosztus \u00e9p\u00edt\u00e9s\u0171, gyors haj\u00f3t<br \/>\n&#8211; k\u00f6zel 50, aktiv mer\u00fcl\u0151helyet<br \/>\n&#8211; professzion\u00e1lis mer\u00fcl\u00e9svezet\u00e9st<br \/>\n(a guide-ok minden egyes mer\u00fcl\u0151helyet nagyon alaposan ismernek \u00e9s bemutatnak)<br \/>\n&#8211; fot\u00f3soknak ig\u00e9ny szerinti &#8220;t\u00e9ma &#8220;keres\u00e9st<br \/>\n&#8211; Oktat\u00f3knak DM-like t\u00e1mogat\u00e1st (ak\u00e1r tanfolyamokhoz is)<br \/>\n&#8211; csoportoknak fel\u00e1r n\u00e9lk\u00fcli, mer\u00fcl\u0151helyeket j\u00f3l ismer\u0151 guide-kat<br \/>\nMi\u00e9rt j\u00f3, ha a B\u00e1zisunkon kereszt\u00fcl mer\u00fclsz\/mer\u00fcltetsz:<br \/>\n&#8211; nincsenek rejtett k\u00f6lts\u00e9gek (nincs meglepi az elsz\u00e1mol\u00e1sn\u00e1l)<br \/>\n&#8211; az id\u0151j\u00e1r\u00e1s f\u00fcggv\u00e9ny\u00e9ben mindig a hely min\u0151s\u00e9ge a kiv\u00e1laszt\u00e1sa szempont, nem a t\u00e1vols\u00e1g<br \/>\n&#8211; a mer\u00fcl\u0151helyek j\u00f3l ismertek a guide-k sz\u00e1m\u00e1ra, ez\u00e9rt a l\u00e1tnival\u00f3 garant\u00e1lt<br \/>\n&#8211; nagyobb csoportokhoz dijmentesen biztositunk DM\/Guide t\u00e1mogat\u00e1st (tanfolyamok eset\u00e9n is)<br \/>\n&#8211; a mer\u00fcl\u0151helyek alacsony terhelts\u00e9g\u0171ek (nem k\u00f6t ki naponta t\u00f6bb haj\u00f3 is, nem &#8220;leharcoltak&#8221;)<br \/>\n&#8211; Oktat\u00f3k\/szervez\u0151k sz\u00e1m\u00e1ra csomagdijat biztositunk a szolg\u00e1ltat\u00e1sok cs\u00f6kkent\u00e9se n\u00e9lk\u00fcl<br \/>\n&#8211; a kedvezm\u00e9nyt\u0151l F\u00dcGGETLEN\u00dcL j\u00e1r a DM\/Guide t\u00e1mogat\u00e1s<br \/>\n&#8211; komplett szolg\u00e1ltat\u00e1st aj\u00e1nlunk (bele\u00e9rtve a sz\u00e1ll\u00e1sfoglal\u00e1st \u00e9s az egy\u00e9ni programok szervez\u00e9s\u00e9t is)<br \/>\n&#8211; nem mer\u00fcl\u0151knek programszervez\u00e9s<br \/>\nAz Oktat\u00f3k figyelm\u00e9be aj\u00e1nljuk az Instructor package szolg\u00e1ltat\u00e1st valamint a NO-LIMIT csomagot (HR-ben egyed\u00fcl itt).<br \/>\nK\u00e9r\u00e9sre ezen opci\u00f3kr\u00f3l r\u00e9szletes inform\u00e1ci\u00f3kat k\u00fcld\u00fcnk.<br \/>\nB\u00e1zis \u00e1rlista<br \/>\nA weboldalunk cime: <a href=\"http:\/\/l.facebook.com\/l.php?u=http%3A%2F%2Fwww.koraltekki.hu%2F&amp;h=TAQHzIi_5&amp;enc=AZNjCzD9Nyx-oT3Y9fWODLNPvcR10ZzLI4aYdO-VxMIWvLOoa3CGA0iYWuLutNzq0vs&amp;s=1\" target=\"_blank\" rel=\"nofollow nofollow\">www.koraltekki.hu<\/a><br \/>\nR\u00e9szletes inform\u00e1ci\u00f3k a web oldalon kereszt\u00fcl:<br \/>\n(a f\u0151men\u00fcben a &#8220;Diving in Biograd men\u00fcponton kereszt\u00fcl)<br \/>\nA b\u00e1zisr\u00f3l: <a href=\"http:\/\/www.koraltekki.hu\/?page_id=661\" target=\"_blank\" rel=\"nofollow nofollow\">http:\/\/www.koraltekki.hu\/<wbr \/>?page_id=661<\/a><br \/>\nA haj\u00f3r\u00f3l: <a href=\"http:\/\/l.facebook.com\/l.php?u=http%3A%2F%2Fwww.koraltekki.hu%2F%3Fpage_id%3D586&amp;h=xAQHYnJrk&amp;enc=AZP12Qs_6WjbjWdbmeTKa3z7MB1p3wqW5yMf62n97US-vpgOH6HPgMm65zRiCZ8KYGU&amp;s=1\" target=\"_blank\" rel=\"nofollow nofollow\">http:\/\/www.koraltekki.hu\/<wbr \/>?page_id=586<\/a><br \/>\nA mer\u00fcl\u0151helyekr\u0151l: <a href=\"http:\/\/l.facebook.com\/l.php?u=http%3A%2F%2Fwww.koraltekki.hu%2F%3Fpage_id%3D307&amp;h=YAQFAT8gL&amp;enc=AZPxOtMPpJahcJVKJSP7r4vw5GiQJe9qVJq7ANQGNnwXSlt2wFVtrNr7pwVILBK-nsg&amp;s=1\" target=\"_blank\" rel=\"nofollow nofollow\">http:\/\/www.koraltekki.hu\/<wbr \/>?page_id=307<\/a><br \/>\nA kisker \u00e1rakr\u00f3l : <a href=\"http:\/\/l.facebook.com\/l.php?u=http%3A%2F%2Fwww.koraltekki.hu%2F%3Fpage_id%3D457&amp;h=NAQH2nKoQ&amp;enc=AZPD5LyIZAQllyiEy-hsIwstoqMGLQq9SI8YDgCdG3G9SFSVv9VXSQ6Na_KMPr8kTTg&amp;s=1\" target=\"_blank\" rel=\"nofollow nofollow\">http:\/\/www.koraltekki.hu\/<wbr \/>?page_id=457<\/a><br \/>\n\u00daj aj\u00e1nlataink : No-limit csomagok, oktat\u00f3i csomagok, szervez\u0151i csomagok. <span style=\"color: #ff0000;\">Sz\u00e1ll\u00e1s szervez\u00e9s<\/span><\/span><\/p>\n<p style=\"text-align: left;\"><a href=\"http:\/\/www.koraltekki.hu\/wp-content\/uploads\/2016\/05\/IMG_3106uj.jpg\"><img loading=\"lazy\" class=\"  wp-image-1399 alignleft\" src=\"http:\/\/www.koraltekki.hu\/wp-content\/uploads\/2016\/05\/IMG_3106uj-300x200.jpg\" alt=\"IMG_3106uj\" width=\"719\" height=\"479\" \/><\/a><\/p>\n<p>&nbsp;<\/p>\n","protected":false},"excerpt":{"rendered":"<p>Kedves B\u00fav\u00e1rt\u00e1rsak ! Tisztelettel t\u00e1j\u00e9koztatlak, hogy Adriai tengeri b\u00fav\u00e1rb\u00e1zisunk m\u00e1jus 25-t\u00f3l okt\u00f3berig \u00a0ism\u00e9t magyar oktat\u00f3val \u00fczemel. Horv\u00e1t telefonsz\u00e1mom: +385917254605. A b\u00e1zis Biograd na moru v\u00e1ros\u00e1ban tal\u00e1lhat\u00f3 (\u0160etali\u0161te kneza Branimira 28, 23210, GPS 43.940677, 15.444884, a KONSUM \u00e1ruh\u00e1zzal szemben az els\u0151 m\u00f3l\u00f3n a 38-as pozici\u00f3, BG 351 sz\u00e1m\u00fa haj\u00f3).) T\u00e1vols\u00e1ga a \u2026 <a href=\"http:\/\/www.koraltekki.hu\/?page_id=1319\"> Continue reading <span class=\"meta-nav\">&rarr; <\/span><\/a><\/p>\n","protected":false},"author":1,"featured_media":0,"parent":0,"menu_order":0,"comment_status":"closed","ping_status":"open","template":"","meta":[],"_links":{"self":[{"href":"http:\/\/www.koraltekki.hu\/index.php?rest_route=\/wp\/v2\/pages\/1319"}],"collection":[{"href":"http:\/\/www.koraltekki.hu\/index.php?rest_route=\/wp\/v2\/pages"}],"about":[{"href":"http:\/\/www.koraltekki.hu\/index.php?rest_route=\/wp\/v2\/types\/page"}],"author":[{"embeddable":true,"href":"http:\/\/www.koraltekki.hu\/index.php?rest_route=\/wp\/v2\/users\/1"}],"replies":[{"embeddable":true,"href":"http:\/\/www.koraltekki.hu\/index.php?rest_route=%2Fwp%2Fv2%2Fcomments&post=1319"}],"version-history":[{"count":7,"href":"http:\/\/www.koraltekki.hu\/index.php?rest_route=\/wp\/v2\/pages\/1319\/revisions"}],"predecessor-version":[{"id":1401,"href":"http:\/\/www.koraltekki.hu\/index.php?rest_route=\/wp\/v2\/pages\/1319\/revisions\/1401"}],"wp:attachment":[{"href":"http:\/\/www.koraltekki.hu\/index.php?rest_route=%2Fwp%2Fv2%2Fmedia&parent=1319"}],"curies":[{"name":"wp","href":"https:\/\/api.w.org\/{rel}","templated":true}]}}