{"id":1453,"date":"2017-01-02T10:56:38","date_gmt":"2017-01-02T10:56:38","guid":{"rendered":"http:\/\/www.koraltekki.hu\/?page_id=1453"},"modified":"2018-05-28T15:34:41","modified_gmt":"2018-05-28T15:34:41","slug":"hajoberlesrent-a-boat","status":"publish","type":"page","link":"http:\/\/www.koraltekki.hu\/?page_id=1453","title":{"rendered":"Haj\u00f3b\u00e9rl\u00e9s\/Rent a boat"},"content":{"rendered":"<p style=\"text-align: center;\">\n<p><a href=\"http:\/\/www.koraltekki.hu\/wp-content\/uploads\/2018\/05\/advert2018rentaboat.gif\"><img loading=\"lazy\" class=\" wp-image-1872 alignleft\" src=\"http:\/\/www.koraltekki.hu\/wp-content\/uploads\/2018\/05\/advert2018rentaboat-212x300.gif\" alt=\"\" width=\"755\" height=\"1068\" srcset=\"http:\/\/www.koraltekki.hu\/wp-content\/uploads\/2018\/05\/advert2018rentaboat-212x300.gif 212w, http:\/\/www.koraltekki.hu\/wp-content\/uploads\/2018\/05\/advert2018rentaboat-768x1087.gif 768w, http:\/\/www.koraltekki.hu\/wp-content\/uploads\/2018\/05\/advert2018rentaboat-724x1024.gif 724w, http:\/\/www.koraltekki.hu\/wp-content\/uploads\/2018\/05\/advert2018rentaboat-106x150.gif 106w\" sizes=\"(max-width: 755px) 100vw, 755px\" \/><\/a><\/p>\n<p>&nbsp;<\/p>\n<p style=\"text-align: center;\"><a href=\"http:\/\/www.koraltekki.hu\/wp-content\/uploads\/2017\/01\/speedboat01-300x225.jpg\"><br \/>\n<\/a><\/p>\n<p>&nbsp;<\/p>\n<p>&nbsp;<\/p>\n<p>&nbsp;<\/p>\n<p>&nbsp;<\/p>\n<p>&nbsp;<\/p>\n<p>&nbsp;<\/p>\n<p>&nbsp;<\/p>\n<p>&nbsp;<\/p>\n<p>&nbsp;<\/p>\n<p>&nbsp;<\/p>\n<p>&nbsp;<\/p>\n<p>&nbsp;<\/p>\n<p>&nbsp;<\/p>\n<p>&nbsp;<\/p>\n<p>&nbsp;<\/p>\n<p>&nbsp;<\/p>\n<p>&nbsp;<\/p>\n<p>2017-t\u0151l motoroshaj\u00f3k is b\u00e9relhet\u0151k T\u0151l\u00fcnk Biogradban.<\/p>\n<p>B\u00e9rleti felt\u00e9tel:<\/p>\n<p>&#8211; bet\u00f6lt\u00f6tt 18. \u00e9let\u00e9v, \u00e9rv\u00e9nyes haj\u00f3vezet\u0151i enged\u00e9ly<\/p>\n<p>&#8211; kauci\u00f3 let\u00e9tele<\/p>\n<p>(*) Kapit\u00e1nnyal is b\u00e9relhet\u0151<\/p>\n<p>&nbsp;<\/p>\n<p>&nbsp;<\/p>\n<p>&nbsp;<\/p>\n<p>&nbsp;<\/p>\n<p>&nbsp;<\/p>\n<p>&nbsp;<\/p>\n<p>&nbsp;<\/p>\n<p>&nbsp;<\/p>\n<p>&nbsp;<\/p>\n<p>&nbsp;<\/p>\n<p>&nbsp;<\/p>\n<p>&nbsp;<\/p>\n<p>&nbsp;<\/p>\n<p>&nbsp;<\/p>\n<p>&nbsp;<\/p>\n<p>&nbsp;<\/p>\n<p>&nbsp;<\/p>\n","protected":false},"excerpt":{"rendered":"<p>&nbsp; &nbsp; &nbsp; &nbsp; &nbsp; &nbsp; &nbsp; &nbsp; &nbsp; &nbsp; &nbsp; &nbsp; &nbsp; &nbsp; &nbsp; &nbsp; &nbsp; &nbsp; 2017-t\u0151l motoroshaj\u00f3k is b\u00e9relhet\u0151k T\u0151l\u00fcnk Biogradban. B\u00e9rleti felt\u00e9tel: &#8211; bet\u00f6lt\u00f6tt 18. \u00e9let\u00e9v, \u00e9rv\u00e9nyes haj\u00f3vezet\u0151i enged\u00e9ly &#8211; kauci\u00f3 let\u00e9tele (*) Kapit\u00e1nnyal is b\u00e9relhet\u0151 &nbsp; &nbsp; &nbsp; &nbsp; &nbsp; &nbsp; &nbsp; &nbsp; &nbsp; &nbsp; \u2026 <a href=\"http:\/\/www.koraltekki.hu\/?page_id=1453\"> Continue reading <span class=\"meta-nav\">&rarr; <\/span><\/a><\/p>\n","protected":false},"author":1,"featured_media":0,"parent":0,"menu_order":0,"comment_status":"closed","ping_status":"open","template":"","meta":[],"_links":{"self":[{"href":"http:\/\/www.koraltekki.hu\/index.php?rest_route=\/wp\/v2\/pages\/1453"}],"collection":[{"href":"http:\/\/www.koraltekki.hu\/index.php?rest_route=\/wp\/v2\/pages"}],"about":[{"href":"http:\/\/www.koraltekki.hu\/index.php?rest_route=\/wp\/v2\/types\/page"}],"author":[{"embeddable":true,"href":"http:\/\/www.koraltekki.hu\/index.php?rest_route=\/wp\/v2\/users\/1"}],"replies":[{"embeddable":true,"href":"http:\/\/www.koraltekki.hu\/index.php?rest_route=%2Fwp%2Fv2%2Fcomments&post=1453"}],"version-history":[{"count":12,"href":"http:\/\/www.koraltekki.hu\/index.php?rest_route=\/wp\/v2\/pages\/1453\/revisions"}],"predecessor-version":[{"id":1873,"href":"http:\/\/www.koraltekki.hu\/index.php?rest_route=\/wp\/v2\/pages\/1453\/revisions\/1873"}],"wp:attachment":[{"href":"http:\/\/www.koraltekki.hu\/index.php?rest_route=%2Fwp%2Fv2%2Fmedia&parent=1453"}],"curies":[{"name":"wp","href":"https:\/\/api.w.org\/{rel}","templated":true}]}}