{"id":1525,"date":"2017-05-01T13:36:04","date_gmt":"2017-05-01T13:36:04","guid":{"rendered":"http:\/\/www.koraltekki.hu\/?page_id=1525"},"modified":"2018-04-27T13:39:43","modified_gmt":"2018-04-27T13:39:43","slug":"auto-service","status":"publish","type":"page","link":"http:\/\/www.koraltekki.hu\/?page_id=1525","title":{"rendered":"Auto Service"},"content":{"rendered":"<p>Probl\u00e9m\u00e1ja van az aut\u00f3j\u00e1val ? Do\u00a0 you have problem with car ? Contact Antonio<\/p>\n<p>Ezt persze mi sem tudjuk megoldani, de&#8230;<\/p>\n<p><a href=\"http:\/\/www.koraltekki.hu\/wp-content\/uploads\/2017\/05\/model_t_1.jpg\"><img loading=\"lazy\" class=\" size-medium wp-image-1530 alignleft\" src=\"http:\/\/www.koraltekki.hu\/wp-content\/uploads\/2017\/05\/model_t_1-300x237.jpg\" alt=\"model_t_1\" width=\"300\" height=\"237\" srcset=\"http:\/\/www.koraltekki.hu\/wp-content\/uploads\/2017\/05\/model_t_1-300x237.jpg 300w, http:\/\/www.koraltekki.hu\/wp-content\/uploads\/2017\/05\/model_t_1-190x150.jpg 190w, http:\/\/www.koraltekki.hu\/wp-content\/uploads\/2017\/05\/model_t_1-150x118.jpg 150w, http:\/\/www.koraltekki.hu\/wp-content\/uploads\/2017\/05\/model_t_1.jpg 748w\" sizes=\"(max-width: 300px) 100vw, 300px\" \/><\/a><\/p>\n<p><img loading=\"lazy\" class=\" wp-image-1532 alignleft\" src=\"http:\/\/www.koraltekki.hu\/wp-content\/uploads\/2017\/05\/Ford-B-MAX-13-300x200.jpg\" alt=\"Ford-B-MAX-13\" width=\"353\" height=\"235\" srcset=\"http:\/\/www.koraltekki.hu\/wp-content\/uploads\/2017\/05\/Ford-B-MAX-13-300x200.jpg 300w, http:\/\/www.koraltekki.hu\/wp-content\/uploads\/2017\/05\/Ford-B-MAX-13-225x150.jpg 225w, http:\/\/www.koraltekki.hu\/wp-content\/uploads\/2017\/05\/Ford-B-MAX-13-150x100.jpg 150w, http:\/\/www.koraltekki.hu\/wp-content\/uploads\/2017\/05\/Ford-B-MAX-13.jpg 1000w\" sizes=\"(max-width: 353px) 100vw, 353px\" \/><\/p>\n<p>&nbsp;<\/p>\n<p>&nbsp;<\/p>\n<p>&nbsp;<\/p>\n<p>&nbsp;<\/p>\n<p>&nbsp;<\/p>\n<p>&nbsp;<\/p>\n<p><strong>M\u0171hely cime:\u00a0 Auto Antonio, Address: Franje Tu\u0111mana 61<\/strong><\/p>\n<p><strong>F\u00e9k, motor, karossz\u00e9ria, leng\u00e9scsillapit\u00f3, gumi stb javit\u00e1sa azonnal, jut\u00e1nyos \u00e1ron. <\/strong><\/p>\n<p><strong>(Croatian, Italian, german, english, HUNGARIAN)<\/strong><\/p>\n<p><a href=\"http:\/\/www.koraltekki.hu\/wp-content\/uploads\/2018\/04\/176800_1630197958058_5804702_o.jpg\"><img loading=\"lazy\" class=\" wp-image-1803 alignnone\" src=\"http:\/\/www.koraltekki.hu\/wp-content\/uploads\/2018\/04\/176800_1630197958058_5804702_o-300x225.jpg\" alt=\"\" width=\"683\" height=\"512\" srcset=\"http:\/\/www.koraltekki.hu\/wp-content\/uploads\/2018\/04\/176800_1630197958058_5804702_o-300x225.jpg 300w, http:\/\/www.koraltekki.hu\/wp-content\/uploads\/2018\/04\/176800_1630197958058_5804702_o-768x576.jpg 768w, http:\/\/www.koraltekki.hu\/wp-content\/uploads\/2018\/04\/176800_1630197958058_5804702_o-1024x768.jpg 1024w, http:\/\/www.koraltekki.hu\/wp-content\/uploads\/2018\/04\/176800_1630197958058_5804702_o-200x150.jpg 200w, http:\/\/www.koraltekki.hu\/wp-content\/uploads\/2018\/04\/176800_1630197958058_5804702_o-150x113.jpg 150w, http:\/\/www.koraltekki.hu\/wp-content\/uploads\/2018\/04\/176800_1630197958058_5804702_o.jpg 2048w\" sizes=\"(max-width: 683px) 100vw, 683px\" \/><\/a><\/p>\n<p>&nbsp;<\/p>\n","protected":false},"excerpt":{"rendered":"<p>Probl\u00e9m\u00e1ja van az aut\u00f3j\u00e1val ? Do\u00a0 you have problem with car ? Contact Antonio Ezt persze mi sem tudjuk megoldani, de&#8230; &nbsp; &nbsp; &nbsp; &nbsp; &nbsp; &nbsp; M\u0171hely cime:\u00a0 Auto Antonio, Address: Franje Tu\u0111mana 61 F\u00e9k, motor, karossz\u00e9ria, leng\u00e9scsillapit\u00f3, gumi stb javit\u00e1sa azonnal, jut\u00e1nyos \u00e1ron. (Croatian, Italian, german, english, HUNGARIAN) \u2026 <a href=\"http:\/\/www.koraltekki.hu\/?page_id=1525\"> Continue reading <span class=\"meta-nav\">&rarr; <\/span><\/a><\/p>\n","protected":false},"author":1,"featured_media":0,"parent":0,"menu_order":0,"comment_status":"closed","ping_status":"open","template":"","meta":[],"_links":{"self":[{"href":"http:\/\/www.koraltekki.hu\/index.php?rest_route=\/wp\/v2\/pages\/1525"}],"collection":[{"href":"http:\/\/www.koraltekki.hu\/index.php?rest_route=\/wp\/v2\/pages"}],"about":[{"href":"http:\/\/www.koraltekki.hu\/index.php?rest_route=\/wp\/v2\/types\/page"}],"author":[{"embeddable":true,"href":"http:\/\/www.koraltekki.hu\/index.php?rest_route=\/wp\/v2\/users\/1"}],"replies":[{"embeddable":true,"href":"http:\/\/www.koraltekki.hu\/index.php?rest_route=%2Fwp%2Fv2%2Fcomments&post=1525"}],"version-history":[{"count":10,"href":"http:\/\/www.koraltekki.hu\/index.php?rest_route=\/wp\/v2\/pages\/1525\/revisions"}],"predecessor-version":[{"id":1831,"href":"http:\/\/www.koraltekki.hu\/index.php?rest_route=\/wp\/v2\/pages\/1525\/revisions\/1831"}],"wp:attachment":[{"href":"http:\/\/www.koraltekki.hu\/index.php?rest_route=%2Fwp%2Fv2%2Fmedia&parent=1525"}],"curies":[{"name":"wp","href":"https:\/\/api.w.org\/{rel}","templated":true}]}}