{"id":1550,"date":"2017-05-26T17:39:50","date_gmt":"2017-05-26T17:39:50","guid":{"rendered":"http:\/\/www.koraltekki.hu\/?page_id=1550"},"modified":"2017-05-26T18:06:10","modified_gmt":"2017-05-26T18:06:10","slug":"kerekpar-berles-rent-a-bike","status":"publish","type":"page","link":"http:\/\/www.koraltekki.hu\/?page_id=1550","title":{"rendered":"Ker\u00e9kp\u00e1r b\u00e9rl\u00e9s \/Rent a bike"},"content":{"rendered":"<p>&nbsp;<\/p>\n<p style=\"text-align: left;\">Lehet\u0151s\u00e9g van a nyaral\u00e1s alatt ker\u00e9kp\u00e1ros t\u00far\u00e1kra is.<\/p>\n<p>T\u00f6bbfajta ker\u00e9kp\u00e1rb\u00f3l lehet\u0151s\u00e9g van az \u00d6nnek legmegfelel\u0151bb tipus kiv\u00e1laszt\u00e1s\u00e1ra<\/p>\n<p><a href=\"http:\/\/www.koraltekki.hu\/wp-content\/uploads\/2017\/05\/jezerobikemap.jpg\"><img loading=\"lazy\" class=\"wp-image-1554 alignleft\" src=\"http:\/\/www.koraltekki.hu\/wp-content\/uploads\/2017\/05\/bike-share-program1-537x358-300x200.jpg\" alt=\"bike-share-program1-537x358\" width=\"659\" height=\"439\" srcset=\"http:\/\/www.koraltekki.hu\/wp-content\/uploads\/2017\/05\/bike-share-program1-537x358-300x200.jpg 300w, http:\/\/www.koraltekki.hu\/wp-content\/uploads\/2017\/05\/bike-share-program1-537x358-225x150.jpg 225w, http:\/\/www.koraltekki.hu\/wp-content\/uploads\/2017\/05\/bike-share-program1-537x358-150x100.jpg 150w, http:\/\/www.koraltekki.hu\/wp-content\/uploads\/2017\/05\/bike-share-program1-537x358.jpg 537w\" sizes=\"(max-width: 659px) 100vw, 659px\" \/><img loading=\"lazy\" class=\"  wp-image-1557 alignleft\" src=\"http:\/\/www.koraltekki.hu\/wp-content\/uploads\/2017\/05\/jezerobikemap-300x225.jpg\" alt=\"jezerobikemap\" width=\"655\" height=\"491\" srcset=\"http:\/\/www.koraltekki.hu\/wp-content\/uploads\/2017\/05\/jezerobikemap-300x225.jpg 300w, http:\/\/www.koraltekki.hu\/wp-content\/uploads\/2017\/05\/jezerobikemap-200x150.jpg 200w, http:\/\/www.koraltekki.hu\/wp-content\/uploads\/2017\/05\/jezerobikemap-150x112.jpg 150w, http:\/\/www.koraltekki.hu\/wp-content\/uploads\/2017\/05\/jezerobikemap.jpg 535w\" sizes=\"(max-width: 655px) 100vw, 655px\" \/><br \/>\n<\/a><\/p>\n","protected":false},"excerpt":{"rendered":"<p>&nbsp; Lehet\u0151s\u00e9g van a nyaral\u00e1s alatt ker\u00e9kp\u00e1ros t\u00far\u00e1kra is. T\u00f6bbfajta ker\u00e9kp\u00e1rb\u00f3l lehet\u0151s\u00e9g van az \u00d6nnek legmegfelel\u0151bb tipus kiv\u00e1laszt\u00e1s\u00e1ra<\/p>\n","protected":false},"author":1,"featured_media":0,"parent":0,"menu_order":0,"comment_status":"closed","ping_status":"open","template":"","meta":[],"_links":{"self":[{"href":"http:\/\/www.koraltekki.hu\/index.php?rest_route=\/wp\/v2\/pages\/1550"}],"collection":[{"href":"http:\/\/www.koraltekki.hu\/index.php?rest_route=\/wp\/v2\/pages"}],"about":[{"href":"http:\/\/www.koraltekki.hu\/index.php?rest_route=\/wp\/v2\/types\/page"}],"author":[{"embeddable":true,"href":"http:\/\/www.koraltekki.hu\/index.php?rest_route=\/wp\/v2\/users\/1"}],"replies":[{"embeddable":true,"href":"http:\/\/www.koraltekki.hu\/index.php?rest_route=%2Fwp%2Fv2%2Fcomments&post=1550"}],"version-history":[{"count":6,"href":"http:\/\/www.koraltekki.hu\/index.php?rest_route=\/wp\/v2\/pages\/1550\/revisions"}],"predecessor-version":[{"id":1559,"href":"http:\/\/www.koraltekki.hu\/index.php?rest_route=\/wp\/v2\/pages\/1550\/revisions\/1559"}],"wp:attachment":[{"href":"http:\/\/www.koraltekki.hu\/index.php?rest_route=%2Fwp%2Fv2%2Fmedia&parent=1550"}],"curies":[{"name":"wp","href":"https:\/\/api.w.org\/{rel}","templated":true}]}}