{"id":1746,"date":"2018-02-17T15:48:36","date_gmt":"2018-02-17T15:48:36","guid":{"rendered":"http:\/\/www.koraltekki.hu\/?page_id=1746"},"modified":"2019-11-16T16:19:45","modified_gmt":"2019-11-16T16:19:45","slug":"infoline","status":"publish","type":"page","link":"http:\/\/www.koraltekki.hu\/?page_id=1746","title":{"rendered":"Infoline nyaral\u00f3knak"},"content":{"rendered":"<p>Ha Biograd na moru v\u00e1ros\u00e1ban t\u00f6lti\/tervezi\u00a0 nyaral\u00e1s\u00e1t csal\u00e1dj\u00e1val, ismer\u0151seivel, bar\u00e1taival, akkor hasznos lehet az info vonalunk.<\/p>\n<h2><strong>Szeptember &#8211; m\u00e1jus : <\/strong><\/h2>\n<h2>Mobile: <span style=\"color: #ff6600;\">+3630 414 7920<\/span><\/h2>\n<h2><strong>J\u00fanius &#8211; Szeptember <\/strong><\/h2>\n<h2>Mobile: <span style=\"color: #ff6600;\">+ 385 91 72 546<\/span><\/h2>\n<h2><strong>Eg\u00e9sz \u00e9vben:\u00a0<\/strong><\/h2>\n<h2><strong>E-mail:<span style=\"color: #ff6600;\"> krizsanandras@gmail.com <\/span><\/strong><\/h2>\n<h2><strong>Facebook :\u00a0\u00a0<span style=\"color: #ff6600;\">https:\/\/www.facebook.com\/Nanurlelke<\/span><\/strong><\/h2>\n<p>Ha inform\u00e1ci\u00f3ra, segits\u00e9gre van sz\u00fcks\u00e9ge, csak egy hiv\u00e1s \u00e9s m\u00e1ris segit\u00fcnk: Magyarul is besz\u00e9l\u00fcnk.<\/p>\n<p>Nyaral\u00f3k, t\u00farist\u00e1k sz\u00e1m\u00e1ra egyar\u00e1nt biztos\u00edtunk inform\u00e1ci\u00f3kat<\/p>\n<ul>\n<li>sz\u00e1ll\u00e1sokr\u00f3l,<\/li>\n<li>utaz\u00e1sr\u00f3l,<\/li>\n<li>helyi inform\u00e1ci\u00f3kr\u00f3l (v\u00e1s\u00e1rl\u00e1s, p\u00e9nzv\u00e1lt\u00e1s, parkol\u00e1s, szabadid\u0151 tev\u00e9kenys\u00e9gek)<\/li>\n<li>helyi program lehet\u0151s\u00e9gekr\u0151l<\/li>\n<li>v\u00e9szhelyzeti inform\u00e1ci\u00f3kat: orvos, gy\u00f3gyszert\u00e1r, baleset<\/li>\n<li>szervizlehet\u0151s\u00e9gekr\u0151l : aut\u00f3, haj\u00f3<\/li>\n<\/ul>\n<p><a href=\"http:\/\/www.koraltekki.hu\/wp-content\/uploads\/2018\/05\/advert2018generalBiograd.jpg\"><img loading=\"lazy\" class=\" wp-image-1859 alignleft\" src=\"http:\/\/www.koraltekki.hu\/wp-content\/uploads\/2018\/05\/advert2018generalBiograd-212x300.jpg\" alt=\"\" width=\"612\" height=\"866\" srcset=\"http:\/\/www.koraltekki.hu\/wp-content\/uploads\/2018\/05\/advert2018generalBiograd-212x300.jpg 212w, http:\/\/www.koraltekki.hu\/wp-content\/uploads\/2018\/05\/advert2018generalBiograd-768x1086.jpg 768w, http:\/\/www.koraltekki.hu\/wp-content\/uploads\/2018\/05\/advert2018generalBiograd-724x1024.jpg 724w, http:\/\/www.koraltekki.hu\/wp-content\/uploads\/2018\/05\/advert2018generalBiograd-106x150.jpg 106w, http:\/\/www.koraltekki.hu\/wp-content\/uploads\/2018\/05\/advert2018generalBiograd.jpg 1240w\" sizes=\"(max-width: 612px) 100vw, 612px\" \/><\/a><\/p>\n<p>&nbsp;<\/p>\n<p>&nbsp;<\/p>\n<p>&nbsp;<\/p>\n<p>&nbsp;<\/p>\n<p>&nbsp;<\/p>\n<p>&nbsp;<\/p>\n<p>&nbsp;<\/p>\n<p>&nbsp;<\/p>\n<p>&nbsp;<\/p>\n<p>&nbsp;<\/p>\n<p>&nbsp;<\/p>\n<p>&nbsp;<\/p>\n<p>&nbsp;<\/p>\n<p>&nbsp;<\/p>\n<p>&nbsp;<\/p>\n<p>&nbsp;<\/p>\n<p>&nbsp;<\/p>\n<p>&nbsp;<\/p>\n<p><a href=\"http:\/\/www.koraltekki.hu\/wp-content\/uploads\/2018\/05\/advert2018faktrip.jpg\"><img loading=\"lazy\" class=\"wp-image-1862 alignnone\" src=\"http:\/\/www.koraltekki.hu\/wp-content\/uploads\/2018\/05\/advert2018faktrip-212x300.jpg\" alt=\"\" width=\"607\" height=\"859\" srcset=\"http:\/\/www.koraltekki.hu\/wp-content\/uploads\/2018\/05\/advert2018faktrip-212x300.jpg 212w, http:\/\/www.koraltekki.hu\/wp-content\/uploads\/2018\/05\/advert2018faktrip-768x1086.jpg 768w, http:\/\/www.koraltekki.hu\/wp-content\/uploads\/2018\/05\/advert2018faktrip-724x1024.jpg 724w, http:\/\/www.koraltekki.hu\/wp-content\/uploads\/2018\/05\/advert2018faktrip-106x150.jpg 106w, http:\/\/www.koraltekki.hu\/wp-content\/uploads\/2018\/05\/advert2018faktrip.jpg 1240w\" sizes=\"(max-width: 607px) 100vw, 607px\" \/><\/a><\/p>\n","protected":false},"excerpt":{"rendered":"<p>Ha Biograd na moru v\u00e1ros\u00e1ban t\u00f6lti\/tervezi\u00a0 nyaral\u00e1s\u00e1t csal\u00e1dj\u00e1val, ismer\u0151seivel, bar\u00e1taival, akkor hasznos lehet az info vonalunk. Szeptember &#8211; m\u00e1jus : Mobile: +3630 414 7920 J\u00fanius &#8211; Szeptember Mobile: + 385 91 72 546 Eg\u00e9sz \u00e9vben:\u00a0 E-mail: krizsanandras@gmail.com Facebook :\u00a0\u00a0https:\/\/www.facebook.com\/Nanurlelke Ha inform\u00e1ci\u00f3ra, segits\u00e9gre van sz\u00fcks\u00e9ge, csak egy hiv\u00e1s \u00e9s m\u00e1ris segit\u00fcnk: \u2026 <a href=\"http:\/\/www.koraltekki.hu\/?page_id=1746\"> Continue reading <span class=\"meta-nav\">&rarr; <\/span><\/a><\/p>\n","protected":false},"author":1,"featured_media":0,"parent":0,"menu_order":0,"comment_status":"closed","ping_status":"closed","template":"","meta":[],"_links":{"self":[{"href":"http:\/\/www.koraltekki.hu\/index.php?rest_route=\/wp\/v2\/pages\/1746"}],"collection":[{"href":"http:\/\/www.koraltekki.hu\/index.php?rest_route=\/wp\/v2\/pages"}],"about":[{"href":"http:\/\/www.koraltekki.hu\/index.php?rest_route=\/wp\/v2\/types\/page"}],"author":[{"embeddable":true,"href":"http:\/\/www.koraltekki.hu\/index.php?rest_route=\/wp\/v2\/users\/1"}],"replies":[{"embeddable":true,"href":"http:\/\/www.koraltekki.hu\/index.php?rest_route=%2Fwp%2Fv2%2Fcomments&post=1746"}],"version-history":[{"count":15,"href":"http:\/\/www.koraltekki.hu\/index.php?rest_route=\/wp\/v2\/pages\/1746\/revisions"}],"predecessor-version":[{"id":2267,"href":"http:\/\/www.koraltekki.hu\/index.php?rest_route=\/wp\/v2\/pages\/1746\/revisions\/2267"}],"wp:attachment":[{"href":"http:\/\/www.koraltekki.hu\/index.php?rest_route=%2Fwp%2Fv2%2Fmedia&parent=1746"}],"curies":[{"name":"wp","href":"https:\/\/api.w.org\/{rel}","templated":true}]}}