{"id":178,"date":"2015-01-24T19:45:52","date_gmt":"2015-01-24T19:45:52","guid":{"rendered":"http:\/\/www.koraltekki.hu\/?page_id=178"},"modified":"2016-04-21T20:03:14","modified_gmt":"2016-04-21T20:03:14","slug":"gyermek-children-tanfolyam","status":"publish","type":"page","link":"http:\/\/www.koraltekki.hu\/?page_id=178","title":{"rendered":"Gyermek (Children)"},"content":{"rendered":"<p><strong>CMAS Gyermekb\u00fav\u00e1r\u00a0 (Children\u00a0 Diver)\u00a0 b\u00fav\u00e1rtanfolyamok<\/strong><\/p>\n<p>A CMAS Gyermekb\u00fav\u00e1r tanfolyam c\u00e9lja,, hogy a gyermek sz\u00fcl\u0151i enged\u00e9ly alapj\u00e1n, a sz\u00fcl\u0151t\u0151l f\u00fcggetlen\u00fcl, szakfel\u00fcgyelet mellett b\u00fav\u00e1rkodhasson.<\/p>\n<p>14 \u00e9vn\u00e9l\u00a0 fiatalabb gyermekeket csak\u00a0 (CHILDREN\u00a0 DIVER Instructor) rendelkez\u0151 Oktat\u00f3 oktathat \u00e9s mer\u00fcltethet.<br \/>\n<strong><em>Tanfolyam fel\u00e9p\u00edt\u00e9se:<br \/>\n<\/em><\/strong><br \/>\n&#8211; elm\u00e9leti oktat\u00e1s<br \/>\n&#8211; uszodai oktat\u00e1s<br \/>\n&#8211; ny\u00edltvizi oktat\u00f3 mer\u00fcl\u00e9sek (lehet hazai t\u00f3 vagy tenger is)<br \/>\n<strong><em>R\u00e9szv\u00e9teli felt\u00e9tel:<br \/>\n<\/em><\/strong><br \/>\n&#8211; bet\u00f6lt\u00f6tt 8\/10\u00a0 \u00e9let\u00e9v<br \/>\n&#8211; orvosi alkalmass\u00e1g<br \/>\n&#8211; sz\u00fcl\u0151i beleegyez\u00e9s<\/p>\n<p><strong><em>A\u00a0 tanfolyamd\u00edj mag\u00e1ban foglalja:<\/em><\/strong><\/p>\n<p>&#8211; elm\u00e9leti oktat\u00e1st, jegyzeteket<br \/>\n&#8211; uszodai oktat\u00e1st (felszerel\u00e9st, t\u00f6lt\u00e9ssel, bel\u00e9p\u0151vel\u00a0 egy\u00fctt)<br \/>\n&#8211; 4 oktat\u00f3+1 vizsgamer\u00fcl\u00e9st (belf\u00f6ldi vizsga eset\u00e9n a felszerel\u00e9st, t\u00f6lt\u00e9st)<\/p>\n<p><strong><em>Nem tartalmazza:<\/em><\/strong><\/p>\n<p>&#8211; sz\u00e1ll\u00e1st<br \/>\n&#8211;\u00a0 utaz\u00e1st<br \/>\n&#8211;\u00a0 k\u00fclf\u00f6ldi mer\u00fcl\u00e9sek \u00e9s vizsga k\u00f6lts\u00e9geit<br \/>\n&#8211;\u00a0 nemzetk\u00f6zi regisztr\u00e1ci\u00f3 d\u00edj\u00e1t<\/p>\n<p>A b\u00fav\u00e1roktat\u00f3nak \u201eGyermekb\u00fav\u00e1r\u201d szakb\u00fav\u00e1r oktat\u00f3i min\u00f5s\u00edt\u00e9ssel kell rendelkeznie<\/p>\n<p>K\u00e9r\u00e9sre a tanfolyami mer\u00fcl\u00e9sekr\u0151l professzion\u00e1lis szinvonal\u00fa filmet k\u00e9sz\u00edt\u00fcnk, melyet DVD-n \u00e1tadunk a tanfolyam r\u00e9sztvev\u0151inek.<\/p>\n<p><img loading=\"lazy\" class=\"  wp-image-1351 alignleft\" src=\"http:\/\/www.koraltekki.hu\/wp-content\/uploads\/2016\/04\/channel-diver-2440-300x206.jpg\" alt=\"channel-diver-2440\" width=\"833\" height=\"572\" srcset=\"http:\/\/www.koraltekki.hu\/wp-content\/uploads\/2016\/04\/channel-diver-2440-300x206.jpg 300w, http:\/\/www.koraltekki.hu\/wp-content\/uploads\/2016\/04\/channel-diver-2440-218x150.jpg 218w, http:\/\/www.koraltekki.hu\/wp-content\/uploads\/2016\/04\/channel-diver-2440-150x103.jpg 150w, http:\/\/www.koraltekki.hu\/wp-content\/uploads\/2016\/04\/channel-diver-2440.jpg 800w\" sizes=\"(max-width: 833px) 100vw, 833px\" \/><\/p>\n","protected":false},"excerpt":{"rendered":"<p>CMAS Gyermekb\u00fav\u00e1r\u00a0 (Children\u00a0 Diver)\u00a0 b\u00fav\u00e1rtanfolyamok A CMAS Gyermekb\u00fav\u00e1r tanfolyam c\u00e9lja,, hogy a gyermek sz\u00fcl\u0151i enged\u00e9ly alapj\u00e1n, a sz\u00fcl\u0151t\u0151l f\u00fcggetlen\u00fcl, szakfel\u00fcgyelet mellett b\u00fav\u00e1rkodhasson. 14 \u00e9vn\u00e9l\u00a0 fiatalabb gyermekeket csak\u00a0 (CHILDREN\u00a0 DIVER Instructor) rendelkez\u0151 Oktat\u00f3 oktathat \u00e9s mer\u00fcltethet. Tanfolyam fel\u00e9p\u00edt\u00e9se: &#8211; elm\u00e9leti oktat\u00e1s &#8211; uszodai oktat\u00e1s &#8211; ny\u00edltvizi oktat\u00f3 mer\u00fcl\u00e9sek (lehet hazai t\u00f3 \u2026 <a href=\"http:\/\/www.koraltekki.hu\/?page_id=178\"> Continue reading <span class=\"meta-nav\">&rarr; <\/span><\/a><\/p>\n","protected":false},"author":1,"featured_media":0,"parent":0,"menu_order":0,"comment_status":"closed","ping_status":"open","template":"","meta":[],"_links":{"self":[{"href":"http:\/\/www.koraltekki.hu\/index.php?rest_route=\/wp\/v2\/pages\/178"}],"collection":[{"href":"http:\/\/www.koraltekki.hu\/index.php?rest_route=\/wp\/v2\/pages"}],"about":[{"href":"http:\/\/www.koraltekki.hu\/index.php?rest_route=\/wp\/v2\/types\/page"}],"author":[{"embeddable":true,"href":"http:\/\/www.koraltekki.hu\/index.php?rest_route=\/wp\/v2\/users\/1"}],"replies":[{"embeddable":true,"href":"http:\/\/www.koraltekki.hu\/index.php?rest_route=%2Fwp%2Fv2%2Fcomments&post=178"}],"version-history":[{"count":5,"href":"http:\/\/www.koraltekki.hu\/index.php?rest_route=\/wp\/v2\/pages\/178\/revisions"}],"predecessor-version":[{"id":1352,"href":"http:\/\/www.koraltekki.hu\/index.php?rest_route=\/wp\/v2\/pages\/178\/revisions\/1352"}],"wp:attachment":[{"href":"http:\/\/www.koraltekki.hu\/index.php?rest_route=%2Fwp%2Fv2%2Fmedia&parent=178"}],"curies":[{"name":"wp","href":"https:\/\/api.w.org\/{rel}","templated":true}]}}