{"id":187,"date":"2015-01-24T19:54:58","date_gmt":"2015-01-24T19:54:58","guid":{"rendered":"http:\/\/www.koraltekki.hu\/?page_id=187"},"modified":"2015-01-29T18:32:24","modified_gmt":"2015-01-29T18:32:24","slug":"nitrox-tanfolyam","status":"publish","type":"page","link":"http:\/\/www.koraltekki.hu\/?page_id=187","title":{"rendered":"Nitrox tanfolyam"},"content":{"rendered":"<p><strong>CMAS NITROX DIVER &#8211; Nitrox b\u00fav\u00e1r<br \/>\n<\/strong><br \/>\nA tanfolyam sor\u00e1n a jel\u00f6lt elsaj\u00e1titja a NITROX \/d\u00fas\u00edtott leveg\u00f5\/ haszn\u00e1lat\u00e1t, amely biztons\u00e1gosabb\u00e1 \u00e9s \u00e9lvezhet\u00f5bb\u00e9 teszi a mer\u00fcl\u00e9seket az\u00e1ltal, hogy a bel\u00e9legzett g\u00e1zban az oxig\u00e9n ar\u00e1nya magasabb \u00e9s a nitrog\u00e9ny ar\u00e1ny alacsonyabb.\u00a0\u00a0\u00a0 A NITROX oxig\u00e9ntartalma\u00a0\u00a0 21-40 % k\u00f6z\u00f6tt lehet.<br \/>\nA Nitrox nem m\u00e9lymer\u00fcl\u0151 g\u00e1z, hanem biztons\u00e1gosabb \u00e9s kev\u00e9ss\u00e9 megterhel\u00f5 mer\u00fcl\u00e9sek l\u00e9gz\u00f5g\u00e1za.<\/p>\n<p><strong>Anyaga:<\/strong><\/p>\n<p>&#8211; nitrox t\u00f6rt\u00e9nelem<br \/>\n&#8211; a nitrox\u00a0 \u00e9lettani hat\u00e1sai<br \/>\n&#8211; nitroxos mer\u00fcl\u00e9s tervez\u00e9s ( t\u00e1bl\u00e1zattal, computerrel )<br \/>\n&#8211; felszerel\u00e9s ismeretek<br \/>\n&#8211; g\u00e1zkever\u00e9s m\u00f3dszerei<br \/>\n&#8211; g\u00e1zkever\u00e9k analiz\u00e1l\u00e1s elj\u00e1r\u00e1si szab\u00e1lyai<\/p>\n<p><strong>A tanfolyam fel\u00e9p\u00edt\u00e9se<\/strong><\/p>\n<p>&#8211; elm\u00e9leti oktat\u00e1s,<br \/>\n&#8211; k\u00e9t ny\u00edltv\u00edzi mer\u00fcl\u00e9s.<\/p>\n<p>A sikeres vizsg\u00e1t tett hallgat\u00f3k nemzetk\u00f6zi b\u00fav\u00e1r igazolv\u00e1nyt kapnak.<br \/>\nA min\u00f5s\u00edt\u00e9s feljogos\u00edt 21-40% k\u00f6z\u00f6tti Nitrox haszn\u00e1lat\u00e1ra<\/p>\n<p><strong>R\u00e9szv\u00e9teli felt\u00e9tel:<\/strong><\/p>\n<p>&#8211; minimum CMAS * vagy azzal egyen\u00e9rt\u00e9k\u0171 min\u0151sit\u00e9s megl\u00e9te<br \/>\n&#8211; minimum 25 mer\u00fcl\u00e9s,<br \/>\n&#8211; bet\u00f6lt\u00f6tt 14. \u00e9let\u00e9v,<br \/>\n&#8211; orvosi alkalmass\u00e1g,<br \/>\n&#8211; befizetett tanfolyamd\u00edj.<br \/>\n<strong><br \/>\nA\u00a0 tanfolyamd\u00edj tartalmazza:<\/strong><\/p>\n<p>&#8211; elm\u00e9leti oktat\u00e1st, jegyzeteket<br \/>\n&#8211; uszodai oktat\u00e1st (felszerel\u00e9st, t\u00f6lt\u00e9ssel, bel\u00e9p\u0151vel\u00a0 egy\u00fctt)<br \/>\n<strong>Nem tartalmazza:<\/strong><\/p>\n<p>&#8211; sz\u00e1ll\u00e1st,<br \/>\n&#8211;\u00a0 utaz\u00e1st,<br \/>\n&#8211;\u00a0 k\u00fclf\u00f6ldi mer\u00fcl\u00e9sek \u00e9s vizsga (NITROX g\u00e1z)\u00a0k\u00f6lts\u00e9geit ,<br \/>\n&#8211;\u00a0 nemzetk\u00f6zi regisztr\u00e1ci\u00f3 d\u00edj\u00e1t.<\/p>\n<p><a href=\"http:\/\/www.koraltekki.hu\/wp-content\/uploads\/2015\/01\/100_8780__1422555996_44424__1422555996_68687.jpg\"><img loading=\"lazy\" class=\"alignnone  wp-image-369\" src=\"http:\/\/www.koraltekki.hu\/wp-content\/uploads\/2015\/01\/100_8780__1422555996_44424__1422555996_68687-300x225.jpg\" alt=\"100_8780__1422555996_44424__1422555996_68687\" width=\"615\" height=\"461\" srcset=\"http:\/\/www.koraltekki.hu\/wp-content\/uploads\/2015\/01\/100_8780__1422555996_44424__1422555996_68687-300x225.jpg 300w, http:\/\/www.koraltekki.hu\/wp-content\/uploads\/2015\/01\/100_8780__1422555996_44424__1422555996_68687-1024x768.jpg 1024w\" sizes=\"(max-width: 615px) 100vw, 615px\" \/><\/a><\/p>\n<p>&nbsp;<\/p>\n<p>&nbsp;<\/p>\n","protected":false},"excerpt":{"rendered":"<p>CMAS NITROX DIVER &#8211; Nitrox b\u00fav\u00e1r A tanfolyam sor\u00e1n a jel\u00f6lt elsaj\u00e1titja a NITROX \/d\u00fas\u00edtott leveg\u00f5\/ haszn\u00e1lat\u00e1t, amely biztons\u00e1gosabb\u00e1 \u00e9s \u00e9lvezhet\u00f5bb\u00e9 teszi a mer\u00fcl\u00e9seket az\u00e1ltal, hogy a bel\u00e9legzett g\u00e1zban az oxig\u00e9n ar\u00e1nya magasabb \u00e9s a nitrog\u00e9ny ar\u00e1ny alacsonyabb.\u00a0\u00a0\u00a0 A NITROX oxig\u00e9ntartalma\u00a0\u00a0 21-40 % k\u00f6z\u00f6tt lehet. A Nitrox nem m\u00e9lymer\u00fcl\u0151 g\u00e1z, \u2026 <a href=\"http:\/\/www.koraltekki.hu\/?page_id=187\"> Continue reading <span class=\"meta-nav\">&rarr; <\/span><\/a><\/p>\n","protected":false},"author":1,"featured_media":0,"parent":0,"menu_order":0,"comment_status":"closed","ping_status":"open","template":"","meta":[],"_links":{"self":[{"href":"http:\/\/www.koraltekki.hu\/index.php?rest_route=\/wp\/v2\/pages\/187"}],"collection":[{"href":"http:\/\/www.koraltekki.hu\/index.php?rest_route=\/wp\/v2\/pages"}],"about":[{"href":"http:\/\/www.koraltekki.hu\/index.php?rest_route=\/wp\/v2\/types\/page"}],"author":[{"embeddable":true,"href":"http:\/\/www.koraltekki.hu\/index.php?rest_route=\/wp\/v2\/users\/1"}],"replies":[{"embeddable":true,"href":"http:\/\/www.koraltekki.hu\/index.php?rest_route=%2Fwp%2Fv2%2Fcomments&post=187"}],"version-history":[{"count":2,"href":"http:\/\/www.koraltekki.hu\/index.php?rest_route=\/wp\/v2\/pages\/187\/revisions"}],"predecessor-version":[{"id":370,"href":"http:\/\/www.koraltekki.hu\/index.php?rest_route=\/wp\/v2\/pages\/187\/revisions\/370"}],"wp:attachment":[{"href":"http:\/\/www.koraltekki.hu\/index.php?rest_route=%2Fwp%2Fv2%2Fmedia&parent=187"}],"curies":[{"name":"wp","href":"https:\/\/api.w.org\/{rel}","templated":true}]}}