{"id":190,"date":"2015-01-24T19:55:41","date_gmt":"2015-01-24T19:55:41","guid":{"rendered":"http:\/\/www.koraltekki.hu\/?page_id=190"},"modified":"2015-10-25T18:43:27","modified_gmt":"2015-10-25T18:43:27","slug":"melymerulodeep","status":"publish","type":"page","link":"http:\/\/www.koraltekki.hu\/?page_id=190","title":{"rendered":"M\u00e9lymer\u00fcl\u0151(Deep)"},"content":{"rendered":"<p><strong>M\u00e9lymer\u00fcl\u0151 b\u00fav\u00e1r\u00a0(Deep Diver)\u00a0tanfolyam<\/strong><br \/>\nMegismered a m\u00e9lymer\u00fcl\u00e9s speci\u00e1lis felszerel\u00e9seit, a mer\u00fcl\u00e9s tervez\u00e9s\u00e9t \u00e9s a nitrog\u00e9n nark\u00f3zis kezel\u00e9s\u00e9nek technik\u00e1it.<br \/>\nMa m\u00e1r egyre t\u00f6bb helyen csak ennek a tud\u00e1snak \u00e9s k\u00e1rty\u00e1nak a birtok\u00e1ban engednek 30m al\u00e1.<br \/>\nA min\u0151sit\u00e9s feljogos\u00edt s\u0171ritett leveg\u0151 haszn\u00e1lat\u00e1val az 56 m-ig t\u00f6rt\u00e9n\u0151 dekompresszi\u00f3s mer\u00fcl\u00e9sekre is.<\/p>\n<p><strong><em>Tanfolyam anyaga:<\/em><\/strong><br \/>\n&#8211; a halad\u00f3 (**) tanfolyam anyag\u00e1nak \u00e1tism\u00e9tl\u00e9se<br \/>\n(k\u00fcl\u00f6n\u00f6s tekintettel eg\u00e9szs\u00e9g\u00fcgyi ismeretekre, az \u00f6n- \u00e9s t\u00e1rsment\u00e9s k\u00e9rd\u00e9seire, a b\u00fav\u00e1r sz\u00e1mit\u00e1sokra \u00e9s a dekompresszi\u00f3s t\u00e1bl\u00e1zatok haszn\u00e1lat\u00e1ra valamint a szervez\u00e9si k\u00e9rd\u00e9sekre<br \/>\n&#8211; m\u00e9lymer\u00fcl\u00e9s elm\u00e9lete, dekompresszi\u00f3s technik\u00e1k<br \/>\n&#8211; a m\u00e9lymer\u00fcl\u00e9s \u00e9lettani hat\u00e1sai a b\u00fav\u00e1rra<br \/>\n&#8211; a m\u00e9lymer\u00fcl\u00e9s felszerel\u00e9si t\u00e1rgyai ismerete \u00e9s\u00a0 azok haszn\u00e1lata<br \/>\nA m\u00e9lymer\u00fcl\u00e9s tervez\u00e9se, szervez\u00e9se \u00e9s v\u00e9grehajt\u00e1sa<br \/>\n&#8211; uszodai \u00e9s ny\u00edltv\u00edzi (tavi\/tengeri) mer\u00fcl\u00e9sek.<\/p>\n<p><strong><em>Tanfolyam fel\u00e9p\u00edt\u00e9se:<\/em><\/strong><\/p>\n<p>&#8211; elm\u00e9leti oktat\u00e1s<br \/>\n&#8211; uszodai oktat\u00e1s<br \/>\n&#8211; ny\u00edltv\u00edzi mer\u00fcl\u00e9sek(gyakorl\u00f3, m\u00e9ly \u00e9s dekompresszi\u00f3s)<br \/>\n<strong><em>R\u00e9szv\u00e9teli felt\u00e9tel:<\/em><\/strong><\/p>\n<p>&#8211; bet\u00f6lt\u00f6tt 15. \u00e9let\u00e9v,<br \/>\n&#8211; CMAS ** vagy megfelel\u0151 min\u0151s\u00edt\u00e9s,<br \/>\n&#8211; minimum 40 ny\u00edltvizi mer\u00fcl\u00e9s<br \/>\n&#8211; orvosi alkalmass\u00e1g,<br \/>\n&#8211; befizetett tanfolyamd\u00edj.<\/p>\n<p><strong>A tanfolyamd\u00edj tartalmazza:<\/strong><\/p>\n<p>&#8211;\u00a0 elm\u00e9leti oktat\u00e1st, jegyzeteket<br \/>\n&#8211;\u00a0 uszodai oktat\u00e1st<br \/>\n&#8211;\u00a0 ny\u00edltviz mer\u00fcl\u00e9seket (belf\u00f6ldi vizsga eset\u00e9n)<br \/>\n<strong><em>Nem tartalmazza:<\/em><\/strong><\/p>\n<p>&#8211; sz\u00e1ll\u00e1st,<br \/>\n&#8211;\u00a0 utaz\u00e1st,<br \/>\n&#8211;\u00a0 k\u00fclf\u00f6ldi mer\u00fcl\u00e9sek \u00e9s vizsga k\u00f6lts\u00e9geit ,<br \/>\n&#8211;\u00a0 nemzetk\u00f6zi regisztr\u00e1ci\u00f3 d\u00edj\u00e1t.<br \/>\n<em><strong>K\u00e9r\u00e9sre a tanfolyami mer\u00fcl\u00e9sekr\u0151l professzion\u00e1lis szinvonal\u00fa filmet k\u00e9sz\u00edt\u00fcnk, melyet DVD-n \u00e1tadunk a tanfolyam r\u00e9sztvev\u0151inek.<br \/>\n<\/strong><\/em><\/p>\n<p><a href=\"http:\/\/www.koraltekki.hu\/wp-content\/uploads\/2015\/10\/IMG_3119.jpg\"><img loading=\"lazy\" class=\"aligncenter  wp-image-1102\" src=\"http:\/\/www.koraltekki.hu\/wp-content\/uploads\/2015\/10\/IMG_3119-300x200.jpg\" alt=\"IMG_3119\" width=\"895\" height=\"596\" srcset=\"http:\/\/www.koraltekki.hu\/wp-content\/uploads\/2015\/10\/IMG_3119-300x200.jpg 300w, http:\/\/www.koraltekki.hu\/wp-content\/uploads\/2015\/10\/IMG_3119-1024x683.jpg 1024w, http:\/\/www.koraltekki.hu\/wp-content\/uploads\/2015\/10\/IMG_3119-225x150.jpg 225w, http:\/\/www.koraltekki.hu\/wp-content\/uploads\/2015\/10\/IMG_3119-150x100.jpg 150w, http:\/\/www.koraltekki.hu\/wp-content\/uploads\/2015\/10\/IMG_3119.jpg 1200w\" sizes=\"(max-width: 895px) 100vw, 895px\" \/><\/a><\/p>\n","protected":false},"excerpt":{"rendered":"<p>M\u00e9lymer\u00fcl\u0151 b\u00fav\u00e1r\u00a0(Deep Diver)\u00a0tanfolyam Megismered a m\u00e9lymer\u00fcl\u00e9s speci\u00e1lis felszerel\u00e9seit, a mer\u00fcl\u00e9s tervez\u00e9s\u00e9t \u00e9s a nitrog\u00e9n nark\u00f3zis kezel\u00e9s\u00e9nek technik\u00e1it. Ma m\u00e1r egyre t\u00f6bb helyen csak ennek a tud\u00e1snak \u00e9s k\u00e1rty\u00e1nak a birtok\u00e1ban engednek 30m al\u00e1. A min\u0151sit\u00e9s feljogos\u00edt s\u0171ritett leveg\u0151 haszn\u00e1lat\u00e1val az 56 m-ig t\u00f6rt\u00e9n\u0151 dekompresszi\u00f3s mer\u00fcl\u00e9sekre is. Tanfolyam anyaga: &#8211; a \u2026 <a href=\"http:\/\/www.koraltekki.hu\/?page_id=190\"> Continue reading <span class=\"meta-nav\">&rarr; <\/span><\/a><\/p>\n","protected":false},"author":1,"featured_media":0,"parent":0,"menu_order":0,"comment_status":"closed","ping_status":"open","template":"","meta":[],"_links":{"self":[{"href":"http:\/\/www.koraltekki.hu\/index.php?rest_route=\/wp\/v2\/pages\/190"}],"collection":[{"href":"http:\/\/www.koraltekki.hu\/index.php?rest_route=\/wp\/v2\/pages"}],"about":[{"href":"http:\/\/www.koraltekki.hu\/index.php?rest_route=\/wp\/v2\/types\/page"}],"author":[{"embeddable":true,"href":"http:\/\/www.koraltekki.hu\/index.php?rest_route=\/wp\/v2\/users\/1"}],"replies":[{"embeddable":true,"href":"http:\/\/www.koraltekki.hu\/index.php?rest_route=%2Fwp%2Fv2%2Fcomments&post=190"}],"version-history":[{"count":2,"href":"http:\/\/www.koraltekki.hu\/index.php?rest_route=\/wp\/v2\/pages\/190\/revisions"}],"predecessor-version":[{"id":1119,"href":"http:\/\/www.koraltekki.hu\/index.php?rest_route=\/wp\/v2\/pages\/190\/revisions\/1119"}],"wp:attachment":[{"href":"http:\/\/www.koraltekki.hu\/index.php?rest_route=%2Fwp%2Fv2%2Fmedia&parent=190"}],"curies":[{"name":"wp","href":"https:\/\/api.w.org\/{rel}","templated":true}]}}