{"id":194,"date":"2015-01-24T19:56:37","date_gmt":"2015-01-24T19:56:37","guid":{"rendered":"http:\/\/www.koraltekki.hu\/?page_id=194"},"modified":"2015-10-25T18:40:47","modified_gmt":"2015-10-25T18:40:47","slug":"szarazruhas","status":"publish","type":"page","link":"http:\/\/www.koraltekki.hu\/?page_id=194","title":{"rendered":"Sz\u00e1razruh\u00e1s"},"content":{"rendered":"<p><strong>Sz\u00e1razruh\u00e1s (Dry Suit)\u00a0 szakb\u00fav\u00e1r<br \/>\n<\/strong><br \/>\nA sz\u00e1raz ruh\u00e1k kit\u0171n\u0151 h\u0151szigetel\u0151 k\u00e9pess\u00e9g\u00e9nek k\u00f6sz\u00f6nhet\u0151en, t\u00f6bb helyen tudsz mer\u00fclni, t\u00f6bbsz\u00f6r, ak\u00e1r a hidegebb h\u00f3napokban is.<br \/>\nA z\u00e1rt ruh\u00e1k h\u0151szigetel\u0151 k\u00e9pess\u00e9ge nem cs\u00f6kken a m\u00e9lys\u00e9g n\u00f6veked\u00e9s\u00e9vel, ezzel kisebb a hipothermia kialakul\u00e1s\u00e1nak vesz\u00e9lye hosszabb, m\u00e9lyebb mer\u00fcl\u00e9sekn\u00e9l is.<br \/>\nAhhoz, hogy a sz\u00e1raz ruh\u00e1k meleg\u00e9t biztons\u00e1gosan \u00e9lvezni tudd a v\u00edz alatt, meg kell tanulnod azokat a speci\u00e1lis fog\u00e1sokat, elj\u00e1r\u00e1sokat, amelyek a m\u00e1r j\u00f3l ismert nedves ruh\u00e1hoz nem sz\u00fcks\u00e9gesek.<\/p>\n<p><strong><em>Tanfolyam anyaga:<\/em><\/strong><\/p>\n<p>&#8211;\u00a0 a\u00a0 2*-os b\u00fav\u00e1rtanfolyam tananyag\u00e1nak \u00e1ttekint\u00e9se<br \/>\n&#8211;\u00a0 k\u00fcl\u00f6nf\u00e9le z\u00e1rtruh\u00e1k ismertet\u00e9se, fel\u00e9pit\u00e9se, szerkezete<br \/>\n&#8211; a b\u00fav\u00e1r stabilit\u00e1sa, \u00faszhat\u00f3s\u00e1ga<br \/>\n&#8211; sz\u00e1razruh\u00e1s b\u00fav\u00e1r ment\u00e9se, els\u0151seg\u00e9lynyujt\u00e1s, speci\u00e1lis probl\u00e9m\u00e1k<br \/>\n<strong><em>Tanfolyam fel\u00e9p\u00edt\u00e9se:<\/em><\/strong><\/p>\n<p>&#8211; elm\u00e9leti oktat\u00e1s \u00a0(1 nap)<br \/>\n&#8211; uszodai oktat\u00e1s \u00a0 (1 nap)<br \/>\n&#8211; ny\u00edltv\u00edzi mer\u00fcl\u00e9sek (minimum 2 mer\u00fcl\u00e9s)<br \/>\n<strong><em>R\u00e9szv\u00e9teli felt\u00e9tel:<\/em><\/strong><\/p>\n<p>&#8211; bet\u00f6lt\u00f6tt 15. \u00e9let\u00e9v,<br \/>\n&#8211; CMAS ** vagy megfelel\u0151 min\u0151s\u00edt\u00e9s,<br \/>\n&#8211; minimum 40 ny\u00edltvizi mer\u00fcl\u00e9s<br \/>\n&#8211; orvosi alkalmass\u00e1g,<br \/>\n&#8211; befizetett tanfolyamd\u00edj.<\/p>\n<p>&nbsp;<\/p>\n<p><strong><em>A\u00a0 tanfolyamd\u00edj tartalmazza:<\/em><\/strong><\/p>\n<p>&#8211;\u00a0 elm\u00e9leti oktat\u00e1st, jegyzeteket<br \/>\n&#8211;\u00a0 uszodai oktat\u00e1st<br \/>\n&#8211;\u00a0 ny\u00edltviz mer\u00fcl\u00e9seket<\/p>\n<p><strong><em>Nem tartalmazza:<\/em><\/strong><\/p>\n<p>&#8211; sz\u00e1ll\u00e1st,<br \/>\n&#8211;\u00a0 utaz\u00e1st,<br \/>\n&#8211;\u00a0 k\u00fclf\u00f6ldi mer\u00fcl\u00e9sek \u00e9s vizsga k\u00f6lts\u00e9geit ,<br \/>\n&#8211;\u00a0 nemzetk\u00f6zi regisztr\u00e1ci\u00f3 d\u00edj\u00e1t.<br \/>\n<strong><em>K\u00e9r\u00e9sre a tanfolyami mer\u00fcl\u00e9sekr\u0151l professzion\u00e1lis szinvonal\u00fa filmet k\u00e9sz\u00edt\u00fcnk, melyet DVD-n \u00e1tadunk a tanfolyam r\u00e9sztvev\u0151inek.<\/em><\/strong><\/p>\n<p><a href=\"http:\/\/www.koraltekki.hu\/wp-content\/uploads\/2015\/10\/IMG_3153.jpg\"><img loading=\"lazy\" class=\"aligncenter  wp-image-1091\" src=\"http:\/\/www.koraltekki.hu\/wp-content\/uploads\/2015\/10\/IMG_3153-300x200.jpg\" alt=\"IMG_3153\" width=\"891\" height=\"594\" srcset=\"http:\/\/www.koraltekki.hu\/wp-content\/uploads\/2015\/10\/IMG_3153-300x200.jpg 300w, http:\/\/www.koraltekki.hu\/wp-content\/uploads\/2015\/10\/IMG_3153-1024x683.jpg 1024w, http:\/\/www.koraltekki.hu\/wp-content\/uploads\/2015\/10\/IMG_3153-225x150.jpg 225w, http:\/\/www.koraltekki.hu\/wp-content\/uploads\/2015\/10\/IMG_3153-150x100.jpg 150w, http:\/\/www.koraltekki.hu\/wp-content\/uploads\/2015\/10\/IMG_3153.jpg 1200w\" sizes=\"(max-width: 891px) 100vw, 891px\" \/><\/a><\/p>\n","protected":false},"excerpt":{"rendered":"<p>Sz\u00e1razruh\u00e1s (Dry Suit)\u00a0 szakb\u00fav\u00e1r A sz\u00e1raz ruh\u00e1k kit\u0171n\u0151 h\u0151szigetel\u0151 k\u00e9pess\u00e9g\u00e9nek k\u00f6sz\u00f6nhet\u0151en, t\u00f6bb helyen tudsz mer\u00fclni, t\u00f6bbsz\u00f6r, ak\u00e1r a hidegebb h\u00f3napokban is. A z\u00e1rt ruh\u00e1k h\u0151szigetel\u0151 k\u00e9pess\u00e9ge nem cs\u00f6kken a m\u00e9lys\u00e9g n\u00f6veked\u00e9s\u00e9vel, ezzel kisebb a hipothermia kialakul\u00e1s\u00e1nak vesz\u00e9lye hosszabb, m\u00e9lyebb mer\u00fcl\u00e9sekn\u00e9l is. Ahhoz, hogy a sz\u00e1raz ruh\u00e1k meleg\u00e9t biztons\u00e1gosan \u00e9lvezni tudd \u2026 <a href=\"http:\/\/www.koraltekki.hu\/?page_id=194\"> Continue reading <span class=\"meta-nav\">&rarr; <\/span><\/a><\/p>\n","protected":false},"author":1,"featured_media":0,"parent":0,"menu_order":0,"comment_status":"closed","ping_status":"open","template":"","meta":[],"_links":{"self":[{"href":"http:\/\/www.koraltekki.hu\/index.php?rest_route=\/wp\/v2\/pages\/194"}],"collection":[{"href":"http:\/\/www.koraltekki.hu\/index.php?rest_route=\/wp\/v2\/pages"}],"about":[{"href":"http:\/\/www.koraltekki.hu\/index.php?rest_route=\/wp\/v2\/types\/page"}],"author":[{"embeddable":true,"href":"http:\/\/www.koraltekki.hu\/index.php?rest_route=\/wp\/v2\/users\/1"}],"replies":[{"embeddable":true,"href":"http:\/\/www.koraltekki.hu\/index.php?rest_route=%2Fwp%2Fv2%2Fcomments&post=194"}],"version-history":[{"count":3,"href":"http:\/\/www.koraltekki.hu\/index.php?rest_route=\/wp\/v2\/pages\/194\/revisions"}],"predecessor-version":[{"id":1118,"href":"http:\/\/www.koraltekki.hu\/index.php?rest_route=\/wp\/v2\/pages\/194\/revisions\/1118"}],"wp:attachment":[{"href":"http:\/\/www.koraltekki.hu\/index.php?rest_route=%2Fwp%2Fv2%2Fmedia&parent=194"}],"curies":[{"name":"wp","href":"https:\/\/api.w.org\/{rel}","templated":true}]}}