{"id":1940,"date":"2018-11-15T15:20:21","date_gmt":"2018-11-15T15:20:21","guid":{"rendered":"http:\/\/www.koraltekki.hu\/?page_id=1940"},"modified":"2018-11-16T17:18:56","modified_gmt":"2018-11-16T17:18:56","slug":"sajat-szervezesben","status":"publish","type":"page","link":"http:\/\/www.koraltekki.hu\/?page_id=1940","title":{"rendered":"Saj\u00e1t szervez\u00e9sben"},"content":{"rendered":"<p>A Biograd na moru v\u00e1ros\u00e1ban nyaralni sz\u00e1nd\u00e9koz\u00f3k sz\u00e1m\u00e1ra &#8211; ig\u00e9ny eset\u00e9n &#8211;\u00a0 k\u00e9t \u00fatvonalat javaslunk:<\/p>\n<p>A. Ez az \u00fatvonal v\u00e9gig aut\u00f3p\u00e1ly\u00e1n val\u00f3 utaz\u00e1st biztos\u00edt. F\u0151szezonban lehetnek torl\u00f3d\u00e1sok, de alapj\u00e1ban v\u00e9ve j\u00f3 halad\u00e1s adott.<\/p>\n<p>B. Karlovacig (K\u00e1rolyv\u00e1ros) aut\u00f3p\u00e1lya, majd ut\u00e1na j\u00f3 min\u0151s\u00e9g\u0171 f\u0151utvonal a Plitvivei tavak ir\u00e1ny\u00e1ba.<\/p>\n<p>Fest\u0151i \u00fatvonal\u00a0 j\u00f3l lehet haladni rajta<\/p>\n<p>Aut\u00f3p\u00e1lya dijak:<\/p>\n<p>Letenye (Gorican) &#8211; Zagrab (SV Helena) 47 \/ 44 HRK<br \/>\nZagrab &#8211; Karlovac (Plitvicei tavak ir\u00e1nya) 21 \/ 19 HRK<br \/>\nZagrab &#8211; Biograd na moru 148 \/ 133 HRK<\/p>\n<p>&nbsp;<\/p>\n<p><a href=\"http:\/\/www.koraltekki.hu\/wp-content\/uploads\/2018\/11\/2018-09-17-2128.jpg\"><img loading=\"lazy\" class=\"wp-image-1969 alignleft\" src=\"http:\/\/www.koraltekki.hu\/wp-content\/uploads\/2018\/11\/2018-09-17-2128-169x300.jpg\" alt=\"\" width=\"367\" height=\"651\" srcset=\"http:\/\/www.koraltekki.hu\/wp-content\/uploads\/2018\/11\/2018-09-17-2128-169x300.jpg 169w, http:\/\/www.koraltekki.hu\/wp-content\/uploads\/2018\/11\/2018-09-17-2128-768x1365.jpg 768w, http:\/\/www.koraltekki.hu\/wp-content\/uploads\/2018\/11\/2018-09-17-2128-576x1024.jpg 576w, http:\/\/www.koraltekki.hu\/wp-content\/uploads\/2018\/11\/2018-09-17-2128-84x150.jpg 84w\" sizes=\"(max-width: 367px) 100vw, 367px\" \/><\/a><\/p>\n<p><a href=\"http:\/\/www.koraltekki.hu\/wp-content\/uploads\/2018\/11\/2018-09-17-2121.jpg\"><img loading=\"lazy\" class=\"wp-image-1964 alignleft\" src=\"http:\/\/www.koraltekki.hu\/wp-content\/uploads\/2018\/11\/2018-09-17-2121-169x300.jpg\" alt=\"\" width=\"368\" height=\"653\" srcset=\"http:\/\/www.koraltekki.hu\/wp-content\/uploads\/2018\/11\/2018-09-17-2121-169x300.jpg 169w, http:\/\/www.koraltekki.hu\/wp-content\/uploads\/2018\/11\/2018-09-17-2121-768x1365.jpg 768w, http:\/\/www.koraltekki.hu\/wp-content\/uploads\/2018\/11\/2018-09-17-2121-576x1024.jpg 576w, http:\/\/www.koraltekki.hu\/wp-content\/uploads\/2018\/11\/2018-09-17-2121-84x150.jpg 84w\" sizes=\"(max-width: 368px) 100vw, 368px\" \/><\/a><\/p>\n<p>&nbsp;<\/p>\n<p><a href=\"http:\/\/www.koraltekki.hu\/wp-content\/uploads\/2018\/11\/bpbiograd.jpg\"><img loading=\"lazy\" class=\" wp-image-1959 alignleft\" src=\"http:\/\/www.koraltekki.hu\/wp-content\/uploads\/2018\/11\/bpbiograd-169x300.jpg\" alt=\"\" width=\"366\" height=\"649\" srcset=\"http:\/\/www.koraltekki.hu\/wp-content\/uploads\/2018\/11\/bpbiograd-169x300.jpg 169w, http:\/\/www.koraltekki.hu\/wp-content\/uploads\/2018\/11\/bpbiograd-84x150.jpg 84w\" sizes=\"(max-width: 366px) 100vw, 366px\" \/><\/a><img loading=\"lazy\" class=\" wp-image-1963 alignleft\" src=\"http:\/\/www.koraltekki.hu\/wp-content\/uploads\/2018\/11\/2018-09-17-2177-169x300.jpg\" alt=\"\" width=\"373\" height=\"663\" srcset=\"http:\/\/www.koraltekki.hu\/wp-content\/uploads\/2018\/11\/2018-09-17-2177-169x300.jpg 169w, http:\/\/www.koraltekki.hu\/wp-content\/uploads\/2018\/11\/2018-09-17-2177-768x1365.jpg 768w, http:\/\/www.koraltekki.hu\/wp-content\/uploads\/2018\/11\/2018-09-17-2177-576x1024.jpg 576w, http:\/\/www.koraltekki.hu\/wp-content\/uploads\/2018\/11\/2018-09-17-2177-84x150.jpg 84w\" sizes=\"(max-width: 373px) 100vw, 373px\" \/><\/p>\n","protected":false},"excerpt":{"rendered":"<p>A Biograd na moru v\u00e1ros\u00e1ban nyaralni sz\u00e1nd\u00e9koz\u00f3k sz\u00e1m\u00e1ra &#8211; ig\u00e9ny eset\u00e9n &#8211;\u00a0 k\u00e9t \u00fatvonalat javaslunk: A. Ez az \u00fatvonal v\u00e9gig aut\u00f3p\u00e1ly\u00e1n val\u00f3 utaz\u00e1st biztos\u00edt. F\u0151szezonban lehetnek torl\u00f3d\u00e1sok, de alapj\u00e1ban v\u00e9ve j\u00f3 halad\u00e1s adott. B. Karlovacig (K\u00e1rolyv\u00e1ros) aut\u00f3p\u00e1lya, majd ut\u00e1na j\u00f3 min\u0151s\u00e9g\u0171 f\u0151utvonal a Plitvivei tavak ir\u00e1ny\u00e1ba. Fest\u0151i \u00fatvonal\u00a0 j\u00f3l lehet \u2026 <a href=\"http:\/\/www.koraltekki.hu\/?page_id=1940\"> Continue reading <span class=\"meta-nav\">&rarr; <\/span><\/a><\/p>\n","protected":false},"author":1,"featured_media":0,"parent":0,"menu_order":0,"comment_status":"closed","ping_status":"closed","template":"","meta":[],"_links":{"self":[{"href":"http:\/\/www.koraltekki.hu\/index.php?rest_route=\/wp\/v2\/pages\/1940"}],"collection":[{"href":"http:\/\/www.koraltekki.hu\/index.php?rest_route=\/wp\/v2\/pages"}],"about":[{"href":"http:\/\/www.koraltekki.hu\/index.php?rest_route=\/wp\/v2\/types\/page"}],"author":[{"embeddable":true,"href":"http:\/\/www.koraltekki.hu\/index.php?rest_route=\/wp\/v2\/users\/1"}],"replies":[{"embeddable":true,"href":"http:\/\/www.koraltekki.hu\/index.php?rest_route=%2Fwp%2Fv2%2Fcomments&post=1940"}],"version-history":[{"count":17,"href":"http:\/\/www.koraltekki.hu\/index.php?rest_route=\/wp\/v2\/pages\/1940\/revisions"}],"predecessor-version":[{"id":1986,"href":"http:\/\/www.koraltekki.hu\/index.php?rest_route=\/wp\/v2\/pages\/1940\/revisions\/1986"}],"wp:attachment":[{"href":"http:\/\/www.koraltekki.hu\/index.php?rest_route=%2Fwp%2Fv2%2Fmedia&parent=1940"}],"curies":[{"name":"wp","href":"https:\/\/api.w.org\/{rel}","templated":true}]}}