{"id":1947,"date":"2018-11-15T15:25:31","date_gmt":"2018-11-15T15:25:31","guid":{"rendered":"http:\/\/www.koraltekki.hu\/?page_id=1947"},"modified":"2018-11-16T17:20:45","modified_gmt":"2018-11-16T17:20:45","slug":"berelt-autoval","status":"publish","type":"page","link":"http:\/\/www.koraltekki.hu\/?page_id=1947","title":{"rendered":"B\u00e9relt aut\u00f3val"},"content":{"rendered":"<p>A Biograd na moru v\u00e1ros\u00e1ban nyaralni sz\u00e1nd\u00e9koz\u00f3k sz\u00e1m\u00e1ra &#8211; ig\u00e9ny eset\u00e9n &#8211; segits\u00e9get ny\u00fajtunk j\u00f3 \u00e1rfekv\u00e9s\u00fa, kifog\u00e1stalan m\u0171szaki \u00e1llapot\u00fa aut\u00f3k b\u00e9rl\u00e9s\u00e9hez.<\/p>\n<p>K\u00e9t \u00fatvonalat javaslunk:<br \/>\nA. Ez az \u00fatvonal v\u00e9gig aut\u00f3p\u00e1ly\u00e1n val\u00f3 utaz\u00e1st biztos\u00edt. F\u0151szezonban lehetnek torl\u00f3d\u00e1sok, de alapj\u00e1ban v\u00e9ve j\u00f3 halad\u00e1s adott.<\/p>\n<p>B. Karlovacig (K\u00e1rolyv\u00e1ros) aut\u00f3p\u00e1lya, majd ut\u00e1na j\u00f3 min\u0151s\u00e9g\u0171 f\u0151utvonal a Plitvivei tavak ir\u00e1ny\u00e1ba.<\/p>\n<p>Fest\u0151i \u00fatvonal\u00a0 j\u00f3l lehet haladni rajta<\/p>\n<p>Aut\u00f3p\u00e1lya dijak:<\/p>\n<p>Letenye (Gorican) &#8211; Zagrab (SV Helena) 47 \/ 44 HRK<br \/>\nZagrab &#8211; Karlovac (Plitvicei tavak ir\u00e1nya) 21 \/ 19 HRK<br \/>\nZagrab &#8211; Biograd na moru 148 \/ 133 HRK<\/p>\n<p>(A k\u00e9pek csak illusztr\u00e1ci\u00f3k)<\/p>\n<p><a href=\"http:\/\/www.koraltekki.hu\/wp-content\/uploads\/2018\/11\/1200px-Mitsubishi_Space_Star_front_20080228.jpg\"><img loading=\"lazy\" class=\" wp-image-1951 alignleft\" src=\"http:\/\/www.koraltekki.hu\/wp-content\/uploads\/2018\/11\/1200px-Mitsubishi_Space_Star_front_20080228-300x206.jpg\" alt=\"\" width=\"789\" height=\"542\" srcset=\"http:\/\/www.koraltekki.hu\/wp-content\/uploads\/2018\/11\/1200px-Mitsubishi_Space_Star_front_20080228-300x206.jpg 300w, http:\/\/www.koraltekki.hu\/wp-content\/uploads\/2018\/11\/1200px-Mitsubishi_Space_Star_front_20080228-768x528.jpg 768w, http:\/\/www.koraltekki.hu\/wp-content\/uploads\/2018\/11\/1200px-Mitsubishi_Space_Star_front_20080228-1024x704.jpg 1024w, http:\/\/www.koraltekki.hu\/wp-content\/uploads\/2018\/11\/1200px-Mitsubishi_Space_Star_front_20080228-218x150.jpg 218w, http:\/\/www.koraltekki.hu\/wp-content\/uploads\/2018\/11\/1200px-Mitsubishi_Space_Star_front_20080228-150x103.jpg 150w, http:\/\/www.koraltekki.hu\/wp-content\/uploads\/2018\/11\/1200px-Mitsubishi_Space_Star_front_20080228.jpg 1200w\" sizes=\"(max-width: 789px) 100vw, 789px\" \/><\/a><\/p>\n<p><a href=\"http:\/\/www.koraltekki.hu\/wp-content\/uploads\/2018\/11\/Fiat_Punto_Grande_4door_silver_vl.jpg\"><img loading=\"lazy\" class=\" wp-image-1948 alignleft\" src=\"http:\/\/www.koraltekki.hu\/wp-content\/uploads\/2018\/11\/Fiat_Punto_Grande_4door_silver_vl-300x161.jpg\" alt=\"\" width=\"784\" height=\"421\" srcset=\"http:\/\/www.koraltekki.hu\/wp-content\/uploads\/2018\/11\/Fiat_Punto_Grande_4door_silver_vl-300x161.jpg 300w, http:\/\/www.koraltekki.hu\/wp-content\/uploads\/2018\/11\/Fiat_Punto_Grande_4door_silver_vl-768x412.jpg 768w, http:\/\/www.koraltekki.hu\/wp-content\/uploads\/2018\/11\/Fiat_Punto_Grande_4door_silver_vl-1024x549.jpg 1024w, http:\/\/www.koraltekki.hu\/wp-content\/uploads\/2018\/11\/Fiat_Punto_Grande_4door_silver_vl-250x134.jpg 250w, http:\/\/www.koraltekki.hu\/wp-content\/uploads\/2018\/11\/Fiat_Punto_Grande_4door_silver_vl-150x80.jpg 150w, http:\/\/www.koraltekki.hu\/wp-content\/uploads\/2018\/11\/Fiat_Punto_Grande_4door_silver_vl.jpg 1198w\" sizes=\"(max-width: 784px) 100vw, 784px\" \/><\/a><\/p>\n","protected":false},"excerpt":{"rendered":"<p>A Biograd na moru v\u00e1ros\u00e1ban nyaralni sz\u00e1nd\u00e9koz\u00f3k sz\u00e1m\u00e1ra &#8211; ig\u00e9ny eset\u00e9n &#8211; segits\u00e9get ny\u00fajtunk j\u00f3 \u00e1rfekv\u00e9s\u00fa, kifog\u00e1stalan m\u0171szaki \u00e1llapot\u00fa aut\u00f3k b\u00e9rl\u00e9s\u00e9hez. K\u00e9t \u00fatvonalat javaslunk: A. Ez az \u00fatvonal v\u00e9gig aut\u00f3p\u00e1ly\u00e1n val\u00f3 utaz\u00e1st biztos\u00edt. F\u0151szezonban lehetnek torl\u00f3d\u00e1sok, de alapj\u00e1ban v\u00e9ve j\u00f3 halad\u00e1s adott. B. Karlovacig (K\u00e1rolyv\u00e1ros) aut\u00f3p\u00e1lya, majd ut\u00e1na j\u00f3 min\u0151s\u00e9g\u0171 \u2026 <a href=\"http:\/\/www.koraltekki.hu\/?page_id=1947\"> Continue reading <span class=\"meta-nav\">&rarr; <\/span><\/a><\/p>\n","protected":false},"author":1,"featured_media":0,"parent":0,"menu_order":0,"comment_status":"closed","ping_status":"closed","template":"","meta":[],"_links":{"self":[{"href":"http:\/\/www.koraltekki.hu\/index.php?rest_route=\/wp\/v2\/pages\/1947"}],"collection":[{"href":"http:\/\/www.koraltekki.hu\/index.php?rest_route=\/wp\/v2\/pages"}],"about":[{"href":"http:\/\/www.koraltekki.hu\/index.php?rest_route=\/wp\/v2\/types\/page"}],"author":[{"embeddable":true,"href":"http:\/\/www.koraltekki.hu\/index.php?rest_route=\/wp\/v2\/users\/1"}],"replies":[{"embeddable":true,"href":"http:\/\/www.koraltekki.hu\/index.php?rest_route=%2Fwp%2Fv2%2Fcomments&post=1947"}],"version-history":[{"count":11,"href":"http:\/\/www.koraltekki.hu\/index.php?rest_route=\/wp\/v2\/pages\/1947\/revisions"}],"predecessor-version":[{"id":1987,"href":"http:\/\/www.koraltekki.hu\/index.php?rest_route=\/wp\/v2\/pages\/1947\/revisions\/1987"}],"wp:attachment":[{"href":"http:\/\/www.koraltekki.hu\/index.php?rest_route=%2Fwp%2Fv2%2Fmedia&parent=1947"}],"curies":[{"name":"wp","href":"https:\/\/api.w.org\/{rel}","templated":true}]}}