{"id":197,"date":"2015-01-24T19:57:15","date_gmt":"2015-01-24T19:57:15","guid":{"rendered":"http:\/\/www.koraltekki.hu\/?page_id=197"},"modified":"2019-04-18T18:34:09","modified_gmt":"2019-04-18T18:34:09","slug":"roncsmerulo","status":"publish","type":"page","link":"http:\/\/www.koraltekki.hu\/?page_id=197","title":{"rendered":"Roncsmer\u00fcl\u0151"},"content":{"rendered":"<p><strong>Roncsmer\u00fcl\u0151 b\u00fav\u00e1r szaktanfolyam<\/strong><\/p>\n<p><img loading=\"lazy\" src=\"http:\/\/buvarkaplan.5mp.eu\/honlapkepek\/buvarkaplan\/td4xJQDt6D\/kicsi\/francesko.gif\" alt=\"\" width=\"265\" height=\"163\" border=\"0\" \/>Minden elhagyott j\u00e1rm\u0171, valamint az \u00e1ltala sz\u00e1ll\u00edtott t\u00e1rgyak, vagy v\u00edz alatti l\u00e9tes\u00edtm\u00e9ny illetve annak b\u00e1rmely r\u00e9sze, amely r\u00e9szben vagy teljes eg\u00e9sz\u00e9ben v\u00edz alatt van, <strong>roncsna<\/strong>k min\u0151s\u00fcl.<br \/>\nA roncs<strong> k\u00f6r\u00fcl\u00fasz\u00e1sa<\/strong> sor\u00e1n fokozott elakad\u00e1s vesz\u00e9lyben v\u00e9gzett mer\u00fcl\u00e9s is roncsmer\u00fcl\u00e9s. A roncs \u00e1llapota: eld\u0151l\u00e9s, beszakad\u00e1s, t\u00e1rgyak lezuhan\u00e1sa \u00e1ltal\u00e1ban szemrev\u00e9telez\u00e9ssel egy\u00e9rtelm\u0171en nem meg\u00edt\u00e9lhet\u0151. A roncsok k\u00f6rnyezet\u00e9ben \u00fcgyelni kell a fokozott s\u00e9r\u00fcl\u00e9svesz\u00e9lyre.<br \/>\nA roncsba <strong>behatol\u00e1s<\/strong>sal t\u00f6rt\u00e9n\u0151 mer\u00fcl\u00e9sek saj\u00e1ts\u00e1gos vesz\u00e9lyeket \u00e9s kock\u00e1zatokat hordoznak.<\/p>\n<p>Ilyen mer\u00fcl\u00e9st kiz\u00e1r\u00f3lag az a b\u00fav\u00e1r v\u00e9gezhet, aki\u00a0rendelkezik a <strong>roncsmer\u00fcl\u0151<\/strong>k\u00e9pz\u00e9st igazol\u00f3 szakb\u00fav\u00e1r min\u0151s\u00edt\u00e9ssel.<\/p>\n<p><strong><em>Tanfolyam anyaga:<\/em><\/strong><\/p>\n<p>&#8211; CMAS **(Halad\u00f3) tanfolyami ismeretek felfriss\u00edt\u00e9se<br \/>\n&#8211; \u00e1ltal\u00e1nos ismeretek v\u00edz alatti roncsokr\u00f3l<br \/>\n&#8211; \u00e1ltal\u00e1nos felszerel\u00e9s ismeret<br \/>\n&#8211; roncsmer\u00fcl\u00e9s speci\u00e1lis b\u00fav\u00e1rfelszerel\u00e9sei<br \/>\n&#8211; mer\u00fcl\u00e9s roncsok k\u00f6rnyezet\u00e9ben \u00e9s roncsokban<br \/>\n&#8211; \u00e9lettani hat\u00e1sok,eg\u00e9szs\u00e9g\u00fcgyi\u00a0 probl\u00e9m\u00e1k<br \/>\n&#8211; mer\u00fcl\u00e9s szervez\u00e9si k\u00e9rd\u00e9sek<br \/>\n&#8211;<br \/>\n<strong><em>Tanfolyam fel\u00e9p\u00edt\u00e9se:<\/em><\/strong><\/p>\n<p>&#8211; elm\u00e9leti oktat\u00e1s<br \/>\n&#8211; uszodai oktat\u00e1s<br \/>\n&#8211; ny\u00edltv\u00edzi mer\u00fcl\u00e9sek, roncsmer\u00fcl\u00e9sek<\/p>\n<p><strong><em>R\u00e9szv\u00e9teli felt\u00e9tel:<\/em><\/strong><\/p>\n<p>&#8211; bet\u00f6lt\u00f6tt 15. \u00e9let\u00e9v,<br \/>\n&#8211; legal\u00e1bb CMAS ** vagy annak megfelel\u0151 szint\u0171 min\u0151sit\u00e9s megl\u00e9te<br \/>\n&#8211; minimum 40 ny\u00edltvizi mer\u00fcl\u00e9s<br \/>\n&#8211; orvosi alkalmass\u00e1g,<br \/>\n&#8211; befizetett tanfolyamd\u00edj.<\/p>\n<p><strong>A\u00a0 tanfolyamd\u00edj tartalmazza<\/strong>:<\/p>\n<p>&#8211;\u00a0 elm\u00e9leti oktat\u00e1st, jegyzeteket<br \/>\n&#8211;\u00a0 uszodai oktat\u00e1st<br \/>\n&#8211;\u00a0 ny\u00edltviz mer\u00fcl\u00e9selet<\/p>\n<p><strong>Nem tartalmazza<\/strong>:<\/p>\n<p>&#8211; sz\u00e1ll\u00e1st,<br \/>\n&#8211;\u00a0 utaz\u00e1st,<br \/>\n&#8211;\u00a0 k\u00fclf\u00f6ldi mer\u00fcl\u00e9sek \u00e9s vizsga k\u00f6lts\u00e9geit ,<br \/>\n&#8211;\u00a0 nemzetk\u00f6zi regisztr\u00e1ci\u00f3 d\u00edj\u00e1t.<\/p>\n<p>K\u00e9r\u00e9sre a tanfolyami mer\u00fcl\u00e9sekr\u0151l professzion\u00e1lis szinvonal\u00fa filmet k\u00e9sz\u00edt\u00fcnk, melyet DVD-n \u00e1tadunk a tanfolyam r\u00e9sztvev\u0151inek.<\/p>\n<p><strong>K\u00f6vetkez\u0151 tanfolyam indul:<\/strong><\/p>\n<p><strong> 2019. j\u00falius &#8211; augusztus elm\u00e9leti oktat\u00e1s. Horv\u00e1torsz\u00e1gi gyakorlattal egy\u00fctt<\/strong><\/p>\n<p><a href=\"http:\/\/www.koraltekki.hu\/wp-content\/uploads\/2015\/07\/14370657508921.jpg\"><img loading=\"lazy\" class=\"aligncenter wp-image-1075\" src=\"http:\/\/www.koraltekki.hu\/wp-content\/uploads\/2015\/07\/14370657508921-300x225.jpg\" alt=\"14370657508921\" width=\"883\" height=\"662\" srcset=\"http:\/\/www.koraltekki.hu\/wp-content\/uploads\/2015\/07\/14370657508921-300x225.jpg 300w, http:\/\/www.koraltekki.hu\/wp-content\/uploads\/2015\/07\/14370657508921-1024x768.jpg 1024w, http:\/\/www.koraltekki.hu\/wp-content\/uploads\/2015\/07\/14370657508921-200x150.jpg 200w, http:\/\/www.koraltekki.hu\/wp-content\/uploads\/2015\/07\/14370657508921-150x112.jpg 150w, http:\/\/www.koraltekki.hu\/wp-content\/uploads\/2015\/07\/14370657508921.jpg 1267w\" sizes=\"(max-width: 883px) 100vw, 883px\" \/><\/a><\/p>\n","protected":false},"excerpt":{"rendered":"<p>Roncsmer\u00fcl\u0151 b\u00fav\u00e1r szaktanfolyam Minden elhagyott j\u00e1rm\u0171, valamint az \u00e1ltala sz\u00e1ll\u00edtott t\u00e1rgyak, vagy v\u00edz alatti l\u00e9tes\u00edtm\u00e9ny illetve annak b\u00e1rmely r\u00e9sze, amely r\u00e9szben vagy teljes eg\u00e9sz\u00e9ben v\u00edz alatt van, roncsnak min\u0151s\u00fcl. A roncs k\u00f6r\u00fcl\u00fasz\u00e1sa sor\u00e1n fokozott elakad\u00e1s vesz\u00e9lyben v\u00e9gzett mer\u00fcl\u00e9s is roncsmer\u00fcl\u00e9s. A roncs \u00e1llapota: eld\u0151l\u00e9s, beszakad\u00e1s, t\u00e1rgyak lezuhan\u00e1sa \u00e1ltal\u00e1ban szemrev\u00e9telez\u00e9ssel egy\u00e9rtelm\u0171en \u2026 <a href=\"http:\/\/www.koraltekki.hu\/?page_id=197\"> Continue reading <span class=\"meta-nav\">&rarr; <\/span><\/a><\/p>\n","protected":false},"author":1,"featured_media":0,"parent":0,"menu_order":0,"comment_status":"closed","ping_status":"open","template":"","meta":[],"_links":{"self":[{"href":"http:\/\/www.koraltekki.hu\/index.php?rest_route=\/wp\/v2\/pages\/197"}],"collection":[{"href":"http:\/\/www.koraltekki.hu\/index.php?rest_route=\/wp\/v2\/pages"}],"about":[{"href":"http:\/\/www.koraltekki.hu\/index.php?rest_route=\/wp\/v2\/types\/page"}],"author":[{"embeddable":true,"href":"http:\/\/www.koraltekki.hu\/index.php?rest_route=\/wp\/v2\/users\/1"}],"replies":[{"embeddable":true,"href":"http:\/\/www.koraltekki.hu\/index.php?rest_route=%2Fwp%2Fv2%2Fcomments&post=197"}],"version-history":[{"count":6,"href":"http:\/\/www.koraltekki.hu\/index.php?rest_route=\/wp\/v2\/pages\/197\/revisions"}],"predecessor-version":[{"id":2218,"href":"http:\/\/www.koraltekki.hu\/index.php?rest_route=\/wp\/v2\/pages\/197\/revisions\/2218"}],"wp:attachment":[{"href":"http:\/\/www.koraltekki.hu\/index.php?rest_route=%2Fwp%2Fv2%2Fmedia&parent=197"}],"curies":[{"name":"wp","href":"https:\/\/api.w.org\/{rel}","templated":true}]}}