{"id":2122,"date":"2019-03-10T18:06:51","date_gmt":"2019-03-10T18:06:51","guid":{"rendered":"http:\/\/www.koraltekki.hu\/?page_id=2122"},"modified":"2019-03-10T18:15:38","modified_gmt":"2019-03-10T18:15:38","slug":"hajozasi-gyakorlat","status":"publish","type":"page","link":"http:\/\/www.koraltekki.hu\/?page_id=2122","title":{"rendered":"Haj\u00f3z\u00e1si gyakorlat"},"content":{"rendered":"<p><strong>Nem tartunk vagy szervez\u00fcnk haj\u00f3vezet\u0151i enged\u00e9ly megszerz\u00e9s\u00e9t c\u00e9lz\u0151 tanfolyamot.<\/strong><\/p>\n<p><em><strong>KIZ\u00c1R\u00d3LAG haj\u00f3vezet\u0151i gyakorlat megszerz\u00e9s\u00e9re<\/strong><\/em> biztos\u00edtunk lehet\u0151s\u00e9get hetes t\u00far\u00e1inkon.<\/p>\n<p>Ennek sor\u00e1n\u00a0lehet\u0151s\u00e9g ny\u00edlik :<br \/>\n&#8211; alap vitorlakezel\u00e9si,<br \/>\n&#8211; navig\u00e1ci\u00f3s,<br \/>\n&#8211; man\u0151ver tr\u00e9ningekre<br \/>\nlehet\u0151s\u00e9g szerint, a vez\u00e9nyl\u0151 Kapit\u00e1ny fel\u00fcgyelete alatt.<\/p>\n<p><a href=\"http:\/\/www.koraltekki.hu\/wp-content\/uploads\/2019\/03\/201741_1648831063874_4933387_o.jpg\"><img loading=\"lazy\" class=\" wp-image-2128 alignnone\" src=\"http:\/\/www.koraltekki.hu\/wp-content\/uploads\/2019\/03\/201741_1648831063874_4933387_o-300x225.jpg\" alt=\"\" width=\"568\" height=\"426\" srcset=\"http:\/\/www.koraltekki.hu\/wp-content\/uploads\/2019\/03\/201741_1648831063874_4933387_o-300x225.jpg 300w, http:\/\/www.koraltekki.hu\/wp-content\/uploads\/2019\/03\/201741_1648831063874_4933387_o-768x576.jpg 768w, http:\/\/www.koraltekki.hu\/wp-content\/uploads\/2019\/03\/201741_1648831063874_4933387_o-1024x768.jpg 1024w, http:\/\/www.koraltekki.hu\/wp-content\/uploads\/2019\/03\/201741_1648831063874_4933387_o-200x150.jpg 200w, http:\/\/www.koraltekki.hu\/wp-content\/uploads\/2019\/03\/201741_1648831063874_4933387_o-150x113.jpg 150w, http:\/\/www.koraltekki.hu\/wp-content\/uploads\/2019\/03\/201741_1648831063874_4933387_o.jpg 2048w\" sizes=\"(max-width: 568px) 100vw, 568px\" \/><\/a><a href=\"http:\/\/www.koraltekki.hu\/wp-content\/uploads\/2019\/03\/201741_1648831103875_5241483_o.jpg\"><img loading=\"lazy\" class=\" wp-image-2127 alignnone\" src=\"http:\/\/www.koraltekki.hu\/wp-content\/uploads\/2019\/03\/201741_1648831103875_5241483_o-300x225.jpg\" alt=\"\" width=\"568\" height=\"425\" srcset=\"http:\/\/www.koraltekki.hu\/wp-content\/uploads\/2019\/03\/201741_1648831103875_5241483_o-300x225.jpg 300w, http:\/\/www.koraltekki.hu\/wp-content\/uploads\/2019\/03\/201741_1648831103875_5241483_o-768x576.jpg 768w, http:\/\/www.koraltekki.hu\/wp-content\/uploads\/2019\/03\/201741_1648831103875_5241483_o-1024x768.jpg 1024w, http:\/\/www.koraltekki.hu\/wp-content\/uploads\/2019\/03\/201741_1648831103875_5241483_o-200x150.jpg 200w, http:\/\/www.koraltekki.hu\/wp-content\/uploads\/2019\/03\/201741_1648831103875_5241483_o-150x113.jpg 150w, http:\/\/www.koraltekki.hu\/wp-content\/uploads\/2019\/03\/201741_1648831103875_5241483_o.jpg 2048w\" sizes=\"(max-width: 568px) 100vw, 568px\" \/><\/a><\/p>\n<p><a href=\"http:\/\/www.koraltekki.hu\/wp-content\/uploads\/2019\/03\/210257_1648810383357_8248134_o.jpg\"><img loading=\"lazy\" class=\" wp-image-2124 alignnone\" src=\"http:\/\/www.koraltekki.hu\/wp-content\/uploads\/2019\/03\/210257_1648810383357_8248134_o-300x225.jpg\" alt=\"\" width=\"568\" height=\"426\" srcset=\"http:\/\/www.koraltekki.hu\/wp-content\/uploads\/2019\/03\/210257_1648810383357_8248134_o-300x225.jpg 300w, http:\/\/www.koraltekki.hu\/wp-content\/uploads\/2019\/03\/210257_1648810383357_8248134_o-768x576.jpg 768w, http:\/\/www.koraltekki.hu\/wp-content\/uploads\/2019\/03\/210257_1648810383357_8248134_o-1024x768.jpg 1024w, http:\/\/www.koraltekki.hu\/wp-content\/uploads\/2019\/03\/210257_1648810383357_8248134_o-200x150.jpg 200w, http:\/\/www.koraltekki.hu\/wp-content\/uploads\/2019\/03\/210257_1648810383357_8248134_o-150x113.jpg 150w, http:\/\/www.koraltekki.hu\/wp-content\/uploads\/2019\/03\/210257_1648810383357_8248134_o.jpg 2048w\" sizes=\"(max-width: 568px) 100vw, 568px\" \/><\/a><a href=\"http:\/\/www.koraltekki.hu\/wp-content\/uploads\/2019\/03\/201339_1648863944696_4144528_o.jpg\"><img loading=\"lazy\" class=\" wp-image-2125 alignnone\" src=\"http:\/\/www.koraltekki.hu\/wp-content\/uploads\/2019\/03\/201339_1648863944696_4144528_o-300x225.jpg\" alt=\"\" width=\"566\" height=\"425\" srcset=\"http:\/\/www.koraltekki.hu\/wp-content\/uploads\/2019\/03\/201339_1648863944696_4144528_o-300x225.jpg 300w, http:\/\/www.koraltekki.hu\/wp-content\/uploads\/2019\/03\/201339_1648863944696_4144528_o-768x576.jpg 768w, http:\/\/www.koraltekki.hu\/wp-content\/uploads\/2019\/03\/201339_1648863944696_4144528_o-1024x768.jpg 1024w, http:\/\/www.koraltekki.hu\/wp-content\/uploads\/2019\/03\/201339_1648863944696_4144528_o-200x150.jpg 200w, http:\/\/www.koraltekki.hu\/wp-content\/uploads\/2019\/03\/201339_1648863944696_4144528_o-150x113.jpg 150w, http:\/\/www.koraltekki.hu\/wp-content\/uploads\/2019\/03\/201339_1648863944696_4144528_o.jpg 2048w\" sizes=\"(max-width: 566px) 100vw, 566px\" \/><\/a><\/p>\n","protected":false},"excerpt":{"rendered":"<p>Nem tartunk vagy szervez\u00fcnk haj\u00f3vezet\u0151i enged\u00e9ly megszerz\u00e9s\u00e9t c\u00e9lz\u0151 tanfolyamot. KIZ\u00c1R\u00d3LAG haj\u00f3vezet\u0151i gyakorlat megszerz\u00e9s\u00e9re biztos\u00edtunk lehet\u0151s\u00e9get hetes t\u00far\u00e1inkon. Ennek sor\u00e1n\u00a0lehet\u0151s\u00e9g ny\u00edlik : &#8211; alap vitorlakezel\u00e9si, &#8211; navig\u00e1ci\u00f3s, &#8211; man\u0151ver tr\u00e9ningekre lehet\u0151s\u00e9g szerint, a vez\u00e9nyl\u0151 Kapit\u00e1ny fel\u00fcgyelete alatt.<\/p>\n","protected":false},"author":1,"featured_media":0,"parent":0,"menu_order":0,"comment_status":"closed","ping_status":"closed","template":"","meta":[],"_links":{"self":[{"href":"http:\/\/www.koraltekki.hu\/index.php?rest_route=\/wp\/v2\/pages\/2122"}],"collection":[{"href":"http:\/\/www.koraltekki.hu\/index.php?rest_route=\/wp\/v2\/pages"}],"about":[{"href":"http:\/\/www.koraltekki.hu\/index.php?rest_route=\/wp\/v2\/types\/page"}],"author":[{"embeddable":true,"href":"http:\/\/www.koraltekki.hu\/index.php?rest_route=\/wp\/v2\/users\/1"}],"replies":[{"embeddable":true,"href":"http:\/\/www.koraltekki.hu\/index.php?rest_route=%2Fwp%2Fv2%2Fcomments&post=2122"}],"version-history":[{"count":6,"href":"http:\/\/www.koraltekki.hu\/index.php?rest_route=\/wp\/v2\/pages\/2122\/revisions"}],"predecessor-version":[{"id":2134,"href":"http:\/\/www.koraltekki.hu\/index.php?rest_route=\/wp\/v2\/pages\/2122\/revisions\/2134"}],"wp:attachment":[{"href":"http:\/\/www.koraltekki.hu\/index.php?rest_route=%2Fwp%2Fv2%2Fmedia&parent=2122"}],"curies":[{"name":"wp","href":"https:\/\/api.w.org\/{rel}","templated":true}]}}