{"id":214,"date":"2015-01-26T12:39:10","date_gmt":"2015-01-26T12:39:10","guid":{"rendered":"http:\/\/www.koraltekki.hu\/?page_id=214"},"modified":"2019-06-12T10:13:28","modified_gmt":"2019-06-12T10:13:28","slug":"adriai-bazis","status":"publish","type":"page","link":"http:\/\/www.koraltekki.hu\/?page_id=214","title":{"rendered":"Diving in Biograd"},"content":{"rendered":"<p><a href=\"http:\/\/www.koraltekki.hu\/wp-content\/uploads\/2015\/01\/flagH.jpg\"><img loading=\"lazy\" class=\"alignnone wp-image-371\" src=\"http:\/\/www.koraltekki.hu\/wp-content\/uploads\/2015\/01\/flagH-300x150.jpg\" alt=\"flagH\" width=\"54\" height=\"27\" srcset=\"http:\/\/www.koraltekki.hu\/wp-content\/uploads\/2015\/01\/flagH-300x150.jpg 300w, http:\/\/www.koraltekki.hu\/wp-content\/uploads\/2015\/01\/flagH.jpg 318w\" sizes=\"(max-width: 54px) 100vw, 54px\" \/><\/a>\u00a0\u00a0Adriai b\u00e1zisunk Biograd na moru v\u00e1ros\u00e1ban tal\u00e1lhat\u00f3.<br \/>\nT\u00e1vols\u00e1ga a hat\u00e1rt\u00f3l t 416 km (Letenye). A hat\u00e1rt\u00f3l v\u00e9gig aut\u00f3p\u00e1ly\u00e1n haladhatunk.<br \/>\nBiograd na moru a b\u00fav\u00e1rkod\u00e1son kiv\u00fcl sz\u00e1mtalan lehet\u0151s\u00e9get ny\u00fajt az idel\u00e1togat\u00f3 csal\u00e1doknak.<br \/>\nA b\u00e1zis &#8211; Biograd kedvez\u0151 fekv\u00e9s\u00e9n\u00e9l fogva &#8211; k\u00f6zeli kij\u00e1rattal rendelkezik a\u00a0Pasman szigetekre \u00e9s a KORNATI Nemzeti Parkra.<br \/>\nA \u00a0b\u00fav\u00e1rkod\u00e1s c\u00e9lj\u00e1ra \u00e9p\u00edtett haj\u00f3 k\u00e9nyelmes elhelyez\u00e9st biztos\u00edt a b\u00fav\u00e1rok sz\u00e1m\u00e1ra.<br \/>\nA B\u00e1zison \u00e1lland\u00f3 oktat\u00f3i \u00fcgyelet van (vezet\u0151k t\u00f6bb ezer \u00a0mer\u00fcl\u00e9si gyakorlattal).\u00a0Horv\u00e1t, n\u00e9met, angol \u00e9s magyar nyelv\u0171 szem\u00e9lyzet v\u00e1rja a vend\u00e9geket.<br \/>\nTipikus nap:<br \/>\nTal\u00e1lkoz\u00f3 9h a haj\u00f3n\u00e1l.<br \/>\nR\u00f6vid eligaz\u00edt\u00e1s \u00e9s a felszerel\u00e9sek el\u0151k\u00e9sz\u00edt\u00e9se ut\u00e1na indul\u00e1s az els\u0151 mer\u00fcl\u0151helyre<br \/>\nAz els\u0151 mer\u00fcl\u00e9s ut\u00e1n \u00e1thaj\u00f3z\u00e1s a m\u00e1sodik mer\u00fcl\u0151helyre.\u00a0A megfelel\u0151 felsz\u00edni sz\u00fcnet ut\u00e1n mer\u00fcl\u00e9s a m\u00e1sodik ponton.<br \/>\nVisszat\u00e9r\u00e9s a kik\u00f6t\u0151ben 15-17 h k\u00f6z\u00f6tt (mer\u00fcl\u0151helyt\u0151l f\u00fcgg\u0151en).<br \/>\nT\u00f6bb, mint 40 akt\u00edv mer\u00fcl\u0151helyet aj\u00e1nlunk kezd\u0151szintt\u0151l kezdve a tek b\u00fav\u00e1rokig.\u00a0(Kornati, z\u00e1tonyok, falak. v\u00edzalatti folyos\u00f3k, \u00fcregek, roncsok, stb).<br \/>\nA mer\u00fcl\u00e9sek alatt t\u00f6bbf\u00e9le \u00e9l\u0151l\u00e9nnyel tal\u00e1lkozhatunk mint p\u00e9ld\u00e1ul sepia, polip, angolna,<br \/>\nskorpi\u00f3halak, r\u00e1kok, csig\u00e1k, tengeri csillagok \u00e9s m\u00e9g sok m\u00e1s minden &#8230;.<br \/>\nMer\u00fcl\u0151helyek: KAMENAR , BABULJAS, KOSARA, \u00a0GANGARO, OSLJAK, \u00a0PASMAN, VRGADA, ZUT, SANDJELA, DINARICI,KUKULJAR,LONCARIC, \u00e9s \u00edgy tov\u00e1bb &#8230;<\/p>\n<p><a href=\"http:\/\/www.koraltekki.hu\/wp-content\/uploads\/2018\/05\/vendegismertet\u0151biograd2018gen.jpg\"><img loading=\"lazy\" class=\"wp-image-1870 alignleft\" src=\"http:\/\/www.koraltekki.hu\/wp-content\/uploads\/2018\/05\/vendegismertet\u0151biograd2018gen-212x300.jpg\" alt=\"\" width=\"659\" height=\"932\" srcset=\"http:\/\/www.koraltekki.hu\/wp-content\/uploads\/2018\/05\/vendegismertet\u0151biograd2018gen-212x300.jpg 212w, http:\/\/www.koraltekki.hu\/wp-content\/uploads\/2018\/05\/vendegismertet\u0151biograd2018gen-768x1086.jpg 768w, http:\/\/www.koraltekki.hu\/wp-content\/uploads\/2018\/05\/vendegismertet\u0151biograd2018gen-724x1024.jpg 724w, http:\/\/www.koraltekki.hu\/wp-content\/uploads\/2018\/05\/vendegismertet\u0151biograd2018gen-106x150.jpg 106w, http:\/\/www.koraltekki.hu\/wp-content\/uploads\/2018\/05\/vendegismertet\u0151biograd2018gen.jpg 1240w\" sizes=\"(max-width: 659px) 100vw, 659px\" \/><\/a><\/p>\n<p>&nbsp;<\/p>\n<p>&nbsp;<\/p>\n<p>&nbsp;<\/p>\n<p>&nbsp;<\/p>\n<p>&nbsp;<\/p>\n<p>&nbsp;<\/p>\n<p>&nbsp;<\/p>\n<p>&nbsp;<\/p>\n<p>&nbsp;<\/p>\n<p>&nbsp;<\/p>\n<p>&nbsp;<\/p>\n<p style=\"text-align: left;\"><a href=\"http:\/\/www.koraltekki.hu\/wp-content\/uploads\/2018\/04\/190915_1630204078211_7765466_o.jpg\"><img loading=\"lazy\" class=\" wp-image-1800 alignleft\" src=\"http:\/\/www.koraltekki.hu\/wp-content\/uploads\/2018\/04\/190915_1630204078211_7765466_o-300x225.jpg\" alt=\"\" width=\"655\" height=\"491\" srcset=\"http:\/\/www.koraltekki.hu\/wp-content\/uploads\/2018\/04\/190915_1630204078211_7765466_o-300x225.jpg 300w, http:\/\/www.koraltekki.hu\/wp-content\/uploads\/2018\/04\/190915_1630204078211_7765466_o-768x576.jpg 768w, http:\/\/www.koraltekki.hu\/wp-content\/uploads\/2018\/04\/190915_1630204078211_7765466_o-1024x768.jpg 1024w, http:\/\/www.koraltekki.hu\/wp-content\/uploads\/2018\/04\/190915_1630204078211_7765466_o-200x150.jpg 200w, http:\/\/www.koraltekki.hu\/wp-content\/uploads\/2018\/04\/190915_1630204078211_7765466_o-150x113.jpg 150w, http:\/\/www.koraltekki.hu\/wp-content\/uploads\/2018\/04\/190915_1630204078211_7765466_o.jpg 2048w\" sizes=\"(max-width: 655px) 100vw, 655px\" \/><\/a><\/p>\n<p>&nbsp;<\/p>\n<p>&nbsp;<\/p>\n<p>&nbsp;<\/p>\n<p>&nbsp;<\/p>\n<p>&nbsp;<\/p>\n<p>&nbsp;<\/p>\n<p>&nbsp;<\/p>\n<p>&nbsp;<\/p>\n<p>&nbsp;<\/p>\n<p>&nbsp;<\/p>\n<p><a href=\"http:\/\/www.koraltekki.hu\/wp-content\/uploads\/2018\/05\/advert2018generalBiograd.jpg\"><img loading=\"lazy\" class=\" wp-image-1859 alignnone\" src=\"http:\/\/www.koraltekki.hu\/wp-content\/uploads\/2018\/05\/advert2018generalBiograd-212x300.jpg\" alt=\"\" width=\"654\" height=\"925\" srcset=\"http:\/\/www.koraltekki.hu\/wp-content\/uploads\/2018\/05\/advert2018generalBiograd-212x300.jpg 212w, http:\/\/www.koraltekki.hu\/wp-content\/uploads\/2018\/05\/advert2018generalBiograd-768x1086.jpg 768w, http:\/\/www.koraltekki.hu\/wp-content\/uploads\/2018\/05\/advert2018generalBiograd-724x1024.jpg 724w, http:\/\/www.koraltekki.hu\/wp-content\/uploads\/2018\/05\/advert2018generalBiograd-106x150.jpg 106w, http:\/\/www.koraltekki.hu\/wp-content\/uploads\/2018\/05\/advert2018generalBiograd.jpg 1240w\" sizes=\"(max-width: 654px) 100vw, 654px\" \/><\/a><\/p>\n<p><a href=\"http:\/\/www.koraltekki.hu\/wp-content\/uploads\/2018\/04\/200857_1630218958583_6524723_o.jpg\"><img loading=\"lazy\" class=\" wp-image-1801 alignleft\" src=\"http:\/\/www.koraltekki.hu\/wp-content\/uploads\/2018\/04\/200857_1630218958583_6524723_o-240x300.jpg\" alt=\"\" width=\"655\" height=\"819\" srcset=\"http:\/\/www.koraltekki.hu\/wp-content\/uploads\/2018\/04\/200857_1630218958583_6524723_o-240x300.jpg 240w, http:\/\/www.koraltekki.hu\/wp-content\/uploads\/2018\/04\/200857_1630218958583_6524723_o-768x960.jpg 768w, http:\/\/www.koraltekki.hu\/wp-content\/uploads\/2018\/04\/200857_1630218958583_6524723_o-819x1024.jpg 819w, http:\/\/www.koraltekki.hu\/wp-content\/uploads\/2018\/04\/200857_1630218958583_6524723_o-120x150.jpg 120w, http:\/\/www.koraltekki.hu\/wp-content\/uploads\/2018\/04\/200857_1630218958583_6524723_o.jpg 1362w\" sizes=\"(max-width: 655px) 100vw, 655px\" \/><\/a><\/p>\n<p>&nbsp;<\/p>\n<p>&nbsp;<\/p>\n<p>&nbsp;<\/p>\n<p>&nbsp;<\/p>\n","protected":false},"excerpt":{"rendered":"<p>\u00a0\u00a0Adriai b\u00e1zisunk Biograd na moru v\u00e1ros\u00e1ban tal\u00e1lhat\u00f3. T\u00e1vols\u00e1ga a hat\u00e1rt\u00f3l t 416 km (Letenye). A hat\u00e1rt\u00f3l v\u00e9gig aut\u00f3p\u00e1ly\u00e1n haladhatunk. Biograd na moru a b\u00fav\u00e1rkod\u00e1son kiv\u00fcl sz\u00e1mtalan lehet\u0151s\u00e9get ny\u00fajt az idel\u00e1togat\u00f3 csal\u00e1doknak. A b\u00e1zis &#8211; Biograd kedvez\u0151 fekv\u00e9s\u00e9n\u00e9l fogva &#8211; k\u00f6zeli kij\u00e1rattal rendelkezik a\u00a0Pasman szigetekre \u00e9s a KORNATI Nemzeti Parkra. A \u2026 <a href=\"http:\/\/www.koraltekki.hu\/?page_id=214\"> Continue reading <span class=\"meta-nav\">&rarr; <\/span><\/a><\/p>\n","protected":false},"author":1,"featured_media":0,"parent":0,"menu_order":0,"comment_status":"closed","ping_status":"open","template":"","meta":[],"_links":{"self":[{"href":"http:\/\/www.koraltekki.hu\/index.php?rest_route=\/wp\/v2\/pages\/214"}],"collection":[{"href":"http:\/\/www.koraltekki.hu\/index.php?rest_route=\/wp\/v2\/pages"}],"about":[{"href":"http:\/\/www.koraltekki.hu\/index.php?rest_route=\/wp\/v2\/types\/page"}],"author":[{"embeddable":true,"href":"http:\/\/www.koraltekki.hu\/index.php?rest_route=\/wp\/v2\/users\/1"}],"replies":[{"embeddable":true,"href":"http:\/\/www.koraltekki.hu\/index.php?rest_route=%2Fwp%2Fv2%2Fcomments&post=214"}],"version-history":[{"count":38,"href":"http:\/\/www.koraltekki.hu\/index.php?rest_route=\/wp\/v2\/pages\/214\/revisions"}],"predecessor-version":[{"id":2247,"href":"http:\/\/www.koraltekki.hu\/index.php?rest_route=\/wp\/v2\/pages\/214\/revisions\/2247"}],"wp:attachment":[{"href":"http:\/\/www.koraltekki.hu\/index.php?rest_route=%2Fwp%2Fv2%2Fmedia&parent=214"}],"curies":[{"name":"wp","href":"https:\/\/api.w.org\/{rel}","templated":true}]}}