{"id":2146,"date":"2019-04-07T16:09:42","date_gmt":"2019-04-07T16:09:42","guid":{"rendered":"http:\/\/www.koraltekki.hu\/?page_id=2146"},"modified":"2019-04-21T17:50:16","modified_gmt":"2019-04-21T17:50:16","slug":"roncsok","status":"publish","type":"page","link":"http:\/\/www.koraltekki.hu\/?page_id=2146","title":{"rendered":"Roncsok"},"content":{"rendered":"<p>A legv\u00e1ltozatosabb fajt\u00e1j\u00fa roncsok tal\u00e1lhat\u00f3ak a kezd\u0151 szintt\u0151l a tec szintig.<\/p>\n<p><a href=\"http:\/\/www.koraltekki.hu\/wp-content\/uploads\/2016\/02\/received_10206553860708477.jpeg\"><img loading=\"lazy\" class=\" wp-image-1606 alignleft\" src=\"http:\/\/www.koraltekki.hu\/wp-content\/uploads\/2016\/02\/received_10206553860708477-300x225.jpeg\" alt=\"\" width=\"795\" height=\"596\" srcset=\"http:\/\/www.koraltekki.hu\/wp-content\/uploads\/2016\/02\/received_10206553860708477-300x225.jpeg 300w, http:\/\/www.koraltekki.hu\/wp-content\/uploads\/2016\/02\/received_10206553860708477-1024x768.jpeg 1024w, http:\/\/www.koraltekki.hu\/wp-content\/uploads\/2016\/02\/received_10206553860708477-200x150.jpeg 200w, http:\/\/www.koraltekki.hu\/wp-content\/uploads\/2016\/02\/received_10206553860708477-150x112.jpeg 150w, http:\/\/www.koraltekki.hu\/wp-content\/uploads\/2016\/02\/received_10206553860708477.jpeg 1267w\" sizes=\"(max-width: 795px) 100vw, 795px\" \/><\/a><\/p>\n","protected":false},"excerpt":{"rendered":"<p>A legv\u00e1ltozatosabb fajt\u00e1j\u00fa roncsok tal\u00e1lhat\u00f3ak a kezd\u0151 szintt\u0151l a tec szintig.<\/p>\n","protected":false},"author":1,"featured_media":0,"parent":0,"menu_order":0,"comment_status":"closed","ping_status":"closed","template":"","meta":[],"_links":{"self":[{"href":"http:\/\/www.koraltekki.hu\/index.php?rest_route=\/wp\/v2\/pages\/2146"}],"collection":[{"href":"http:\/\/www.koraltekki.hu\/index.php?rest_route=\/wp\/v2\/pages"}],"about":[{"href":"http:\/\/www.koraltekki.hu\/index.php?rest_route=\/wp\/v2\/types\/page"}],"author":[{"embeddable":true,"href":"http:\/\/www.koraltekki.hu\/index.php?rest_route=\/wp\/v2\/users\/1"}],"replies":[{"embeddable":true,"href":"http:\/\/www.koraltekki.hu\/index.php?rest_route=%2Fwp%2Fv2%2Fcomments&post=2146"}],"version-history":[{"count":4,"href":"http:\/\/www.koraltekki.hu\/index.php?rest_route=\/wp\/v2\/pages\/2146\/revisions"}],"predecessor-version":[{"id":2237,"href":"http:\/\/www.koraltekki.hu\/index.php?rest_route=\/wp\/v2\/pages\/2146\/revisions\/2237"}],"wp:attachment":[{"href":"http:\/\/www.koraltekki.hu\/index.php?rest_route=%2Fwp%2Fv2%2Fmedia&parent=2146"}],"curies":[{"name":"wp","href":"https:\/\/api.w.org\/{rel}","templated":true}]}}