{"id":2163,"date":"2019-04-09T17:04:49","date_gmt":"2019-04-09T17:04:49","guid":{"rendered":"http:\/\/www.koraltekki.hu\/?page_id=2163"},"modified":"2019-04-11T18:12:11","modified_gmt":"2019-04-11T18:12:11","slug":"r04","status":"publish","type":"page","link":"http:\/\/www.koraltekki.hu\/?page_id=2163","title":{"rendered":"Renault 4"},"content":{"rendered":"<p>Renault 4 szem\u00e9lyaut\u00f3<\/p>\n<p>Hogy ker\u00fclt a v\u00edzbe? Senki sem tudja.<br \/>\n8 m m\u00e9lyen tal\u00e1lhat\u00f3 egy szigethez k\u00f6zel, \u00edgy OWD b\u00fav\u00e1rok is megn\u00e9zhetik.<\/p>\n<p>Ilyen volt<\/p>\n<p><a href=\"http:\/\/www.koraltekki.hu\/wp-content\/uploads\/2019\/04\/renault-r-4-l-01.jpg\"><img loading=\"lazy\" class=\"wp-image-2195 alignnone\" src=\"http:\/\/www.koraltekki.hu\/wp-content\/uploads\/2019\/04\/renault-r-4-l-01-300x117.jpg\" alt=\"\" width=\"764\" height=\"298\" srcset=\"http:\/\/www.koraltekki.hu\/wp-content\/uploads\/2019\/04\/renault-r-4-l-01-300x117.jpg 300w, http:\/\/www.koraltekki.hu\/wp-content\/uploads\/2019\/04\/renault-r-4-l-01-768x300.jpg 768w, http:\/\/www.koraltekki.hu\/wp-content\/uploads\/2019\/04\/renault-r-4-l-01-1024x400.jpg 1024w, http:\/\/www.koraltekki.hu\/wp-content\/uploads\/2019\/04\/renault-r-4-l-01-250x98.jpg 250w, http:\/\/www.koraltekki.hu\/wp-content\/uploads\/2019\/04\/renault-r-4-l-01-150x59.jpg 150w, http:\/\/www.koraltekki.hu\/wp-content\/uploads\/2019\/04\/renault-r-4-l-01.jpg 1100w\" sizes=\"(max-width: 764px) 100vw, 764px\" \/><\/a><\/p>\n<p>Ilyen lett<\/p>\n<p><a href=\"http:\/\/www.koraltekki.hu\/wp-content\/uploads\/2016\/02\/k-IMG_2992.jpg\"><img loading=\"lazy\" class=\" wp-image-1257 alignleft\" src=\"http:\/\/www.koraltekki.hu\/wp-content\/uploads\/2016\/02\/k-IMG_2992-300x200.jpg\" alt=\"\" width=\"762\" height=\"508\" srcset=\"http:\/\/www.koraltekki.hu\/wp-content\/uploads\/2016\/02\/k-IMG_2992-300x200.jpg 300w, http:\/\/www.koraltekki.hu\/wp-content\/uploads\/2016\/02\/k-IMG_2992-1024x683.jpg 1024w, http:\/\/www.koraltekki.hu\/wp-content\/uploads\/2016\/02\/k-IMG_2992-225x150.jpg 225w, http:\/\/www.koraltekki.hu\/wp-content\/uploads\/2016\/02\/k-IMG_2992-150x100.jpg 150w, http:\/\/www.koraltekki.hu\/wp-content\/uploads\/2016\/02\/k-IMG_2992.jpg 1200w\" sizes=\"(max-width: 762px) 100vw, 762px\" \/><\/a><\/p>\n<p>&nbsp;<\/p>\n","protected":false},"excerpt":{"rendered":"<p>Renault 4 szem\u00e9lyaut\u00f3 Hogy ker\u00fclt a v\u00edzbe? Senki sem tudja. 8 m m\u00e9lyen tal\u00e1lhat\u00f3 egy szigethez k\u00f6zel, \u00edgy OWD b\u00fav\u00e1rok is megn\u00e9zhetik. Ilyen volt Ilyen lett &nbsp;<\/p>\n","protected":false},"author":1,"featured_media":0,"parent":0,"menu_order":0,"comment_status":"closed","ping_status":"closed","template":"","meta":[],"_links":{"self":[{"href":"http:\/\/www.koraltekki.hu\/index.php?rest_route=\/wp\/v2\/pages\/2163"}],"collection":[{"href":"http:\/\/www.koraltekki.hu\/index.php?rest_route=\/wp\/v2\/pages"}],"about":[{"href":"http:\/\/www.koraltekki.hu\/index.php?rest_route=\/wp\/v2\/types\/page"}],"author":[{"embeddable":true,"href":"http:\/\/www.koraltekki.hu\/index.php?rest_route=\/wp\/v2\/users\/1"}],"replies":[{"embeddable":true,"href":"http:\/\/www.koraltekki.hu\/index.php?rest_route=%2Fwp%2Fv2%2Fcomments&post=2163"}],"version-history":[{"count":7,"href":"http:\/\/www.koraltekki.hu\/index.php?rest_route=\/wp\/v2\/pages\/2163\/revisions"}],"predecessor-version":[{"id":2200,"href":"http:\/\/www.koraltekki.hu\/index.php?rest_route=\/wp\/v2\/pages\/2163\/revisions\/2200"}],"wp:attachment":[{"href":"http:\/\/www.koraltekki.hu\/index.php?rest_route=%2Fwp%2Fv2%2Fmedia&parent=2163"}],"curies":[{"name":"wp","href":"https:\/\/api.w.org\/{rel}","templated":true}]}}