{"id":2213,"date":"2019-04-18T18:29:24","date_gmt":"2019-04-18T18:29:24","guid":{"rendered":"http:\/\/www.koraltekki.hu\/?page_id=2213"},"modified":"2023-06-02T17:46:39","modified_gmt":"2023-06-02T17:46:39","slug":"bazis-arlista-2","status":"publish","type":"page","link":"http:\/\/www.koraltekki.hu\/?page_id=2213","title":{"rendered":"B\u00e1zis \u00e1rlista"},"content":{"rendered":"\n<figure class=\"wp-block-table\"><table><tbody><tr><td>\u00c1rak \u20ac -ban<\/td><td><\/td><td><\/td><td><\/td><\/tr><tr><td>1. f\u00e9lnapos program a parti b\u00e1zisr\u00f3l indulva 8:30<\/td><td><\/td><td><\/td><td><\/td><\/tr><tr><td><\/td><td><\/td><td><\/td><td><\/td><\/tr><tr><td>Saj\u00e1t felszerel\u00e9s, 2 haj\u00f3s mer\u00fcl\u00e9s&nbsp;<\/td><td>85<\/td><td><\/td><td><\/td><\/tr><tr><td>Utas<\/td><td>25<\/td><td><\/td><td><\/td><\/tr><tr><td>Kezd\u0151knek sznorkelez\u00e9s<\/td><td>35<\/td><td><\/td><td><\/td><\/tr><tr><td>Discovery mer\u00fcl\u00e9s 1 db<\/td><td>100<\/td><td><\/td><td><\/td><\/tr><tr><td>Discovery mer\u00fcl\u00e9s 2 db<\/td><td>140<\/td><td><\/td><td><\/td><\/tr><tr><td><\/td><td><\/td><td><\/td><td><\/td><\/tr><tr><td>2.Eg\u00e9sz napos program&nbsp; 8:00 indul\u00e1s (Kaprije, Kornati,Telascica, Franceska)<\/td><td><\/td><\/tr><tr><td>2 haj\u00f3s mer\u00fcl\u00e9s<\/td><td>150<\/td><td><\/td><td><\/td><\/tr><tr><td>Utas<\/td><td>40<\/td><td><\/td><td><\/td><\/tr><tr><td>Sznorkelez\u00e9s<\/td><td>50<\/td><td><\/td><td><\/td><\/tr><tr><td><\/td><td><\/td><td><\/td><td><\/td><\/tr><tr><td><\/td><td><\/td><td><\/td><td><\/td><\/tr><tr><td>3. Felszerel\u00e9s b\u00e9rl\u00e9s \/ nap<\/td><td><\/td><td><\/td><td><\/td><\/tr><tr><td><\/td><td><\/td><td><\/td><td><\/td><\/tr><tr><td>Reduktor , csizma , ruha (10\/10\/10) t\u00e9telenk\u00e9nt<\/td><td>10<\/td><td><\/td><td><\/td><\/tr><tr><td>Teljes felszerel\u00e9s palack n\u00e9lk\u00fcl<\/td><td>35<\/td><td><\/td><td><\/td><\/tr><tr><td>Palack t\u00f6ltve<\/td><td>18<\/td><td><\/td><td><\/td><\/tr><tr><td>Teljes felszerel\u00e9s palackkal (b\u00fav\u00e1rkomputer n\u00e9lk\u00fcl)<\/td><td>50<\/td><td><\/td><td><\/td><\/tr><tr><td><\/td><td><\/td><td><\/td><td><\/td><\/tr><tr><td>4. Tanfolyamok<\/td><td><\/td><td><\/td><td><\/td><\/tr><tr><td><\/td><td><\/td><td><\/td><td><\/td><\/tr><tr><td>OWD vagy Scuba Diver<\/td><td>480<\/td><td><\/td><td><\/td><\/tr><tr><td>Tanfolyami anyag<\/td><td>75<\/td><td><\/td><td><\/td><\/tr><tr><td>Aowd<\/td><td>430<\/td><td><\/td><td><\/td><\/tr><tr><td>Rescue diver<\/td><td>490<\/td><td><\/td><td><\/td><\/tr><tr><td>Divemaster<\/td><td>770<\/td><td><\/td><td><\/td><\/tr><tr><td>Tanfolyami anyag<\/td><td>199<\/td><td><\/td><td><\/td><\/tr><tr><td>EFR<\/td><td>170<\/td><td><\/td><td><\/td><\/tr><tr><td><\/td><td><\/td><td><\/td><td><\/td><\/tr><tr><td>5. Parti b\u00e1zis aj\u00e1nlatok<\/td><td><\/td><td><\/td><td><\/td><\/tr><tr><td>Discovery mer\u00fcl\u00e9s (eligazit\u00e1s, oktat\u00f3 vagy DM kis\u00e9ret)<\/td><td><\/td><td><\/td><td><\/td><\/tr><tr><td>10-15 perc hossz\u00fa<\/td><td>50<\/td><td><\/td><td><\/td><\/tr><tr><td>40-45&nbsp; perc hossz\u00fa<\/td><td>75<\/td><td><\/td><td><\/td><\/tr><tr><td><\/td><td><\/td><td><\/td><td><\/td><\/tr><tr><td>Check dive<\/td><td>60<\/td><td><\/td><td><\/td><\/tr><tr><td>Parti mer\u00fcl\u00e9s a b\u00e1zis el\u0151tt<\/td><td>50<\/td><td><\/td><td><\/td><\/tr><\/tbody><\/table><\/figure>\n\n\n\n<p><\/p>\n","protected":false},"excerpt":{"rendered":"<p>\u00c1rak \u20ac -ban 1. f\u00e9lnapos program a parti b\u00e1zisr\u00f3l indulva 8:30 Saj\u00e1t felszerel\u00e9s, 2 haj\u00f3s mer\u00fcl\u00e9s&nbsp; 85 Utas 25 Kezd\u0151knek sznorkelez\u00e9s 35 Discovery mer\u00fcl\u00e9s 1 db 100 Discovery mer\u00fcl\u00e9s 2 db 140 2.Eg\u00e9sz napos program&nbsp; 8:00 indul\u00e1s (Kaprije, Kornati,Telascica, Franceska) 2 haj\u00f3s mer\u00fcl\u00e9s 150 Utas 40 Sznorkelez\u00e9s 50 3. Felszerel\u00e9s \u2026 <a href=\"http:\/\/www.koraltekki.hu\/?page_id=2213\"> Continue reading <span class=\"meta-nav\">&rarr; <\/span><\/a><\/p>\n","protected":false},"author":1,"featured_media":0,"parent":0,"menu_order":0,"comment_status":"closed","ping_status":"closed","template":"","meta":[],"_links":{"self":[{"href":"http:\/\/www.koraltekki.hu\/index.php?rest_route=\/wp\/v2\/pages\/2213"}],"collection":[{"href":"http:\/\/www.koraltekki.hu\/index.php?rest_route=\/wp\/v2\/pages"}],"about":[{"href":"http:\/\/www.koraltekki.hu\/index.php?rest_route=\/wp\/v2\/types\/page"}],"author":[{"embeddable":true,"href":"http:\/\/www.koraltekki.hu\/index.php?rest_route=\/wp\/v2\/users\/1"}],"replies":[{"embeddable":true,"href":"http:\/\/www.koraltekki.hu\/index.php?rest_route=%2Fwp%2Fv2%2Fcomments&post=2213"}],"version-history":[{"count":4,"href":"http:\/\/www.koraltekki.hu\/index.php?rest_route=\/wp\/v2\/pages\/2213\/revisions"}],"predecessor-version":[{"id":2354,"href":"http:\/\/www.koraltekki.hu\/index.php?rest_route=\/wp\/v2\/pages\/2213\/revisions\/2354"}],"wp:attachment":[{"href":"http:\/\/www.koraltekki.hu\/index.php?rest_route=%2Fwp%2Fv2%2Fmedia&parent=2213"}],"curies":[{"name":"wp","href":"https:\/\/api.w.org\/{rel}","templated":true}]}}