{"id":2250,"date":"2019-11-16T15:38:02","date_gmt":"2019-11-16T15:38:02","guid":{"rendered":"http:\/\/www.koraltekki.hu\/?page_id=2250"},"modified":"2019-11-16T15:38:49","modified_gmt":"2019-11-16T15:38:49","slug":"infoline-2","status":"publish","type":"page","link":"http:\/\/www.koraltekki.hu\/?page_id=2250","title":{"rendered":"Infoline"},"content":{"rendered":"<p>Nyaral\u00f3k, t\u00farist\u00e1k sz\u00e1m\u00e1ra egyar\u00e1nt biztos\u00edtunk inform\u00e1ci\u00f3kat<\/p>\n<ul>\n<li>sz\u00e1ll\u00e1sokr\u00f3l,<\/li>\n<li>utaz\u00e1sr\u00f3l,<\/li>\n<li>helyi inform\u00e1ci\u00f3kr\u00f3l,<\/li>\n<li>helyi program lehet\u0151s\u00e9gekr\u0151l<\/li>\n<li>b\u00fav\u00e1roknak szigor\u00faan szakmai dolgokr\u00f3l<\/li>\n<\/ul>\n<p>&nbsp;<\/p>\n<p><a href=\"http:\/\/www.koraltekki.hu\/wp-content\/uploads\/2015\/06\/k-IMG_1211.jpg\"><img loading=\"lazy\" class=\" wp-image-1036 alignleft\" src=\"http:\/\/www.koraltekki.hu\/wp-content\/uploads\/2015\/06\/k-IMG_1211-300x200.jpg\" alt=\"\" width=\"802\" height=\"534\" srcset=\"http:\/\/www.koraltekki.hu\/wp-content\/uploads\/2015\/06\/k-IMG_1211-300x200.jpg 300w, http:\/\/www.koraltekki.hu\/wp-content\/uploads\/2015\/06\/k-IMG_1211-1024x683.jpg 1024w, http:\/\/www.koraltekki.hu\/wp-content\/uploads\/2015\/06\/k-IMG_1211-225x150.jpg 225w, http:\/\/www.koraltekki.hu\/wp-content\/uploads\/2015\/06\/k-IMG_1211-150x100.jpg 150w, http:\/\/www.koraltekki.hu\/wp-content\/uploads\/2015\/06\/k-IMG_1211.jpg 1200w\" sizes=\"(max-width: 802px) 100vw, 802px\" \/><\/a><a href=\"http:\/\/www.koraltekki.hu\/wp-content\/uploads\/2015\/01\/1855.jpeg\"><img loading=\"lazy\" class=\" wp-image-1720 alignleft\" src=\"http:\/\/www.koraltekki.hu\/wp-content\/uploads\/2015\/01\/1855-300x180.jpeg\" alt=\"\" width=\"799\" height=\"479\" srcset=\"http:\/\/www.koraltekki.hu\/wp-content\/uploads\/2015\/01\/1855-300x180.jpeg 300w, http:\/\/www.koraltekki.hu\/wp-content\/uploads\/2015\/01\/1855-768x461.jpeg 768w, http:\/\/www.koraltekki.hu\/wp-content\/uploads\/2015\/01\/1855-250x150.jpeg 250w, http:\/\/www.koraltekki.hu\/wp-content\/uploads\/2015\/01\/1855-150x90.jpeg 150w, http:\/\/www.koraltekki.hu\/wp-content\/uploads\/2015\/01\/1855.jpeg 960w\" sizes=\"(max-width: 799px) 100vw, 799px\" \/><\/a><\/p>\n","protected":false},"excerpt":{"rendered":"<p>Nyaral\u00f3k, t\u00farist\u00e1k sz\u00e1m\u00e1ra egyar\u00e1nt biztos\u00edtunk inform\u00e1ci\u00f3kat sz\u00e1ll\u00e1sokr\u00f3l, utaz\u00e1sr\u00f3l, helyi inform\u00e1ci\u00f3kr\u00f3l, helyi program lehet\u0151s\u00e9gekr\u0151l b\u00fav\u00e1roknak szigor\u00faan szakmai dolgokr\u00f3l &nbsp;<\/p>\n","protected":false},"author":1,"featured_media":0,"parent":0,"menu_order":0,"comment_status":"closed","ping_status":"closed","template":"","meta":[],"_links":{"self":[{"href":"http:\/\/www.koraltekki.hu\/index.php?rest_route=\/wp\/v2\/pages\/2250"}],"collection":[{"href":"http:\/\/www.koraltekki.hu\/index.php?rest_route=\/wp\/v2\/pages"}],"about":[{"href":"http:\/\/www.koraltekki.hu\/index.php?rest_route=\/wp\/v2\/types\/page"}],"author":[{"embeddable":true,"href":"http:\/\/www.koraltekki.hu\/index.php?rest_route=\/wp\/v2\/users\/1"}],"replies":[{"embeddable":true,"href":"http:\/\/www.koraltekki.hu\/index.php?rest_route=%2Fwp%2Fv2%2Fcomments&post=2250"}],"version-history":[{"count":3,"href":"http:\/\/www.koraltekki.hu\/index.php?rest_route=\/wp\/v2\/pages\/2250\/revisions"}],"predecessor-version":[{"id":2254,"href":"http:\/\/www.koraltekki.hu\/index.php?rest_route=\/wp\/v2\/pages\/2250\/revisions\/2254"}],"wp:attachment":[{"href":"http:\/\/www.koraltekki.hu\/index.php?rest_route=%2Fwp%2Fv2%2Fmedia&parent=2250"}],"curies":[{"name":"wp","href":"https:\/\/api.w.org\/{rel}","templated":true}]}}