{"id":2285,"date":"2020-04-24T12:28:09","date_gmt":"2020-04-24T12:28:09","guid":{"rendered":"http:\/\/www.koraltekki.hu\/?page_id=2285"},"modified":"2023-06-17T17:28:58","modified_gmt":"2023-06-17T17:28:58","slug":"jarvanyugyi-eloirasok","status":"publish","type":"page","link":"http:\/\/www.koraltekki.hu\/?page_id=2285","title":{"rendered":"J\u00e1rv\u00e1ny\u00fcgyi el\u0151\u00edr\u00e1sok &#8211; megsz\u00fcnt"},"content":{"rendered":"<p><span style=\"color: #ff0000;\">Jelenlegi horv\u00e1t hat\u00f3s\u00e1gi el\u0151\u00edr\u00e1s:<\/span><\/p>\n<ul>\n<li>Miut\u00e1n Horv\u00e1torsz\u00e1g a schengeni \u00f6vezet tagja, nincs hat\u00e1rellen\u0151rz\u00e9s<\/li>\n<li>Aut\u00f3don legyen un. &#8220;Z\u00f6ldk\u00e1rtya&#8221;<\/li>\n<\/ul>\n<p><span style=\"color: #ff0000;\">\u00c1ltalunk k\u00e9rtek:<\/span><\/p>\n<ul>\n<li>legyen maszkod<\/li>\n<li>legyen \u00e9rv\u00e9nyes\u00a0 Eur\u00f3pai Eg\u00e9szs\u00e9gbiztos\u00edt\u00e1si K\u00e1rtya \/European Health Insurance card (&#8220;blue card&#8221;)<\/li>\n<li>legy\u00e9l egy\u00fcttm\u0171k\u00f6d\u0151<\/li>\n<\/ul>\n<p><span style=\"color: #ff0000;\">Amire v\u00e1runk:<\/span><\/p>\n<ul>\n<li>miut\u00e1n a magyar korm\u00e1ny feloldotta azon int\u00e9zked\u00e9s\u00e9t, miszerint a hazat\u00e9r\u0151knek 14 nap \u00f6nk\u00e9ntes karant\u00e9nba kell vonulnia<\/li>\n<li><span style=\"color: #ff0000;\">m\u00e1r csak R\u00e1tok v\u00e1runk<\/span><\/li>\n<\/ul>\n<p><a href=\"http:\/\/www.koraltekki.hu\/wp-content\/uploads\/2020\/04\/europeanhealthinsurance-1.jpg\"><img loading=\"lazy\" class=\" wp-image-2291 alignleft\" src=\"http:\/\/www.koraltekki.hu\/wp-content\/uploads\/2020\/04\/europeanhealthinsurance-1.jpg\" alt=\"\" width=\"446\" height=\"290\" srcset=\"http:\/\/www.koraltekki.hu\/wp-content\/uploads\/2020\/04\/europeanhealthinsurance-1.jpg 220w, http:\/\/www.koraltekki.hu\/wp-content\/uploads\/2020\/04\/europeanhealthinsurance-1-150x98.jpg 150w\" sizes=\"(max-width: 446px) 100vw, 446px\" \/><\/a><\/p>\n","protected":false},"excerpt":{"rendered":"<p>Jelenlegi horv\u00e1t hat\u00f3s\u00e1gi el\u0151\u00edr\u00e1s: Miut\u00e1n Horv\u00e1torsz\u00e1g a schengeni \u00f6vezet tagja, nincs hat\u00e1rellen\u0151rz\u00e9s Aut\u00f3don legyen un. &#8220;Z\u00f6ldk\u00e1rtya&#8221; \u00c1ltalunk k\u00e9rtek: legyen maszkod legyen \u00e9rv\u00e9nyes\u00a0 Eur\u00f3pai Eg\u00e9szs\u00e9gbiztos\u00edt\u00e1si K\u00e1rtya \/European Health Insurance card (&#8220;blue card&#8221;) legy\u00e9l egy\u00fcttm\u0171k\u00f6d\u0151 Amire v\u00e1runk: miut\u00e1n a magyar korm\u00e1ny feloldotta azon int\u00e9zked\u00e9s\u00e9t, miszerint a hazat\u00e9r\u0151knek 14 nap \u00f6nk\u00e9ntes karant\u00e9nba kell \u2026 <a href=\"http:\/\/www.koraltekki.hu\/?page_id=2285\"> Continue reading <span class=\"meta-nav\">&rarr; <\/span><\/a><\/p>\n","protected":false},"author":1,"featured_media":0,"parent":0,"menu_order":0,"comment_status":"closed","ping_status":"closed","template":"","meta":[],"_links":{"self":[{"href":"http:\/\/www.koraltekki.hu\/index.php?rest_route=\/wp\/v2\/pages\/2285"}],"collection":[{"href":"http:\/\/www.koraltekki.hu\/index.php?rest_route=\/wp\/v2\/pages"}],"about":[{"href":"http:\/\/www.koraltekki.hu\/index.php?rest_route=\/wp\/v2\/types\/page"}],"author":[{"embeddable":true,"href":"http:\/\/www.koraltekki.hu\/index.php?rest_route=\/wp\/v2\/users\/1"}],"replies":[{"embeddable":true,"href":"http:\/\/www.koraltekki.hu\/index.php?rest_route=%2Fwp%2Fv2%2Fcomments&post=2285"}],"version-history":[{"count":9,"href":"http:\/\/www.koraltekki.hu\/index.php?rest_route=\/wp\/v2\/pages\/2285\/revisions"}],"predecessor-version":[{"id":2358,"href":"http:\/\/www.koraltekki.hu\/index.php?rest_route=\/wp\/v2\/pages\/2285\/revisions\/2358"}],"wp:attachment":[{"href":"http:\/\/www.koraltekki.hu\/index.php?rest_route=%2Fwp%2Fv2%2Fmedia&parent=2285"}],"curies":[{"name":"wp","href":"https:\/\/api.w.org\/{rel}","templated":true}]}}