{"id":232,"date":"2015-01-26T17:49:57","date_gmt":"2015-01-26T17:49:57","guid":{"rendered":"http:\/\/www.koraltekki.hu\/?page_id=232"},"modified":"2015-02-19T18:11:17","modified_gmt":"2015-02-19T18:11:17","slug":"partnereink","status":"publish","type":"page","link":"http:\/\/www.koraltekki.hu\/?page_id=232","title":{"rendered":"DEEP SENSATION"},"content":{"rendered":"<p><a href=\"http:\/\/www.koraltekki.hu\/wp-content\/uploads\/2015\/01\/thumbnail_l.jpg\"><img loading=\"lazy\" class=\"alignnone size-medium wp-image-238\" src=\"http:\/\/www.koraltekki.hu\/wp-content\/uploads\/2015\/01\/thumbnail_l-300x300.jpg\" alt=\"thumbnail_l\" width=\"300\" height=\"300\" srcset=\"http:\/\/www.koraltekki.hu\/wp-content\/uploads\/2015\/01\/thumbnail_l-300x300.jpg 300w, http:\/\/www.koraltekki.hu\/wp-content\/uploads\/2015\/01\/thumbnail_l-150x150.jpg 150w, http:\/\/www.koraltekki.hu\/wp-content\/uploads\/2015\/01\/thumbnail_l.jpg 480w\" sizes=\"(max-width: 300px) 100vw, 300px\" \/><\/a><\/p>\n<p>Egyiptom \/ Hurghada = Napf\u00e9ny &amp; \u00e9lm\u00e9nyek<br \/>\nCsatlakozz hozz\u00e1nk ak\u00e1r hotelben szeretn\u00e9d kipihenni a szorgos h\u00e9tk\u00f6znapok f\u00e1radalmait, ak\u00e1r bubor\u00e9k form\u00e1j\u00e1ban engedn\u00e9d ki\u00a0a g\u0151zt.\u00a0Mer\u00fclhetsz vel\u00fcnk b\u00e1zisainkr\u00f3l, kihaj\u00f3zhatsz haj\u00f3inkon naponta, vagy \u00e9lvezheted a szafari haj\u00f3 k\u00e9nyelm\u00e9t \u00e9s nyugalm\u00e1t egy h\u00e9tig t\u00e1vol a k\u00fclvil\u00e1g ny\u00fczsg\u00e9s\u00e9t\u0151l.<br \/>\nDeep Sensation lelkes csapata j\u00f3 hangulatot \u00e9s felejthetetlen \u00e9lm\u00e9nyt \u00edg\u00e9r a r\u00e9sztvev\u0151k sz\u00e1m\u00e1ra a b\u00fav\u00e1rkod\u00e1s \u00e9s fakultat\u00edv programok eset\u00e9n is. Felk\u00e9sz\u00fclt koll\u00e9g\u00e1nk -ig\u00e9ny eset\u00e9n magyarul besz\u00e9l\u0151- biztos\u00edtja kikapcsol\u00f3d\u00e1st a rept\u00e9rre \u00e9rkez\u00e9s pillanat\u00e1t\u00f3l.<\/p>\n<p>Facebook oldal :https:\/\/www.facebook.com\/pages\/Deep-Sensation\/592670854175928?sk=info&amp;tab=overview<\/p>\n","protected":false},"excerpt":{"rendered":"<p>Egyiptom \/ Hurghada = Napf\u00e9ny &amp; \u00e9lm\u00e9nyek Csatlakozz hozz\u00e1nk ak\u00e1r hotelben szeretn\u00e9d kipihenni a szorgos h\u00e9tk\u00f6znapok f\u00e1radalmait, ak\u00e1r bubor\u00e9k form\u00e1j\u00e1ban engedn\u00e9d ki\u00a0a g\u0151zt.\u00a0Mer\u00fclhetsz vel\u00fcnk b\u00e1zisainkr\u00f3l, kihaj\u00f3zhatsz haj\u00f3inkon naponta, vagy \u00e9lvezheted a szafari haj\u00f3 k\u00e9nyelm\u00e9t \u00e9s nyugalm\u00e1t egy h\u00e9tig t\u00e1vol a k\u00fclvil\u00e1g ny\u00fczsg\u00e9s\u00e9t\u0151l. Deep Sensation lelkes csapata j\u00f3 hangulatot \u00e9s felejthetetlen \u2026 <a href=\"http:\/\/www.koraltekki.hu\/?page_id=232\"> Continue reading <span class=\"meta-nav\">&rarr; <\/span><\/a><\/p>\n","protected":false},"author":1,"featured_media":0,"parent":0,"menu_order":0,"comment_status":"closed","ping_status":"open","template":"","meta":[],"_links":{"self":[{"href":"http:\/\/www.koraltekki.hu\/index.php?rest_route=\/wp\/v2\/pages\/232"}],"collection":[{"href":"http:\/\/www.koraltekki.hu\/index.php?rest_route=\/wp\/v2\/pages"}],"about":[{"href":"http:\/\/www.koraltekki.hu\/index.php?rest_route=\/wp\/v2\/types\/page"}],"author":[{"embeddable":true,"href":"http:\/\/www.koraltekki.hu\/index.php?rest_route=\/wp\/v2\/users\/1"}],"replies":[{"embeddable":true,"href":"http:\/\/www.koraltekki.hu\/index.php?rest_route=%2Fwp%2Fv2%2Fcomments&post=232"}],"version-history":[{"count":7,"href":"http:\/\/www.koraltekki.hu\/index.php?rest_route=\/wp\/v2\/pages\/232\/revisions"}],"predecessor-version":[{"id":795,"href":"http:\/\/www.koraltekki.hu\/index.php?rest_route=\/wp\/v2\/pages\/232\/revisions\/795"}],"wp:attachment":[{"href":"http:\/\/www.koraltekki.hu\/index.php?rest_route=%2Fwp%2Fv2%2Fmedia&parent=232"}],"curies":[{"name":"wp","href":"https:\/\/api.w.org\/{rel}","templated":true}]}}