{"id":268,"date":"2015-01-27T20:37:17","date_gmt":"2015-01-27T20:37:17","guid":{"rendered":"http:\/\/www.koraltekki.hu\/?page_id=268"},"modified":"2015-01-27T20:38:27","modified_gmt":"2015-01-27T20:38:27","slug":"jegala-merulo-ice-diver","status":"publish","type":"page","link":"http:\/\/www.koraltekki.hu\/?page_id=268","title":{"rendered":"J\u00e9gal\u00e1 mer\u00fcl\u0151 (Ice)"},"content":{"rendered":"<p><strong>J\u00e9gal\u00e1 \u00a0b\u00fav\u00e1r\u00a0(Ice Diver)\u00a0tanfolyam<\/strong><\/p>\n<p>Megismered<\/p>\n<ul>\n<li>a j\u00e9gal\u00e1 mer\u00fcl\u00e9s speci\u00e1lis felszerel\u00e9seit,<\/li>\n<li>a mer\u00fcl\u00e9s tervez\u00e9s\u00e9t \u00e9s a<\/li>\n<li>sz\u00fcks\u00e9ges felszerel\u00e9si t\u00e1rgyakat.<\/li>\n<li><\/li>\n<li><strong><em>Tanfolyam anyaga:<\/em><\/strong><br \/>\n&#8211; a Halad\u00f3 (**) tanfolyam anyag\u00e1nak \u00e1tism\u00e9tl\u00e9se<br \/>\n(k\u00fcl\u00f6n\u00f6s tekintettel eg\u00e9szs\u00e9g\u00fcgyi ismeretekre, az \u00f6n- \u00e9s t\u00e1rsment\u00e9s k\u00e9rd\u00e9seire,<\/li>\n<li>a b\u00fav\u00e1r sz\u00e1mit\u00e1sokra \u00e9s a dekompresszi\u00f3s t\u00e1bl\u00e1zatok haszn\u00e1lat\u00e1ra valamint a szervez\u00e9si k\u00e9rd\u00e9sekre<br \/>\n&#8211; mer\u00fcl\u00e9s elm\u00e9lete,- a j\u00e9gal\u00e1 mer\u00fcl\u00e9s felszerel\u00e9si t\u00e1rgyai ismerete \u00e9s\u00a0 azok haszn\u00e1lata<\/li>\n<li>&#8211; A \u00a0 j\u00e9gal\u00e1 mer\u00fcl\u00e9s tervez\u00e9se, szervez\u00e9se \u00e9s v\u00e9grehajt\u00e1sa<br \/>\n&#8211; uszodai \u00e9s tavi mer\u00fcl\u00e9sek.<\/li>\n<\/ul>\n<p><strong><em>Tanfolyam fel\u00e9p\u00edt\u00e9se:<\/em><\/strong><\/p>\n<ul>\n<li>&#8211; elm\u00e9leti oktat\u00e1s<br \/>\n&#8211; uszodai oktat\u00e1s<br \/>\n&#8211; tavi mer\u00fcl\u00e9sek<\/li>\n<\/ul>\n<p><strong><em>R\u00e9szv\u00e9teli felt\u00e9tel:<\/em><\/strong><\/p>\n<ul>\n<li>&#8211; bet\u00f6lt\u00f6tt 15. \u00e9let\u00e9v,<br \/>\n&#8211; CMAS ** vagy megfelel\u0151 min\u0151s\u00edt\u00e9s,<br \/>\n&#8211; minimum 40 ny\u00edltvizi mer\u00fcl\u00e9s<br \/>\n&#8211; orvosi alkalmass\u00e1g,<br \/>\n&#8211; befizetett tanfolyamd\u00edj.<\/li>\n<\/ul>\n<p><strong>A tanfolyamd\u00edj tartalmazza:<\/strong><\/p>\n<ul>\n<li>&#8211;\u00a0 elm\u00e9leti oktat\u00e1st, jegyzeteket<br \/>\n&#8211;\u00a0 uszodai oktat\u00e1st<br \/>\n&#8211;\u00a0 ny\u00edltviz mer\u00fcl\u00e9seket (belf\u00f6ldi vizsga eset\u00e9n)<\/li>\n<\/ul>\n<p><strong><em>Nem tartalmazza:<\/em><\/strong><\/p>\n<ul>\n<li>&#8211; sz\u00e1ll\u00e1st,<br \/>\n&#8211;\u00a0 utaz\u00e1st,<br \/>\n&#8211;\u00a0 k\u00fclf\u00f6ldi mer\u00fcl\u00e9sek \u00e9s vizsga k\u00f6lts\u00e9geit ,<br \/>\n&#8211;\u00a0 nemzetk\u00f6zi regisztr\u00e1ci\u00f3 d\u00edj\u00e1t.<\/li>\n<\/ul>\n<p><em><strong>K\u00e9r\u00e9sre a tanfolyami mer\u00fcl\u00e9sekr\u0151l professzion\u00e1lis szinvonal\u00fa filmet k\u00e9sz\u00edt\u00fcnk, melyet DVD-n \u00e1tadunk a tanfolyam r\u00e9sztvev\u0151inek.<\/strong><\/em><\/p>\n","protected":false},"excerpt":{"rendered":"<p>J\u00e9gal\u00e1 \u00a0b\u00fav\u00e1r\u00a0(Ice Diver)\u00a0tanfolyam Megismered a j\u00e9gal\u00e1 mer\u00fcl\u00e9s speci\u00e1lis felszerel\u00e9seit, a mer\u00fcl\u00e9s tervez\u00e9s\u00e9t \u00e9s a sz\u00fcks\u00e9ges felszerel\u00e9si t\u00e1rgyakat. Tanfolyam anyaga: &#8211; a Halad\u00f3 (**) tanfolyam anyag\u00e1nak \u00e1tism\u00e9tl\u00e9se (k\u00fcl\u00f6n\u00f6s tekintettel eg\u00e9szs\u00e9g\u00fcgyi ismeretekre, az \u00f6n- \u00e9s t\u00e1rsment\u00e9s k\u00e9rd\u00e9seire, a b\u00fav\u00e1r sz\u00e1mit\u00e1sokra \u00e9s a dekompresszi\u00f3s t\u00e1bl\u00e1zatok haszn\u00e1lat\u00e1ra valamint a szervez\u00e9si k\u00e9rd\u00e9sekre &#8211; mer\u00fcl\u00e9s elm\u00e9lete,- \u2026 <a href=\"http:\/\/www.koraltekki.hu\/?page_id=268\"> Continue reading <span class=\"meta-nav\">&rarr; <\/span><\/a><\/p>\n","protected":false},"author":1,"featured_media":0,"parent":0,"menu_order":0,"comment_status":"closed","ping_status":"open","template":"","meta":[],"_links":{"self":[{"href":"http:\/\/www.koraltekki.hu\/index.php?rest_route=\/wp\/v2\/pages\/268"}],"collection":[{"href":"http:\/\/www.koraltekki.hu\/index.php?rest_route=\/wp\/v2\/pages"}],"about":[{"href":"http:\/\/www.koraltekki.hu\/index.php?rest_route=\/wp\/v2\/types\/page"}],"author":[{"embeddable":true,"href":"http:\/\/www.koraltekki.hu\/index.php?rest_route=\/wp\/v2\/users\/1"}],"replies":[{"embeddable":true,"href":"http:\/\/www.koraltekki.hu\/index.php?rest_route=%2Fwp%2Fv2%2Fcomments&post=268"}],"version-history":[{"count":2,"href":"http:\/\/www.koraltekki.hu\/index.php?rest_route=\/wp\/v2\/pages\/268\/revisions"}],"predecessor-version":[{"id":272,"href":"http:\/\/www.koraltekki.hu\/index.php?rest_route=\/wp\/v2\/pages\/268\/revisions\/272"}],"wp:attachment":[{"href":"http:\/\/www.koraltekki.hu\/index.php?rest_route=%2Fwp%2Fv2%2Fmedia&parent=268"}],"curies":[{"name":"wp","href":"https:\/\/api.w.org\/{rel}","templated":true}]}}