{"id":276,"date":"2015-01-27T20:53:57","date_gmt":"2015-01-27T20:53:57","guid":{"rendered":"http:\/\/www.koraltekki.hu\/?page_id=276"},"modified":"2023-05-11T17:56:21","modified_gmt":"2023-05-11T17:56:21","slug":"arlista-2015-2","status":"publish","type":"page","link":"http:\/\/www.koraltekki.hu\/?page_id=276","title":{"rendered":"\u00c1rlista 2023"},"content":{"rendered":"<p style=\"text-align: left;\"><em><a href=\"http:\/\/www.koraltekki.hu\/wp-content\/uploads\/2015\/01\/flagH.jpg\"><img loading=\"lazy\" class=\"alignnone wp-image-371\" src=\"http:\/\/www.koraltekki.hu\/wp-content\/uploads\/2015\/01\/flagH-300x150.jpg\" alt=\"flagH\" width=\"50\" height=\"25\" srcset=\"http:\/\/www.koraltekki.hu\/wp-content\/uploads\/2015\/01\/flagH-300x150.jpg 300w, http:\/\/www.koraltekki.hu\/wp-content\/uploads\/2015\/01\/flagH.jpg 318w\" sizes=\"(max-width: 50px) 100vw, 50px\" \/><\/a>\u00a0\u00a0<\/em><\/p>\n<table width=\"616\">\n<tbody>\n<tr>\n<td width=\"278\"><span style=\"color: #993300;\"><strong>Tanfolyam<\/strong><\/span><\/td>\n<td width=\"119\">D\u00edja\u00a0(HUF)<\/td>\n<td width=\"219\">Megjegyz\u00e9s<\/td>\n<\/tr>\n<tr>\n<td width=\"278\">Alapfok\u00fa \/OWD\u00a0\u00a0(CMAS *, IANTD)<\/td>\n<td width=\"119\">90 000<\/td>\n<td width=\"219\">(1)\u00a0(2)(3)(4)<\/td>\n<\/tr>\n<tr>\n<td width=\"278\">Halad\u00f3\u00a0\/AOWD\u00a0\u00a0(CMAS\u00a0**)<\/td>\n<td width=\"119\">60 000<\/td>\n<td width=\"219\">(1)\u00a0(2)(4)<\/td>\n<\/tr>\n<tr>\n<td width=\"278\">Mer\u00fcl\u00e9svezet\u0151\u00a0\/DM\u00a0\u00a0(CMAS\u00a0***)<\/td>\n<td width=\"119\">100 000<\/td>\n<td width=\"219\">(1)\u00a0(2)(4)<\/td>\n<\/tr>\n<tr>\n<td width=\"278\">Gyermekb\u00fav\u00e1r\u00a0(Children\u00a0\u00a0diver)<\/td>\n<td width=\"119\">60 000<\/td>\n<td width=\"219\">(1)(2)(3)(4)<\/td>\n<\/tr>\n<tr>\n<td width=\"278\"><strong>Szaktanfolyamok<\/strong><\/td>\n<td width=\"119\"><\/td>\n<td width=\"219\"><\/td>\n<\/tr>\n<tr>\n<td width=\"278\">NITROX<\/td>\n<td width=\"119\">25 000<\/td>\n<td width=\"219\">(1)(2)(4)<\/td>\n<\/tr>\n<tr>\n<td width=\"278\">M\u00e9lymer\u00fcl\u0151<\/td>\n<td width=\"119\">25 000<\/td>\n<td width=\"219\">(1)(2)(4)<\/td>\n<\/tr>\n<tr>\n<td width=\"278\">Sz\u00e1razruh\u00e1s<\/td>\n<td width=\"119\">25 000<\/td>\n<td width=\"219\">(1)(2)(4)<\/td>\n<\/tr>\n<tr>\n<td width=\"278\">Roncsmer\u00fcl\u0151<\/td>\n<td width=\"119\">25 000<\/td>\n<td width=\"219\">(1)(2)(4)<\/td>\n<\/tr>\n<tr>\n<td width=\"278\">\u00c9jszakai<\/td>\n<td width=\"119\">25 000<\/td>\n<td width=\"219\">(1)(2)(4)<\/td>\n<\/tr>\n<tr>\n<td width=\"278\">J\u00e9g\u00a0al\u00e1\u00a0mer\u00fcl\u0151<\/td>\n<td width=\"119\">25 000<\/td>\n<td width=\"219\">(1)(2)(4)<\/td>\n<\/tr>\n<tr>\n<td>Fotogr\u00e1fus b\u00fav\u00e1r (Photographer Diver)<\/td>\n<td width=\"119\">25 000<\/td>\n<td>(1)(4)<\/td>\n<\/tr>\n<tr>\n<td width=\"278\"><strong>Egyedi\u00a0tanfolyamok<\/strong><\/td>\n<td width=\"119\"><\/td>\n<td width=\"219\"><\/td>\n<\/tr>\n<tr>\n<td width=\"278\">PDTC<\/td>\n<td width=\"119\">egy\u00e9ni<\/td>\n<td width=\"219\">\u00a0+(3)+\u00a0(5)\u00a0+\u00a0(6)<\/td>\n<\/tr>\n<tr>\n<td width=\"278\">UP-DATE<\/td>\n<td width=\"119\">10 000<\/td>\n<td width=\"219\">\u00a0+(3)+\u00a0(5)\u00a0+\u00a0(6)<\/td>\n<\/tr>\n<tr>\n<td width=\"278\">Safari\u00a0diver<\/td>\n<td width=\"119\">egy\u00e9ni\u00a0\u00e1r<\/td>\n<td width=\"219\"><\/td>\n<\/tr>\n<tr>\n<td><strong>Speci\u00e1lis tanfolyamok (csak N\u00e1lunk)<\/strong><\/td>\n<td><\/td>\n<td><\/td>\n<\/tr>\n<tr>\n<td>Safari diver<\/td>\n<td>egy\u00e9ni \u00e1r<\/td>\n<td><\/td>\n<\/tr>\n<tr>\n<td>Deco diver<\/td>\n<td>egy\u00e9ni \u00e1r<\/td>\n<td><\/td>\n<\/tr>\n<tr>\n<td width=\"278\"><strong>Technikai\u00a0tanfolyamok<\/strong><\/td>\n<td width=\"119\"><\/td>\n<td width=\"219\"><\/td>\n<\/tr>\n<tr>\n<td width=\"278\">Advanced\u00a0NITROX<\/td>\n<td width=\"119\">egy\u00e9ni\u00a0\u00e1r<\/td>\n<td width=\"219\">(1)(2)(4)<\/td>\n<\/tr>\n<tr>\n<td width=\"278\">\u00dajral\u00e9gz\u0151\u00a0tanfolyamok<\/td>\n<td width=\"119\">egy\u00e9ni\u00a0\u00e1r<\/td>\n<td width=\"219\">(1)(2)(4)<\/td>\n<\/tr>\n<tr>\n<td width=\"278\">Normoxic\u00a0Trimix<\/td>\n<td width=\"119\">egy\u00e9ni\u00a0\u00e1r<\/td>\n<td width=\"219\">(1)(2)(4)<\/td>\n<\/tr>\n<tr>\n<td width=\"278\">Hypoxic\u00a0Trimix<\/td>\n<td width=\"119\">egy\u00e9ni\u00a0\u00e1r<\/td>\n<td width=\"219\">(1)(2)(4)<\/td>\n<\/tr>\n<tr>\n<td width=\"278\"><strong>Hazai\u00a0mer\u00fcl\u00e9sek<\/strong><\/td>\n<td width=\"119\"><\/td>\n<td width=\"219\"><\/td>\n<\/tr>\n<tr>\n<td width=\"278\">Uszodai\u00a0foglalkoz\u00e1s<\/td>\n<td width=\"119\">7.000\u00a0Ft<\/td>\n<td width=\"219\">\u00a0+(3)+\u00a0(5)\u00a0+\u00a0(6)<\/td>\n<\/tr>\n<tr>\n<td width=\"278\">Bevezet\u0151\u00a0\/\u00a0INTRO\u00a0(DSD)\u00a0mer\u00fcl\u00e9s<\/td>\n<td width=\"119\">10.000\u00a0Ft<\/td>\n<td width=\"219\">(3)(6)<\/td>\n<\/tr>\n<tr>\n<td width=\"278\">Tavi\u00a0mer\u00fcl\u00e9sek<\/td>\n<td width=\"119\">25\u00a0\u20ac\u00a0\/f\u0151\/mer\u00fcl\u00e9s<\/td>\n<td width=\"219\">(h\u00e9tv\u00e9ge\u00a0min\u00a02,\u00a0max\u00a04\u00a0mer\u00fcl\u00e9s)<\/td>\n<\/tr>\n<tr>\n<td width=\"278\">K\u0151b\u00e1nyai\u00a0mer\u00fcl\u00e9s\u00a0(Parki\u00a0k\u00fat)<\/td>\n<td width=\"119\">15.000\u00a0Ft<\/td>\n<td width=\"219\">\u00a0+(3)\u00a0+\u00a0(6)<\/td>\n<\/tr>\n<tr>\n<td width=\"278\"><strong>K\u00fclf\u00f6ldi\u00a0mer\u00fcl\u00e9sek<\/strong><\/td>\n<td width=\"119\"><\/td>\n<td width=\"219\"><\/td>\n<\/tr>\n<tr>\n<td width=\"278\">Szlov\u00e1kia\u00a0(Senec,\u00a0Dunaszerdahely,\u00a0Patas\u00a0etc)<\/td>\n<td width=\"119\">25\u00a0\u20ac\u00a0\/f\u0151\/mer\u00fcl\u00e9s<\/td>\n<td width=\"219\">(h\u00e9tv\u00e9ge\u00a0min\u00a02,\u00a0max\u00a04\u00a0mer\u00fcl\u00e9s)<\/td>\n<\/tr>\n<tr>\n<td>Hossz\u00fa\u00a0h\u00e9tv\u00e9ge\u00a0(HR)\u00a0Cs\u00fct\u00a0&#8211;\u00a0vas\u00e1rnap<\/td>\n<td width=\"119\">295\u00a0\u20ac\u00a0\/f\u0151<\/td>\n<td>(5 haj\u00f3s mer\u00fcl\u00e9s, apartmann)<\/td>\n<\/tr>\n<tr>\n<td>Hetes t\u00fara (HR) apartmanban<\/td>\n<td width=\"119\">300\u00a0\u20ac\u00a0\/f\u0151<\/td>\n<td width=\"219\">30\u00a0\u20ac\u00a0\/f\u0151\/ mer\u00fcl\u00e9s<\/td>\n<\/tr>\n<tr>\n<td>1\u00a0hetes\u00a0vitorl\u00e1z\u00e1s<\/td>\n<td width=\"119\">300\u00a0\u20ac\u00a0\/f\u0151 -t\u0151l<\/td>\n<td>\u00a035\u00a0\u20ac\u00a0\/f\u0151\/mer\u00fcl\u00e9s (7)<\/td>\n<\/tr>\n<tr>\n<td><strong>K\u00fcl\u00f6nleges\u00a0t\u00far\u00e1k<\/strong><\/td>\n<td width=\"119\">295\u00a0\u20ac\u00a0\/f\u0151<\/td>\n<td>Korcula,\u00a0Montenegro.\u00a0Biograd<\/td>\n<\/tr>\n<tr>\n<td><\/td>\n<td><\/td>\n<td>Kis\u00e9r\u0151\u00a0190\u00a0\u00a0\u20ac\u00a0\/f\u0151<\/td>\n<\/tr>\n<tr>\n<td width=\"278\">Gr\u00fcner\u00a0See<\/td>\n<td width=\"119\">Egyedi\u00a0\u00e1r<\/td>\n<td width=\"219\"><\/td>\n<\/tr>\n<tr>\n<td width=\"278\">Egyiptom<\/td>\n<td width=\"119\">Egyedi\u00a0\u00e1r<\/td>\n<td width=\"219\"><\/td>\n<\/tr>\n<tr>\n<td width=\"278\">Horv\u00e1torsz\u00e1g<\/td>\n<td width=\"119\"><\/td>\n<td width=\"219\">Dive\u00a0Center\u00a0in\u00a0Biograd\u00a0men\u00fc<\/td>\n<\/tr>\n<tr>\n<td width=\"278\"><\/td>\n<td width=\"119\"><\/td>\n<td width=\"219\"><a href=\"http:\/\/www.koraltekki.hu\/?page_id=457\">www.koraltekki.hu\/?page_id=457<\/a><\/td>\n<\/tr>\n<tr>\n<td width=\"278\">(1)\u00a0Elm\u00e9leti\u00a0oktat\u00e1s<\/td>\n<td width=\"119\"><\/td>\n<td width=\"219\"><\/td>\n<\/tr>\n<tr>\n<td width=\"278\">(2)\u00a0Tananyag<\/td>\n<td width=\"119\"><\/td>\n<td width=\"219\"><\/td>\n<\/tr>\n<tr>\n<td width=\"278\">(3)\u00a0Felszerel\u00e9s<\/td>\n<td width=\"119\"><\/td>\n<td width=\"219\"><\/td>\n<\/tr>\n<tr>\n<td width=\"278\">(4)\u00a0Nemzetk\u00f6zi\u00a0regisztr\u00e1ci\u00f3<\/td>\n<td width=\"119\"><\/td>\n<td width=\"219\"><\/td>\n<\/tr>\n<tr>\n<td width=\"278\">(5)\u00a0Bel\u00e9p\u0151k<\/td>\n<td width=\"119\"><\/td>\n<td width=\"219\"><\/td>\n<\/tr>\n<tr>\n<td width=\"278\">(6)\u00a0T\u00f6lt\u00e9s<\/td>\n<td><\/td>\n<td><\/td>\n<\/tr>\n<tr>\n<td>(7)\u00a0\u00a0\u00a0J\u00e1rul\u00e9kos\u00a0d\u00edjak<\/td>\n<td><\/td>\n<td>mer\u00fcl\u00e9si\u00a0d\u00edj,\u00a0kauci\u00f3<\/td>\n<\/tr>\n<tr>\n<td><\/td>\n<td><\/td>\n<td>\u00a0\u00fczemanyag\u00a0p\u00f3td\u00edj<\/td>\n<\/tr>\n<\/tbody>\n<\/table>\n","protected":false},"excerpt":{"rendered":"<p>\u00a0\u00a0 Tanfolyam D\u00edja\u00a0(HUF) Megjegyz\u00e9s Alapfok\u00fa \/OWD\u00a0\u00a0(CMAS *, IANTD) 90 000 (1)\u00a0(2)(3)(4) Halad\u00f3\u00a0\/AOWD\u00a0\u00a0(CMAS\u00a0**) 60 000 (1)\u00a0(2)(4) Mer\u00fcl\u00e9svezet\u0151\u00a0\/DM\u00a0\u00a0(CMAS\u00a0***) 100 000 (1)\u00a0(2)(4) Gyermekb\u00fav\u00e1r\u00a0(Children\u00a0\u00a0diver) 60 000 (1)(2)(3)(4) Szaktanfolyamok NITROX 25 000 (1)(2)(4) M\u00e9lymer\u00fcl\u0151 25 000 (1)(2)(4) Sz\u00e1razruh\u00e1s 25 000 (1)(2)(4) Roncsmer\u00fcl\u0151 25 000 (1)(2)(4) \u00c9jszakai 25 000 (1)(2)(4) J\u00e9g\u00a0al\u00e1\u00a0mer\u00fcl\u0151 25 000 (1)(2)(4) Fotogr\u00e1fus b\u00fav\u00e1r \u2026 <a href=\"http:\/\/www.koraltekki.hu\/?page_id=276\"> Continue reading <span class=\"meta-nav\">&rarr; <\/span><\/a><\/p>\n","protected":false},"author":1,"featured_media":0,"parent":0,"menu_order":0,"comment_status":"closed","ping_status":"open","template":"","meta":[],"_links":{"self":[{"href":"http:\/\/www.koraltekki.hu\/index.php?rest_route=\/wp\/v2\/pages\/276"}],"collection":[{"href":"http:\/\/www.koraltekki.hu\/index.php?rest_route=\/wp\/v2\/pages"}],"about":[{"href":"http:\/\/www.koraltekki.hu\/index.php?rest_route=\/wp\/v2\/types\/page"}],"author":[{"embeddable":true,"href":"http:\/\/www.koraltekki.hu\/index.php?rest_route=\/wp\/v2\/users\/1"}],"replies":[{"embeddable":true,"href":"http:\/\/www.koraltekki.hu\/index.php?rest_route=%2Fwp%2Fv2%2Fcomments&post=276"}],"version-history":[{"count":52,"href":"http:\/\/www.koraltekki.hu\/index.php?rest_route=\/wp\/v2\/pages\/276\/revisions"}],"predecessor-version":[{"id":2351,"href":"http:\/\/www.koraltekki.hu\/index.php?rest_route=\/wp\/v2\/pages\/276\/revisions\/2351"}],"wp:attachment":[{"href":"http:\/\/www.koraltekki.hu\/index.php?rest_route=%2Fwp%2Fv2%2Fmedia&parent=276"}],"curies":[{"name":"wp","href":"https:\/\/api.w.org\/{rel}","templated":true}]}}