{"id":304,"date":"2015-01-28T12:48:08","date_gmt":"2015-01-28T12:48:08","guid":{"rendered":"http:\/\/www.koraltekki.hu\/?page_id=304"},"modified":"2017-06-17T10:58:07","modified_gmt":"2017-06-17T10:58:07","slug":"hajo","status":"publish","type":"page","link":"http:\/\/www.koraltekki.hu\/?page_id=304","title":{"rendered":"Dive boat"},"content":{"rendered":"<p><em><strong>\u00a0<\/strong><\/em><a href=\"http:\/\/www.koraltekki.hu\/wp-content\/uploads\/2015\/01\/flagH.jpg\"><img loading=\"lazy\" class=\"alignnone  wp-image-371\" src=\"http:\/\/www.koraltekki.hu\/wp-content\/uploads\/2015\/01\/flagH-300x150.jpg\" alt=\"flagH\" width=\"68\" height=\"34\" srcset=\"http:\/\/www.koraltekki.hu\/wp-content\/uploads\/2015\/01\/flagH-300x150.jpg 300w, http:\/\/www.koraltekki.hu\/wp-content\/uploads\/2015\/01\/flagH.jpg 318w\" sizes=\"(max-width: 68px) 100vw, 68px\" \/><\/a>\u00a0 B\u00fav\u00e1rhaj\u00f3<\/p>\n<p><img loading=\"lazy\" class=\"alignnone  wp-image-372\" src=\"http:\/\/www.koraltekki.hu\/wp-content\/uploads\/2015\/01\/falguk.png\" alt=\"falguk\" width=\"60\" height=\"36\" \/>\u00a0Dive boat<\/p>\n<p><a href=\"http:\/\/www.koraltekki.hu\/wp-content\/uploads\/2015\/01\/flagdutch.png\"><img loading=\"lazy\" class=\"alignnone  wp-image-373\" src=\"http:\/\/www.koraltekki.hu\/wp-content\/uploads\/2015\/01\/flagdutch.png\" alt=\"flagdutch\" width=\"63\" height=\"42\" \/><\/a>\u00a0De boot<\/p>\n<p><a href=\"http:\/\/www.koraltekki.hu\/wp-content\/uploads\/2015\/01\/flagger.png\"><img loading=\"lazy\" class=\"alignnone  wp-image-374\" src=\"http:\/\/www.koraltekki.hu\/wp-content\/uploads\/2015\/01\/flagger.png\" alt=\"flagger\" width=\"58\" height=\"35\" \/><\/a>\u00a0Das boat<\/p>\n<p>&nbsp;<\/p>\n<p>&nbsp;<\/p>\n<p><a href=\"http:\/\/www.koraltekki.hu\/wp-content\/uploads\/2017\/06\/images-2.jpg\"><img loading=\"lazy\" class=\"aligncenter size-full wp-image-1578\" src=\"http:\/\/www.koraltekki.hu\/wp-content\/uploads\/2017\/06\/images-2.jpg\" alt=\"images (2)\" width=\"275\" height=\"183\" srcset=\"http:\/\/www.koraltekki.hu\/wp-content\/uploads\/2017\/06\/images-2.jpg 275w, http:\/\/www.koraltekki.hu\/wp-content\/uploads\/2017\/06\/images-2-225x150.jpg 225w, http:\/\/www.koraltekki.hu\/wp-content\/uploads\/2017\/06\/images-2-150x100.jpg 150w\" sizes=\"(max-width: 275px) 100vw, 275px\" \/><\/a><\/p>\n<p><a href=\"http:\/\/www.koraltekki.hu\/wp-content\/uploads\/2017\/06\/images-1.jpg\"><img loading=\"lazy\" class=\"aligncenter size-full wp-image-1577\" src=\"http:\/\/www.koraltekki.hu\/wp-content\/uploads\/2017\/06\/images-1.jpg\" alt=\"images (1)\" width=\"240\" height=\"200\" srcset=\"http:\/\/www.koraltekki.hu\/wp-content\/uploads\/2017\/06\/images-1.jpg 240w, http:\/\/www.koraltekki.hu\/wp-content\/uploads\/2017\/06\/images-1-180x150.jpg 180w, http:\/\/www.koraltekki.hu\/wp-content\/uploads\/2017\/06\/images-1-150x125.jpg 150w\" sizes=\"(max-width: 240px) 100vw, 240px\" \/><\/a><\/p>\n<p>&nbsp;<\/p>\n","protected":false},"excerpt":{"rendered":"<p>\u00a0\u00a0 B\u00fav\u00e1rhaj\u00f3 \u00a0Dive boat \u00a0De boot \u00a0Das boat &nbsp; &nbsp; &nbsp;<\/p>\n","protected":false},"author":1,"featured_media":0,"parent":0,"menu_order":0,"comment_status":"closed","ping_status":"open","template":"","meta":[],"_links":{"self":[{"href":"http:\/\/www.koraltekki.hu\/index.php?rest_route=\/wp\/v2\/pages\/304"}],"collection":[{"href":"http:\/\/www.koraltekki.hu\/index.php?rest_route=\/wp\/v2\/pages"}],"about":[{"href":"http:\/\/www.koraltekki.hu\/index.php?rest_route=\/wp\/v2\/types\/page"}],"author":[{"embeddable":true,"href":"http:\/\/www.koraltekki.hu\/index.php?rest_route=\/wp\/v2\/users\/1"}],"replies":[{"embeddable":true,"href":"http:\/\/www.koraltekki.hu\/index.php?rest_route=%2Fwp%2Fv2%2Fcomments&post=304"}],"version-history":[{"count":17,"href":"http:\/\/www.koraltekki.hu\/index.php?rest_route=\/wp\/v2\/pages\/304\/revisions"}],"predecessor-version":[{"id":1587,"href":"http:\/\/www.koraltekki.hu\/index.php?rest_route=\/wp\/v2\/pages\/304\/revisions\/1587"}],"wp:attachment":[{"href":"http:\/\/www.koraltekki.hu\/index.php?rest_route=%2Fwp%2Fv2%2Fmedia&parent=304"}],"curies":[{"name":"wp","href":"https:\/\/api.w.org\/{rel}","templated":true}]}}