{"id":307,"date":"2015-01-28T12:48:28","date_gmt":"2015-01-28T12:48:28","guid":{"rendered":"http:\/\/www.koraltekki.hu\/?page_id=307"},"modified":"2019-04-07T16:27:25","modified_gmt":"2019-04-07T16:27:25","slug":"merulohelyek","status":"publish","type":"page","link":"http:\/\/www.koraltekki.hu\/?page_id=307","title":{"rendered":"Z\u00e1tonyok \u00e9s falak"},"content":{"rendered":"<p><a href=\"http:\/\/www.koraltekki.hu\/wp-content\/uploads\/2015\/01\/flagH.jpg\"><img loading=\"lazy\" class=\"alignnone wp-image-371\" src=\"http:\/\/www.koraltekki.hu\/wp-content\/uploads\/2015\/01\/flagH-300x150.jpg\" alt=\"flagH\" width=\"96\" height=\"48\" srcset=\"http:\/\/www.koraltekki.hu\/wp-content\/uploads\/2015\/01\/flagH-300x150.jpg 300w, http:\/\/www.koraltekki.hu\/wp-content\/uploads\/2015\/01\/flagH.jpg 318w\" sizes=\"(max-width: 96px) 100vw, 96px\" \/><\/a><\/p>\n<table>\n<tbody>\n<tr>\n<td width=\"325\"><strong>Mer\u00fcl\u0151hely<\/strong><\/td>\n<td width=\"162\"><b>\u00a0\u00a0K\u00e9pzetts\u00e9g<\/b><\/td>\n<td width=\"162\"><b>El\u00e9r\u00e9s<\/b><\/td>\n<\/tr>\n<tr>\n<td width=\"325\">Kamenar<\/td>\n<td width=\"162\">Minden\u00a0szint<\/td>\n<td width=\"162\">70\u00a0perc<\/td>\n<\/tr>\n<tr>\n<td width=\"325\">Babuljasi\u00a0Veliki<\/td>\n<td width=\"162\">Minden\u00a0szint<\/td>\n<td width=\"162\">70\u00a0perc<\/td>\n<\/tr>\n<tr>\n<td width=\"325\">Babuljasi\u00a0Mali<\/td>\n<td width=\"162\">Minden\u00a0szint<\/td>\n<td width=\"162\">70\u00a0perc<\/td>\n<\/tr>\n<tr>\n<td width=\"325\">Babuljasi\u00a0SAHIAN<\/td>\n<td width=\"162\">Minden\u00a0szint<\/td>\n<td width=\"162\">70\u00a0perc<\/td>\n<\/tr>\n<tr>\n<td width=\"325\">Kosara\u00a0Lighthouse<\/td>\n<td width=\"162\">Minden\u00a0szint<\/td>\n<td width=\"162\">50\u00a0perc<\/td>\n<\/tr>\n<tr>\n<td width=\"325\">Kosara\u00a0Broccoli<\/td>\n<td width=\"162\">\u00a0 Halad\u00f3<\/td>\n<td width=\"162\">50\u00a0perc<\/td>\n<\/tr>\n<tr>\n<td width=\"325\">Kosara\u00a0Nord<\/td>\n<td width=\"162\">Minden\u00a0szint<\/td>\n<td width=\"162\">50\u00a0perc<\/td>\n<\/tr>\n<tr>\n<td width=\"325\">Kosara\u00a0Haus<\/td>\n<td width=\"162\">Minden\u00a0szint<\/td>\n<td width=\"162\">50\u00a0perc<\/td>\n<\/tr>\n<tr>\n<td width=\"325\">Kosara\u00a0Corner<\/td>\n<td width=\"162\">Minden\u00a0szint<\/td>\n<td width=\"162\">50\u00a0perc<\/td>\n<\/tr>\n<tr>\n<td width=\"325\">Kosara\u00a0S\u00fcd<\/td>\n<td width=\"162\">Minden\u00a0szint<\/td>\n<td width=\"162\">50\u00a0perc<\/td>\n<\/tr>\n<tr>\n<td width=\"325\">Gangaro\u00a0Nord<\/td>\n<td width=\"162\">Minden\u00a0szint<\/td>\n<td width=\"162\">50\u00a0perc<\/td>\n<\/tr>\n<tr>\n<td width=\"325\">Gangaro\u00a0Mio<\/td>\n<td width=\"162\">Minden\u00a0szint<\/td>\n<td width=\"162\">50\u00a0perc<\/td>\n<\/tr>\n<tr>\n<td width=\"325\">Gangaro\u00a0Bay<\/td>\n<td width=\"162\">Minden\u00a0szint<\/td>\n<td width=\"162\">50\u00a0perc<\/td>\n<\/tr>\n<tr>\n<td width=\"325\">Gangaro\u00a0S\u00fcd<\/td>\n<td width=\"162\">Minden\u00a0szint<\/td>\n<td width=\"162\">50\u00a0perc<\/td>\n<\/tr>\n<tr>\n<td width=\"325\">Gangaro\u00a0Valley<\/td>\n<td width=\"162\">Minden\u00a0szint<\/td>\n<td width=\"162\">50\u00a0perc<\/td>\n<\/tr>\n<tr>\n<td width=\"325\">Osljak<\/td>\n<td width=\"162\">Minden\u00a0szint<\/td>\n<td width=\"162\">40\u00a0perc<\/td>\n<\/tr>\n<tr>\n<td width=\"325\">Pasman<\/td>\n<td width=\"162\">Minden\u00a0szint<\/td>\n<td width=\"162\">55\u00a0perc<\/td>\n<\/tr>\n<tr>\n<td width=\"325\">Pasman\u00a0S\u00fcd<\/td>\n<td width=\"162\">Minden\u00a0szint<\/td>\n<td width=\"162\">50\u00a0perc<\/td>\n<\/tr>\n<tr>\n<td width=\"325\">Vrgada<\/td>\n<td width=\"162\">Minden\u00a0szint<\/td>\n<td width=\"162\">70\u00a0perc<\/td>\n<\/tr>\n<tr>\n<td width=\"325\">Zut\u00a0Bay<\/td>\n<td width=\"162\">Minden\u00a0szint<\/td>\n<td width=\"162\">70\u00a0perc<\/td>\n<\/tr>\n<tr>\n<td width=\"325\">Sandela<\/td>\n<td width=\"162\">Minden\u00a0szint<\/td>\n<td width=\"162\">70\u00a0perc<\/td>\n<\/tr>\n<tr>\n<td width=\"325\">Dinarici<\/td>\n<td width=\"162\">Minden\u00a0szint<\/td>\n<td width=\"162\">70\u00a0perc<\/td>\n<\/tr>\n<tr>\n<td width=\"325\">Loncaric<\/td>\n<td width=\"162\">Minden\u00a0szint<\/td>\n<td width=\"162\">70\u00a0perc<\/td>\n<\/tr>\n<tr>\n<td width=\"325\">Obun<\/td>\n<td width=\"162\">Minden\u00a0szint<\/td>\n<td width=\"162\">60\u00a0perc<\/td>\n<\/tr>\n<tr>\n<td width=\"325\">Misi<\/td>\n<td width=\"162\">Minden\u00a0szint<\/td>\n<td width=\"162\">70\u00a0perc<\/td>\n<\/tr>\n<tr>\n<td width=\"325\">Misine<\/td>\n<td width=\"162\">Minden\u00a0szint<\/td>\n<td width=\"162\">1,2\u00a0\u00f3ra<\/td>\n<\/tr>\n<tr>\n<td width=\"325\">Kukuljar<\/td>\n<td width=\"162\">Minden\u00a0szint<\/td>\n<td width=\"162\">2,3\u00a0\u00f3ra<\/td>\n<\/tr>\n<tr>\n<td width=\"325\">M25<\/td>\n<td width=\"162\">Minden\u00a0szint<\/td>\n<td width=\"162\">80\u00a0perc<\/td>\n<\/tr>\n<tr>\n<td width=\"325\">Rocks<\/td>\n<td width=\"162\">\u00a0Halad\u00f3<\/td>\n<td width=\"162\">90\u00a0perc<\/td>\n<\/tr>\n<tr>\n<td width=\"325\">Sea\u00a0Rabbit\u00a0Bay<\/td>\n<td width=\"162\">Minden\u00a0szint<\/td>\n<td width=\"162\">50\u00a0perc<\/td>\n<\/tr>\n<tr>\n<td width=\"325\">Octopys\u00a0Island<\/td>\n<td width=\"162\">Minden\u00a0szint<\/td>\n<td width=\"162\">90\u00a0perc<\/td>\n<\/tr>\n<tr>\n<td width=\"325\">R4<\/td>\n<td width=\"162\">Minden\u00a0szint<\/td>\n<td width=\"162\">50\u00a0perc<\/td>\n<\/tr>\n<tr>\n<td width=\"325\">Dambacher\u00a0Riff<\/td>\n<td width=\"162\">Minden\u00a0szint<\/td>\n<td width=\"162\">80\u00a0perc<\/td>\n<\/tr>\n<tr>\n<td width=\"325\">Pasman\u00a0S\u00fcd<\/td>\n<td width=\"162\">Minden\u00a0szint<\/td>\n<td width=\"162\">40\u00a0perc<\/td>\n<\/tr>\n<tr>\n<td width=\"325\">SIT\u00a0Wall<\/td>\n<td width=\"162\">Minden\u00a0szint<\/td>\n<td width=\"162\">80\u00a0perc<\/td>\n<\/tr>\n<tr>\n<td width=\"325\">Zizanj\u00a0S\u00fcd<\/td>\n<td width=\"162\">Minden\u00a0szint<\/td>\n<td width=\"162\">90\u00a0perc<\/td>\n<\/tr>\n<tr>\n<td width=\"325\">Lukarica\u00a0Reef<\/td>\n<td width=\"162\">Minden\u00a0szint<\/td>\n<td width=\"162\">1,45\u00a0\u00f3ra<\/td>\n<\/tr>\n<tr>\n<td width=\"325\">Kotula<\/td>\n<td width=\"162\">Minden\u00a0szint<\/td>\n<td width=\"162\">50\u00a0perc<\/td>\n<\/tr>\n<tr>\n<td width=\"325\">Lighthouse\u00a0Reef<\/td>\n<td width=\"162\">Minden\u00a0szint<\/td>\n<td width=\"162\">50\u00a0perc<\/td>\n<\/tr>\n<\/tbody>\n<\/table>\n<p style=\"text-align: left;\"><a href=\"http:\/\/www.koraltekki.hu\/wp-content\/uploads\/2018\/04\/176800_1630197958058_5804702_o.jpg\"><img loading=\"lazy\" class=\" wp-image-1803 alignleft\" src=\"http:\/\/www.koraltekki.hu\/wp-content\/uploads\/2018\/04\/176800_1630197958058_5804702_o-300x225.jpg\" alt=\"\" width=\"815\" height=\"611\" srcset=\"http:\/\/www.koraltekki.hu\/wp-content\/uploads\/2018\/04\/176800_1630197958058_5804702_o-300x225.jpg 300w, http:\/\/www.koraltekki.hu\/wp-content\/uploads\/2018\/04\/176800_1630197958058_5804702_o-768x576.jpg 768w, http:\/\/www.koraltekki.hu\/wp-content\/uploads\/2018\/04\/176800_1630197958058_5804702_o-1024x768.jpg 1024w, http:\/\/www.koraltekki.hu\/wp-content\/uploads\/2018\/04\/176800_1630197958058_5804702_o-200x150.jpg 200w, http:\/\/www.koraltekki.hu\/wp-content\/uploads\/2018\/04\/176800_1630197958058_5804702_o-150x113.jpg 150w, http:\/\/www.koraltekki.hu\/wp-content\/uploads\/2018\/04\/176800_1630197958058_5804702_o.jpg 2048w\" sizes=\"(max-width: 815px) 100vw, 815px\" \/><\/a><\/p>\n<p><a href=\"http:\/\/www.koraltekki.hu\/wp-content\/uploads\/2018\/04\/176800_1630197998059_1770571_o.jpg\"><img loading=\"lazy\" class=\" wp-image-1804 alignleft\" src=\"http:\/\/www.koraltekki.hu\/wp-content\/uploads\/2018\/04\/176800_1630197998059_1770571_o-240x300.jpg\" alt=\"\" width=\"809\" height=\"1011\" srcset=\"http:\/\/www.koraltekki.hu\/wp-content\/uploads\/2018\/04\/176800_1630197998059_1770571_o-240x300.jpg 240w, http:\/\/www.koraltekki.hu\/wp-content\/uploads\/2018\/04\/176800_1630197998059_1770571_o-768x960.jpg 768w, http:\/\/www.koraltekki.hu\/wp-content\/uploads\/2018\/04\/176800_1630197998059_1770571_o-819x1024.jpg 819w, http:\/\/www.koraltekki.hu\/wp-content\/uploads\/2018\/04\/176800_1630197998059_1770571_o-120x150.jpg 120w, http:\/\/www.koraltekki.hu\/wp-content\/uploads\/2018\/04\/176800_1630197998059_1770571_o.jpg 1362w\" sizes=\"(max-width: 809px) 100vw, 809px\" \/><\/a><\/p>\n","protected":false},"excerpt":{"rendered":"<p>Mer\u00fcl\u0151hely \u00a0\u00a0K\u00e9pzetts\u00e9g El\u00e9r\u00e9s Kamenar Minden\u00a0szint 70\u00a0perc Babuljasi\u00a0Veliki Minden\u00a0szint 70\u00a0perc Babuljasi\u00a0Mali Minden\u00a0szint 70\u00a0perc Babuljasi\u00a0SAHIAN Minden\u00a0szint 70\u00a0perc Kosara\u00a0Lighthouse Minden\u00a0szint 50\u00a0perc Kosara\u00a0Broccoli \u00a0 Halad\u00f3 50\u00a0perc Kosara\u00a0Nord Minden\u00a0szint 50\u00a0perc Kosara\u00a0Haus Minden\u00a0szint 50\u00a0perc Kosara\u00a0Corner Minden\u00a0szint 50\u00a0perc Kosara\u00a0S\u00fcd Minden\u00a0szint 50\u00a0perc Gangaro\u00a0Nord Minden\u00a0szint 50\u00a0perc Gangaro\u00a0Mio Minden\u00a0szint 50\u00a0perc Gangaro\u00a0Bay Minden\u00a0szint 50\u00a0perc Gangaro\u00a0S\u00fcd Minden\u00a0szint 50\u00a0perc Gangaro\u00a0Valley Minden\u00a0szint 50\u00a0perc Osljak \u2026 <a href=\"http:\/\/www.koraltekki.hu\/?page_id=307\"> Continue reading <span class=\"meta-nav\">&rarr; <\/span><\/a><\/p>\n","protected":false},"author":1,"featured_media":0,"parent":214,"menu_order":0,"comment_status":"closed","ping_status":"closed","template":"","meta":[],"_links":{"self":[{"href":"http:\/\/www.koraltekki.hu\/index.php?rest_route=\/wp\/v2\/pages\/307"}],"collection":[{"href":"http:\/\/www.koraltekki.hu\/index.php?rest_route=\/wp\/v2\/pages"}],"about":[{"href":"http:\/\/www.koraltekki.hu\/index.php?rest_route=\/wp\/v2\/types\/page"}],"author":[{"embeddable":true,"href":"http:\/\/www.koraltekki.hu\/index.php?rest_route=\/wp\/v2\/users\/1"}],"replies":[{"embeddable":true,"href":"http:\/\/www.koraltekki.hu\/index.php?rest_route=%2Fwp%2Fv2%2Fcomments&post=307"}],"version-history":[{"count":20,"href":"http:\/\/www.koraltekki.hu\/index.php?rest_route=\/wp\/v2\/pages\/307\/revisions"}],"predecessor-version":[{"id":2149,"href":"http:\/\/www.koraltekki.hu\/index.php?rest_route=\/wp\/v2\/pages\/307\/revisions\/2149"}],"up":[{"embeddable":true,"href":"http:\/\/www.koraltekki.hu\/index.php?rest_route=\/wp\/v2\/pages\/214"}],"wp:attachment":[{"href":"http:\/\/www.koraltekki.hu\/index.php?rest_route=%2Fwp%2Fv2%2Fmedia&parent=307"}],"curies":[{"name":"wp","href":"https:\/\/api.w.org\/{rel}","templated":true}]}}