{"id":457,"date":"2015-02-01T12:59:10","date_gmt":"2015-02-01T12:59:10","guid":{"rendered":"http:\/\/www.koraltekki.hu\/?page_id=457"},"modified":"2018-08-13T19:54:51","modified_gmt":"2018-08-13T19:54:51","slug":"bazis-arlista","status":"publish","type":"page","link":"http:\/\/www.koraltekki.hu\/?page_id=457","title":{"rendered":"B\u00e1zis \u00e1rlista"},"content":{"rendered":"<p><a href=\"http:\/\/www.koraltekki.hu\/wp-content\/uploads\/2015\/01\/flagH.jpg\"><img loading=\"lazy\" class=\"alignnone wp-image-371\" src=\"http:\/\/www.koraltekki.hu\/wp-content\/uploads\/2015\/01\/flagH-300x150.jpg\" alt=\"flagH\" width=\"174\" height=\"87\" srcset=\"http:\/\/www.koraltekki.hu\/wp-content\/uploads\/2015\/01\/flagH-300x150.jpg 300w, http:\/\/www.koraltekki.hu\/wp-content\/uploads\/2015\/01\/flagH.jpg 318w\" sizes=\"(max-width: 174px) 100vw, 174px\" \/><\/a><\/p>\n<p>\u00daj aj\u00e1nlataink : <span style=\"color: #ff0000;\">No-limit\u00a0<\/span><span style=\"color: #ff0000;\"><strong><span style=\"color: #ff0000;\">\u00a0<\/span><\/strong><\/span>\u00a0csomagok, <span style=\"color: #ff0000;\">oktat\u00f3i<\/span> csomagok, <span style=\"color: #ff0000;\">szervez\u0151i<\/span> csomagok. <span style=\"color: #ff0000;\">Sz\u00e1ll\u00e1s szervez\u00e9s\u00a0<\/span><\/p>\n<table width=\"945\">\n<tbody>\n<tr>\n<td width=\"395\">Mer\u00fcl\u00e9sek<\/td>\n<td colspan=\"2\" width=\"330\">\u00c1r<\/td>\n<td width=\"212\">Megjegyz\u00e9s<\/td>\n<\/tr>\n<tr>\n<td style=\"font-weight: 400;\" width=\"395\">&#8211;<\/td>\n<td style=\"font-weight: 400;\" width=\"165\">\u20ac<\/td>\n<td style=\"font-weight: 400;\" width=\"173\">&#8211;<\/td>\n<td style=\"font-weight: 400;\" width=\"212\">&#8211;<\/td>\n<\/tr>\n<tr>\n<td style=\"font-weight: 400;\" width=\"395\">1\u00a0napi\u00a0haj\u00f3s\u00a0mer\u00fcl\u00e9sek\u00a02\u00a0db<\/td>\n<td style=\"font-weight: 400;\" width=\"165\">\u20ac<\/td>\n<td style=\"font-weight: 400;\" width=\"173\">75<\/td>\n<td style=\"font-weight: 400;\" width=\"212\">Palack,\u00a0leveg\u0151,\u00a0s\u00faly<\/td>\n<\/tr>\n<tr>\n<td style=\"font-weight: 400;\" width=\"395\">1 napi haj\u00f3s mer\u00fcl\u0117s 1 db<\/td>\n<td style=\"font-weight: 400;\" width=\"165\">\u20ac<\/td>\n<td style=\"font-weight: 400;\" width=\"173\">\u00a055<\/td>\n<td style=\"font-weight: 400;\" width=\"212\">Palack, leveg\u0151, s\u00faly<\/td>\n<\/tr>\n<tr>\n<td style=\"font-weight: 400;\" width=\"395\">&#8212;&#8212;&#8212;&#8212;<\/td>\n<td style=\"font-weight: 400;\" width=\"165\">\u20ac<\/td>\n<td style=\"font-weight: 400;\" width=\"173\">&#8212;&#8211;<\/td>\n<td style=\"font-weight: 400;\" width=\"212\">&#8212;&#8212;&#8211;<\/td>\n<\/tr>\n<tr>\n<td style=\"font-weight: 400;\" width=\"395\">&#8212;&#8212;&#8212;&#8212;<\/td>\n<td style=\"font-weight: 400;\" width=\"165\">\u20ac<\/td>\n<td style=\"font-weight: 400;\" width=\"173\">&#8212;&#8211;<\/td>\n<td style=\"font-weight: 400;\" width=\"212\">&#8212;&#8212;&#8212;<\/td>\n<\/tr>\n<tr>\n<td style=\"font-weight: 400;\" width=\"395\">&#8212;&#8212;&#8212;&#8212;<\/td>\n<td style=\"font-weight: 400;\" width=\"165\">\u20ac<\/td>\n<td style=\"font-weight: 400;\" width=\"173\">&#8212;&#8211;<\/td>\n<td style=\"font-weight: 400;\" width=\"212\">&#8212;&#8212;&#8212;<\/td>\n<\/tr>\n<tr>\n<td style=\"font-weight: 400;\" width=\"395\">1\u00a0parti\u00a0mer\u00fcl\u00e9s<\/td>\n<td style=\"font-weight: 400;\" width=\"165\">\u20ac<\/td>\n<td style=\"font-weight: 400;\" width=\"173\">40<\/td>\n<td style=\"font-weight: 400;\" width=\"212\">Palack,\u00a0leveg\u0151,\u00a0s\u00faly<\/td>\n<\/tr>\n<tr>\n<td style=\"font-weight: 400;\" width=\"395\">1\u00a0\u00e9jszakai\u00a0mer\u00fcl\u00e9s\u00a0partr\u00f3l<\/td>\n<td style=\"font-weight: 400;\" width=\"165\">\u20ac<\/td>\n<td style=\"font-weight: 400;\" width=\"173\">70<\/td>\n<td style=\"font-weight: 400;\" width=\"212\">Palack,\u00a0leveg\u0151,\u00a0s\u00faly<\/td>\n<\/tr>\n<tr>\n<td style=\"font-weight: 400;\" width=\"395\">\u00a0D\u00e9lut\u00e1ni +1\u00a0\u00e9jszakai\u00a0mer\u00fcl\u00e9s\u00a0haj\u00f3r\u00f3l<\/td>\n<td style=\"font-weight: 400;\" width=\"165\">\u20ac<\/td>\n<td style=\"font-weight: 400; text-align: right;\" width=\"173\">95<\/td>\n<td style=\"font-weight: 400;\" width=\"212\">Palack,\u00a0leveg\u0151,\u00a0s\u00faly<\/td>\n<\/tr>\n<tr>\n<td style=\"font-weight: 400;\" width=\"395\">1\u00a0napos\u00a0snorkelez\u00e9s\u00a0vagy\u00a0Vend\u00e9g<\/td>\n<td style=\"font-weight: 400;\" width=\"165\">\u20ac<\/td>\n<td style=\"font-weight: 400;\" width=\"173\">20<\/td>\n<td style=\"font-weight: 400;\" width=\"212\">\u00a0per\u00a0f\u0151\/nap<\/td>\n<\/tr>\n<tr>\n<td style=\"font-weight: 400;\" width=\"395\">1\u00a0Bevezet\u0151\u00a0mer\u00fcl\u00e9s\u00a0partr\u00f3l<\/td>\n<td style=\"font-weight: 400;\" width=\"165\">\u20ac<\/td>\n<td style=\"font-weight: 400;\" width=\"173\">60<\/td>\n<td style=\"font-weight: 400;\" width=\"212\">teljes\u00a0felszerel\u00e9s<\/td>\n<\/tr>\n<tr>\n<td style=\"font-weight: 400;\" width=\"395\">1\u00a0haj\u00f3s\u00a0bevezet\u0151\u00a0\u00a0mer\u00fcl\u00e9s\u00a01\u00a0db<\/td>\n<td style=\"font-weight: 400;\" width=\"165\">\u20ac<\/td>\n<td style=\"font-weight: 400;\" width=\"173\">90<\/td>\n<td style=\"font-weight: 400;\" width=\"212\">teljes\u00a0felszerel\u00e9s<\/td>\n<\/tr>\n<tr>\n<td style=\"font-weight: 400;\" width=\"395\">1\u00a0haj\u00f3s\u00a0bevezet\u0151\u00a0mer\u00fcl\u00e9s\u00a0\u00a02\u00a0db<\/td>\n<td style=\"font-weight: 400;\" width=\"165\">\u20ac<\/td>\n<td style=\"font-weight: 400;\" width=\"173\">130<\/td>\n<td style=\"font-weight: 400;\" width=\"212\">teljes\u00a0felszerel\u00e9s<\/td>\n<\/tr>\n<tr>\n<td style=\"font-weight: 400;\" width=\"395\">Saj\u00e1t\u00a0vezet\u0151\/\u00a0guide<\/td>\n<td style=\"font-weight: 400;\" width=\"165\">\u20ac<\/td>\n<td style=\"font-weight: 400;\" width=\"173\">32<\/td>\n<td style=\"font-weight: 400;\" width=\"212\">per\u00a0f\u0151\u00a0\/nap<\/td>\n<\/tr>\n<tr>\n<td style=\"font-weight: 400;\" width=\"395\">Extra\u00a0k\u00f6lts\u00e9g\u00a0a\u00a0\u201cTelascica\u201d\u00a0nemzeti\u00a0park\u00a0mer\u00fcl\u00e9s<\/td>\n<td style=\"font-weight: 400;\" width=\"165\">\u20ac<\/td>\n<td style=\"font-weight: 400;\" width=\"173\">22<\/td>\n<td style=\"font-weight: 400;\" width=\"212\">per\u00a0f\u0151\u00a0per\u00a0nap<\/td>\n<\/tr>\n<tr>\n<td style=\"font-weight: 400;\" width=\"395\">Extra\u00a0k\u00f6lts\u00e9g\u00a0a\u00a0\u201cKORNATI\u201d\u00a0nemzeti\u00a0park\u00a0mer\u00fcl\u00e9s<\/td>\n<td style=\"font-weight: 400;\" width=\"165\">\u20ac<\/td>\n<td style=\"font-weight: 400;\" width=\"173\">29<\/td>\n<td style=\"font-weight: 400;\" width=\"212\">per\u00a0f\u0151\u00a0per\u00a0nap<\/td>\n<\/tr>\n<tr>\n<td style=\"font-weight: 400;\" width=\"395\">Extra\u00a0k\u00f6lts\u00e9g\u00a0\u00a0Francesca\u00a0di\u00a0Rimini\/Stuka \u00a0mer\u00fcl\u00e9sre<\/td>\n<td style=\"font-weight: 400;\" width=\"165\">\u20ac<\/td>\n<td style=\"font-weight: 400;\" width=\"173\">27<\/td>\n<td style=\"font-weight: 400;\" width=\"212\">per\u00a0f\u0151\u00a0per\u00a0nap<\/td>\n<\/tr>\n<tr>\n<td style=\"font-weight: 400;\" width=\"395\">Franceska\u00a0csomag:\u00a0\u00a01\u00a0roncs\u00a0\u00e9s\u00a01\u00a0haj\u00f3s\u00a0mer\u00fcl\u00e9s\u00a0szigetn\u00e9l<\/td>\n<td style=\"font-weight: 400;\" width=\"165\">\u20ac<\/td>\n<td style=\"font-weight: 400;\" width=\"173\">100<\/td>\n<td style=\"font-weight: 400;\" width=\"212\">\u00a0+\u00a0utaz\u00e1s\u00a0(Murter)<\/td>\n<\/tr>\n<tr>\n<td style=\"font-weight: 400;\" width=\"395\">No\u00a0limit\u00a0csomag\u00a0\u00a0(max\u00a05\u00a0mer\u00fcl\u00e9s\u00a0\/nap)<\/td>\n<td style=\"font-weight: 400;\" width=\"165\">\u20ac<\/td>\n<td style=\"font-weight: 400;\" width=\"173\"><\/td>\n<td style=\"font-weight: 400;\" width=\"212\">Egy\u00e9ni\u00a0\u00e1r<\/td>\n<\/tr>\n<tr>\n<td style=\"font-weight: 400;\" width=\"395\">Oktat\u00f3i\u00a0csomag\u00a0(7 b\u00fav\u00e1r\u00a0f\u00f6l\u00f6tt)<\/td>\n<td style=\"font-weight: 400;\" width=\"165\">\u20ac<\/td>\n<td style=\"font-weight: 400;\" width=\"173\"><\/td>\n<td style=\"font-weight: 400;\" width=\"212\">Egy\u00e9ni\u00a0\u00e1r<\/td>\n<\/tr>\n<tr>\n<td style=\"font-weight: 400;\" width=\"395\">\u00a0<span style=\"color: #ff0000;\">Sz\u00e1ll\u00e1s<\/span><\/td>\n<td style=\"font-weight: 400;\" width=\"165\">\u20ac<\/td>\n<td style=\"font-weight: 400;\" width=\"173\">\u00a025<\/td>\n<td style=\"font-weight: 400;\" width=\"212\">per f\u0151\/\u00e9j<\/td>\n<\/tr>\n<tr>\n<td width=\"395\">Felszerel\u00e9s\u00a0b\u00e9rl\u00e9s<\/td>\n<td width=\"165\">\u00c1r<\/td>\n<td style=\"font-weight: 400;\" width=\"173\"><\/td>\n<td width=\"212\">Megjegyz\u00e9s<\/td>\n<\/tr>\n<tr>\n<td style=\"font-weight: 400;\" width=\"395\">Maszki,\u00a0sznorkel,\u00a0uszony, \u00a0csizma<\/td>\n<td style=\"font-weight: 400;\" width=\"165\">\u20ac<\/td>\n<td style=\"font-weight: 400;\" width=\"173\">20<\/td>\n<td style=\"font-weight: 400;\" width=\"212\">per\u00a0nap<\/td>\n<\/tr>\n<tr>\n<td style=\"font-weight: 400;\" width=\"395\">Mell\u00e9ny\u00a0(jacket,\u00a0BCD)<\/td>\n<td style=\"font-weight: 400;\" width=\"165\">\u20ac<\/td>\n<td style=\"font-weight: 400;\" width=\"173\">9<\/td>\n<td style=\"font-weight: 400;\" width=\"212\">per\u00a0nap<\/td>\n<\/tr>\n<tr>\n<td style=\"font-weight: 400;\" width=\"395\">L\u00e9gz\u0151automata\u00a0(I.,\u00a0II.l\u00e9pcs\u0151,\u00a0octypuss)<\/td>\n<td style=\"font-weight: 400;\" width=\"165\">\u20ac<\/td>\n<td style=\"font-weight: 400;\" width=\"173\">10<\/td>\n<td style=\"font-weight: 400;\" width=\"212\">per\u00a0nap<\/td>\n<\/tr>\n<tr>\n<td style=\"font-weight: 400;\" width=\"395\">Neopren\u00a0ruha\u00a0(vizes)<\/td>\n<td style=\"font-weight: 400;\" width=\"165\">\u20ac<\/td>\n<td style=\"font-weight: 400;\" width=\"173\">8<\/td>\n<td style=\"font-weight: 400;\" width=\"212\">per\u00a0nap<\/td>\n<\/tr>\n<tr>\n<td style=\"font-weight: 400;\" width=\"395\">Teljes\u00a0felszerel\u00e9s\u00a0*<\/td>\n<td style=\"font-weight: 400;\" width=\"165\">\u20ac<\/td>\n<td style=\"font-weight: 400;\" width=\"173\">35<\/td>\n<td style=\"font-weight: 400;\" width=\"212\">per\u00a0nap<\/td>\n<\/tr>\n<tr>\n<td style=\"font-weight: 400;\" width=\"395\">&#8212;&#8212;&#8212;<\/td>\n<td style=\"font-weight: 400;\" width=\"165\">\u20ac<\/td>\n<td style=\"font-weight: 400;\" width=\"173\">&#8212;-<\/td>\n<td style=\"font-weight: 400;\" width=\"212\">&#8212;&#8212;-<\/td>\n<\/tr>\n<tr>\n<td style=\"font-weight: 400;\" width=\"395\">&#8212;&#8212;&#8212;<\/td>\n<td style=\"font-weight: 400;\" width=\"165\">\u20ac<\/td>\n<td style=\"font-weight: 400;\" width=\"173\">&#8212;&#8211;<\/td>\n<td style=\"font-weight: 400;\" width=\"212\">&#8212;&#8212;-<\/td>\n<\/tr>\n<tr>\n<td style=\"font-weight: 400;\" width=\"395\">B\u00fav\u00e1rl\u00e1mpa<\/td>\n<td style=\"font-weight: 400;\" width=\"165\">\u20ac<\/td>\n<td style=\"font-weight: 400;\" width=\"173\">4<\/td>\n<td style=\"font-weight: 400;\" width=\"212\">per\u00a0nap<\/td>\n<\/tr>\n<tr>\n<td style=\"font-weight: 400;\" width=\"395\">B\u00fav\u00e1r\u00a0komputer<\/td>\n<td style=\"font-weight: 400;\" width=\"165\">\u20ac<\/td>\n<td style=\"font-weight: 400;\" width=\"173\">7<\/td>\n<td style=\"font-weight: 400;\" width=\"212\">per\u00a0nap<\/td>\n<\/tr>\n<tr>\n<td style=\"font-weight: 400;\" width=\"395\">&#8212;&#8212;-<\/td>\n<td style=\"font-weight: 400;\" width=\"165\">\u20ac<\/td>\n<td style=\"font-weight: 400;\" width=\"173\">&#8212;-<\/td>\n<td style=\"font-weight: 400;\" width=\"212\">&#8212;&#8212;<\/td>\n<\/tr>\n<tr>\n<td style=\"font-weight: 400;\" width=\"395\">15l palack 12l helyett<\/td>\n<td style=\"font-weight: 400;\" width=\"165\">\u20ac<\/td>\n<td style=\"font-weight: 400;\" width=\"173\">+ 3<\/td>\n<td style=\"font-weight: 400;\" width=\"212\">&#8212;&#8212;<\/td>\n<\/tr>\n<tr>\n<td style=\"font-weight: 400;\" width=\"395\">Palack\u00a0t\u00f6lt\u00e9s<\/td>\n<td style=\"font-weight: 400;\" width=\"165\">\u20ac<\/td>\n<td style=\"font-weight: 400;\" width=\"173\">0,5<\/td>\n<td style=\"font-weight: 400;\" width=\"212\">per\u00a0palackliter<\/td>\n<\/tr>\n<tr>\n<td style=\"font-weight: 400;\" width=\"395\">Nitrox\u00a0t\u00f6lt\u00e9s\u00a032%\u00a0fel\u00e1r<\/td>\n<td style=\"font-weight: 400;\" width=\"165\">\u20ac<\/td>\n<td style=\"font-weight: 400;\" width=\"173\">3,5<\/td>\n<td style=\"font-weight: 400;\" width=\"212\">12\u00a0literes\u00a0palack<\/td>\n<\/tr>\n<tr>\n<td style=\"font-weight: 400;\" width=\"395\">(<strong><span style=\"color: #ff0000;\">saj\u00e1t palack t\u00f6lt\u00e9se k\u00fcl\u00f6n dijas<\/span><\/strong>)<\/td>\n<td style=\"font-weight: 400;\" width=\"165\"><\/td>\n<td style=\"font-weight: 400;\" width=\"173\"><\/td>\n<td style=\"font-weight: 400;\" width=\"212\"><\/td>\n<\/tr>\n<tr>\n<td style=\"font-weight: 400;\" width=\"395\">*\u00a0Maszk,\u00a0uszony,\u00a0mell\u00e9ny,\u00a0l\u00e9gz\u0151automata,\u00a0ruha<\/td>\n<td style=\"font-weight: 400;\" width=\"165\"><\/td>\n<td style=\"font-weight: 400;\" width=\"173\"><\/td>\n<td style=\"font-weight: 400;\" width=\"212\"><\/td>\n<\/tr>\n<\/tbody>\n<\/table>\n","protected":false},"excerpt":{"rendered":"<p>\u00daj aj\u00e1nlataink : No-limit\u00a0\u00a0\u00a0csomagok, oktat\u00f3i csomagok, szervez\u0151i csomagok. Sz\u00e1ll\u00e1s szervez\u00e9s\u00a0 Mer\u00fcl\u00e9sek \u00c1r Megjegyz\u00e9s &#8211; \u20ac &#8211; &#8211; 1\u00a0napi\u00a0haj\u00f3s\u00a0mer\u00fcl\u00e9sek\u00a02\u00a0db \u20ac 75 Palack,\u00a0leveg\u0151,\u00a0s\u00faly 1 napi haj\u00f3s mer\u00fcl\u0117s 1 db \u20ac \u00a055 Palack, leveg\u0151, s\u00faly &#8212;&#8212;&#8212;&#8212; \u20ac &#8212;&#8211; &#8212;&#8212;&#8211; &#8212;&#8212;&#8212;&#8212; \u20ac &#8212;&#8211; &#8212;&#8212;&#8212; &#8212;&#8212;&#8212;&#8212; \u20ac &#8212;&#8211; &#8212;&#8212;&#8212; 1\u00a0parti\u00a0mer\u00fcl\u00e9s \u20ac 40 Palack,\u00a0leveg\u0151,\u00a0s\u00faly 1\u00a0\u00e9jszakai\u00a0mer\u00fcl\u00e9s\u00a0partr\u00f3l \u20ac \u2026 <a href=\"http:\/\/www.koraltekki.hu\/?page_id=457\"> Continue reading <span class=\"meta-nav\">&rarr; <\/span><\/a><\/p>\n","protected":false},"author":1,"featured_media":0,"parent":0,"menu_order":0,"comment_status":"closed","ping_status":"open","template":"","meta":[],"_links":{"self":[{"href":"http:\/\/www.koraltekki.hu\/index.php?rest_route=\/wp\/v2\/pages\/457"}],"collection":[{"href":"http:\/\/www.koraltekki.hu\/index.php?rest_route=\/wp\/v2\/pages"}],"about":[{"href":"http:\/\/www.koraltekki.hu\/index.php?rest_route=\/wp\/v2\/types\/page"}],"author":[{"embeddable":true,"href":"http:\/\/www.koraltekki.hu\/index.php?rest_route=\/wp\/v2\/users\/1"}],"replies":[{"embeddable":true,"href":"http:\/\/www.koraltekki.hu\/index.php?rest_route=%2Fwp%2Fv2%2Fcomments&post=457"}],"version-history":[{"count":47,"href":"http:\/\/www.koraltekki.hu\/index.php?rest_route=\/wp\/v2\/pages\/457\/revisions"}],"predecessor-version":[{"id":461,"href":"http:\/\/www.koraltekki.hu\/index.php?rest_route=\/wp\/v2\/pages\/457\/revisions\/461"}],"wp:attachment":[{"href":"http:\/\/www.koraltekki.hu\/index.php?rest_route=%2Fwp%2Fv2%2Fmedia&parent=457"}],"curies":[{"name":"wp","href":"https:\/\/api.w.org\/{rel}","templated":true}]}}