{"id":500,"date":"2015-02-01T20:28:02","date_gmt":"2015-02-01T20:28:02","guid":{"rendered":"http:\/\/www.koraltekki.hu\/?page_id=500"},"modified":"2015-02-16T19:19:53","modified_gmt":"2015-02-16T19:19:53","slug":"up-date","status":"publish","type":"page","link":"http:\/\/www.koraltekki.hu\/?page_id=500","title":{"rendered":"Up-Date"},"content":{"rendered":"<ul>\n<li>\u00a0&#8211; R\u00e9gen mer\u00fclt\u00e9l?<\/li>\n<li>&#8211; \u00a0\u00daj felszerel\u00e9st v\u00e1s\u00e1rolt\u00e1l?<\/li>\n<li>&#8211; Sz\u00fcks\u00e9ged van tan\u00e1csra ?<\/li>\n<li>\u00a0&#8211; Szervizelt felszerel\u00e9sed szeretn\u00e9d kipr\u00f3b\u00e1lni ?<\/li>\n<li>&#8211; Szafarizni vagy t\u00e1voli t\u00e1jakra mer\u00fclni indulsz \u00e9s nem szeretn\u00e9d az els\u0151 mer\u00fcl\u00e9sek \u00e9lm\u00e9ny\u00e9t gyakorl\u00e1ssal elvesz\u00edteni?<\/li>\n<li>&#8211; Ha legal\u00e1bb egy IGEN v\u00e1laszod volt, akkor v\u00e1runk UP-DATE tanfolyamunkra<\/li>\n<\/ul>\n<p>Mert kiknek is aj\u00e1nljuk ezt a foglalkoz\u00e1st ?<\/p>\n<p>Mindazoknak:<\/p>\n<ul>\n<li>&#8211; akik m\u00e1r r\u00e9gen mer\u00fcltek<\/li>\n<li>&#8211; akik \u00fagy \u00e9rzik, hogy motorikus k\u00e9pess\u00e9geik megkoptak<\/li>\n<li>&#8211; az \u00faj felszerel\u00e9s kipr\u00f3b\u00e1lni akar\u00f3knak<\/li>\n<li>&#8211; a r\u00e9gen tanfolyamot v\u00e9gz\u0151knek, az \u00faj elj\u00e1r\u00e1sok megismer\u00e9s\u00e9re<\/li>\n<li>&#8211; rendszerek k\u00f6z\u00f6tt \u201ck\u00f6zleked\u0151knek\u201d<\/li>\n<li>&#8211; k\u00f6vetkez\u0151 fokozat el\u0151tti felk\u00e9sz\u00edt\u00e9sre<\/li>\n<li>&#8211; \u00e9s azoknak akik csak egyszer\u0171en gyakorolni akarnak \u2026..<\/li>\n<li>&#8211; b\u00e1rkinek \u00e9s mindenkinek<\/li>\n<\/ul>\n<p>&nbsp;<\/p>\n<ul>\n<li><img loading=\"lazy\" class=\"  wp-image-366 alignleft\" src=\"http:\/\/www.koraltekki.hu\/wp-content\/uploads\/2015\/01\/100_7940__1422555040_98954-300x225.jpg\" alt=\"100_7940__1422555040_98954\" width=\"699\" height=\"524\" srcset=\"http:\/\/www.koraltekki.hu\/wp-content\/uploads\/2015\/01\/100_7940__1422555040_98954-300x225.jpg 300w, http:\/\/www.koraltekki.hu\/wp-content\/uploads\/2015\/01\/100_7940__1422555040_98954-1024x768.jpg 1024w\" sizes=\"(max-width: 699px) 100vw, 699px\" \/><\/li>\n<li><\/li>\n<\/ul>\n<p>&nbsp;<\/p>\n<p>&nbsp;<\/p>\n<p>&nbsp;<\/p>\n<p>&nbsp;<\/p>\n<p>&nbsp;<\/p>\n","protected":false},"excerpt":{"rendered":"<p>\u00a0&#8211; R\u00e9gen mer\u00fclt\u00e9l? &#8211; \u00a0\u00daj felszerel\u00e9st v\u00e1s\u00e1rolt\u00e1l? &#8211; Sz\u00fcks\u00e9ged van tan\u00e1csra ? \u00a0&#8211; Szervizelt felszerel\u00e9sed szeretn\u00e9d kipr\u00f3b\u00e1lni ? &#8211; Szafarizni vagy t\u00e1voli t\u00e1jakra mer\u00fclni indulsz \u00e9s nem szeretn\u00e9d az els\u0151 mer\u00fcl\u00e9sek \u00e9lm\u00e9ny\u00e9t gyakorl\u00e1ssal elvesz\u00edteni? &#8211; Ha legal\u00e1bb egy IGEN v\u00e1laszod volt, akkor v\u00e1runk UP-DATE tanfolyamunkra Mert kiknek is aj\u00e1nljuk ezt \u2026 <a href=\"http:\/\/www.koraltekki.hu\/?page_id=500\"> Continue reading <span class=\"meta-nav\">&rarr; <\/span><\/a><\/p>\n","protected":false},"author":1,"featured_media":0,"parent":0,"menu_order":0,"comment_status":"closed","ping_status":"open","template":"","meta":[],"_links":{"self":[{"href":"http:\/\/www.koraltekki.hu\/index.php?rest_route=\/wp\/v2\/pages\/500"}],"collection":[{"href":"http:\/\/www.koraltekki.hu\/index.php?rest_route=\/wp\/v2\/pages"}],"about":[{"href":"http:\/\/www.koraltekki.hu\/index.php?rest_route=\/wp\/v2\/types\/page"}],"author":[{"embeddable":true,"href":"http:\/\/www.koraltekki.hu\/index.php?rest_route=\/wp\/v2\/users\/1"}],"replies":[{"embeddable":true,"href":"http:\/\/www.koraltekki.hu\/index.php?rest_route=%2Fwp%2Fv2%2Fcomments&post=500"}],"version-history":[{"count":9,"href":"http:\/\/www.koraltekki.hu\/index.php?rest_route=\/wp\/v2\/pages\/500\/revisions"}],"predecessor-version":[{"id":737,"href":"http:\/\/www.koraltekki.hu\/index.php?rest_route=\/wp\/v2\/pages\/500\/revisions\/737"}],"wp:attachment":[{"href":"http:\/\/www.koraltekki.hu\/index.php?rest_route=%2Fwp%2Fv2%2Fmedia&parent=500"}],"curies":[{"name":"wp","href":"https:\/\/api.w.org\/{rel}","templated":true}]}}