{"id":503,"date":"2015-02-01T20:28:27","date_gmt":"2015-02-01T20:28:27","guid":{"rendered":"http:\/\/www.koraltekki.hu\/?page_id=503"},"modified":"2015-11-24T10:56:08","modified_gmt":"2015-11-24T10:56:08","slug":"pdtc","status":"publish","type":"page","link":"http:\/\/www.koraltekki.hu\/?page_id=503","title":{"rendered":"PDTC Szem\u00e9lyi program"},"content":{"rendered":"<p>Az \u00d6n szem\u00e9lyre szabott programja a PDTC Personal Diver Training Course .<\/p>\n<p>A PDTC program fontos eleme a felm\u00e9r\u00e9s, amely poz\u00edcion\u00e1lja a jel\u00f6ltet. Majd a tud\u00e1sfelm\u00e9r\u00e9s alapj\u00e1n kidolgozzuk a \u201cfelz\u00e1rk\u00f3ztat\u00e1s\u201d szem\u00e9lyre szabott programj\u00e1t, amely elv\u00e9gz\u00e9se \u00a0jelent\u0151sen n\u00f6veli \u00a0a mer\u00fcl\u00e9s biztons\u00e1g\u00e1t.<\/p>\n<p>A program t\u00f6bb modult tartalmaz:<\/p>\n<ul>\n<li>Felfriss\u00edt\u0151 modul Kezd\u0151\/Halad\u00f3\/Divemaster szinthez<\/li>\n<li>Sz\u00e1razruh\u00e1s modul Basic \/ Advanced<\/li>\n<li>Uszodai modul I. Basic \/ Advanced<\/li>\n<li>Uszodai modul II. Deep\/Wreck<\/li>\n<li>Uszodai modul III. Dekompresszi\u00f3<\/li>\n<li>Nyiltviz modul I. Basic \/ Advanced<\/li>\n<li>Nyiltviz modul I. Deep\/Wreck<\/li>\n<li>Nyiltviz modul I. Dekompresszi\u00f3<\/li>\n<\/ul>\n<p>Aj\u00e1nlott azoknak:<\/p>\n<p>&#8211;\u00a0A program kiv\u00e1l\u00f3an a tart\u00f3san nem mer\u00fcl\u0151 b\u00fav\u00e1rok tud\u00e1sanyag\u00e1nak feleleven\u00edt\u00e9s\u00e9re \u00e9s felfriss\u00edt\u00e9s\u00e9re \u00a0(UP-DATE).<\/p>\n<p>&#8211; Azoknak, akik &#8220;feh\u00e9r foltokat&#8221; v\u00e9lnek felfedezni tud\u00e1sukban, \u00f6nhib\u00e1jukon kiv\u00fcl<\/p>\n<p>(A b\u00fav\u00e1rrendszerek, els\u0151sorban az amerikai st\u00edlus\u00faak, st\u00edlust v\u00e1ltottak.<br \/>\nR\u00e1d\u00f6bbentek, hogy az \u00e1ltaluk fel\u00e1ll\u00edtott \u201etilalomf\u00e1k \u201e (m\u00e9lys\u00e9g, dekompresszi\u00f3 elutas\u00edt\u00e1sa) a tov\u00e1bbi profitn\u00f6vel\u00e9s komoly akad\u00e1lyai v\u00e1ltak.<br \/>\nA tilalomf\u00e1k \u00e1thelyez\u00e9s\u00e9vel komoly profittal kecsegtet\u0151 piacot nyitottak meg.<br \/>\nAm\u00edg az eur\u00f3pai rendszerek tov\u00e1bbra is t\u00f6rekedtek az alapos elm\u00e9leti tud\u00e1st \u00e9s gyakorlatot k\u00f6vetel\u0151 h\u00e1roml\u00e9pcs\u0151s k\u00e9pz\u00e9shez, az amerikai rendszerek \u00fajabb \u00e9s \u00fajabb tanfolyamokat dolgoztak ki \u2013 nagyszer\u0171 \u00fczleti \u00e9rz\u00e9kr\u0151l bizonys\u00e1got t\u00e9ve \u2013 egyr\u00e9szt a lecsupasz\u00edtott oktat\u00e1s miatti hi\u00e1nyoss\u00e1gok p\u00f3tl\u00e1s\u00e1ra, m\u00e1sr\u00e9szt \u00fajabb profittermel\u0151 \u00fajabb tanfolyamok aj\u00e1nl\u00e1s\u00e1ra.<br \/>\nA jelent\u0151s sz\u00e1m\u00fa tanfolyam, a DVD alap\u00fa oktat\u00e1s valamint az egyes esetekben sajn\u00e1latosan \u201cfelgyors\u00edtott\u201d temp\u00f3j\u00fa oktat\u00e1s hat\u00e1s\u00e1ra egyre t\u00f6bb b\u00fav\u00e1rban \u00e9rlel\u0151dik meg a felismer\u00e9s, hogy \u00a0esetleg maradhattak \u201cfeh\u00e9r foltok\u201d az oktat\u00e1s sor\u00e1n a tud\u00e1sanyagban.<br \/>\nEnnek a felismer\u00e9snek hat\u00e1s\u00e1ra, a tud\u00e1sbeli hi\u00e1nyoss\u00e1gok p\u00f3tl\u00e1s\u00e1ra dolgoztuk ki a PDTC programot, amely jelent\u0151sen n\u00f6veli a mer\u00fcl\u00e9s biztons\u00e1g\u00e1t.)<\/p>\n<p><a href=\"http:\/\/www.koraltekki.hu\/wp-content\/uploads\/2015\/10\/k-IMG_3021.jpg\"><img loading=\"lazy\" class=\"aligncenter  wp-image-1110\" src=\"http:\/\/www.koraltekki.hu\/wp-content\/uploads\/2015\/10\/k-IMG_3021-300x200.jpg\" alt=\"k-IMG_3021\" width=\"835\" height=\"556\" srcset=\"http:\/\/www.koraltekki.hu\/wp-content\/uploads\/2015\/10\/k-IMG_3021-300x200.jpg 300w, http:\/\/www.koraltekki.hu\/wp-content\/uploads\/2015\/10\/k-IMG_3021-1024x683.jpg 1024w, http:\/\/www.koraltekki.hu\/wp-content\/uploads\/2015\/10\/k-IMG_3021-225x150.jpg 225w, http:\/\/www.koraltekki.hu\/wp-content\/uploads\/2015\/10\/k-IMG_3021-150x100.jpg 150w, http:\/\/www.koraltekki.hu\/wp-content\/uploads\/2015\/10\/k-IMG_3021.jpg 1200w\" sizes=\"(max-width: 835px) 100vw, 835px\" \/><\/a><\/p>\n","protected":false},"excerpt":{"rendered":"<p>Az \u00d6n szem\u00e9lyre szabott programja a PDTC Personal Diver Training Course . A PDTC program fontos eleme a felm\u00e9r\u00e9s, amely poz\u00edcion\u00e1lja a jel\u00f6ltet. Majd a tud\u00e1sfelm\u00e9r\u00e9s alapj\u00e1n kidolgozzuk a \u201cfelz\u00e1rk\u00f3ztat\u00e1s\u201d szem\u00e9lyre szabott programj\u00e1t, amely elv\u00e9gz\u00e9se \u00a0jelent\u0151sen n\u00f6veli \u00a0a mer\u00fcl\u00e9s biztons\u00e1g\u00e1t. A program t\u00f6bb modult tartalmaz: Felfriss\u00edt\u0151 modul Kezd\u0151\/Halad\u00f3\/Divemaster szinthez Sz\u00e1razruh\u00e1s \u2026 <a href=\"http:\/\/www.koraltekki.hu\/?page_id=503\"> Continue reading <span class=\"meta-nav\">&rarr; <\/span><\/a><\/p>\n","protected":false},"author":1,"featured_media":0,"parent":0,"menu_order":0,"comment_status":"closed","ping_status":"open","template":"","meta":[],"_links":{"self":[{"href":"http:\/\/www.koraltekki.hu\/index.php?rest_route=\/wp\/v2\/pages\/503"}],"collection":[{"href":"http:\/\/www.koraltekki.hu\/index.php?rest_route=\/wp\/v2\/pages"}],"about":[{"href":"http:\/\/www.koraltekki.hu\/index.php?rest_route=\/wp\/v2\/types\/page"}],"author":[{"embeddable":true,"href":"http:\/\/www.koraltekki.hu\/index.php?rest_route=\/wp\/v2\/users\/1"}],"replies":[{"embeddable":true,"href":"http:\/\/www.koraltekki.hu\/index.php?rest_route=%2Fwp%2Fv2%2Fcomments&post=503"}],"version-history":[{"count":14,"href":"http:\/\/www.koraltekki.hu\/index.php?rest_route=\/wp\/v2\/pages\/503\/revisions"}],"predecessor-version":[{"id":1138,"href":"http:\/\/www.koraltekki.hu\/index.php?rest_route=\/wp\/v2\/pages\/503\/revisions\/1138"}],"wp:attachment":[{"href":"http:\/\/www.koraltekki.hu\/index.php?rest_route=%2Fwp%2Fv2%2Fmedia&parent=503"}],"curies":[{"name":"wp","href":"https:\/\/api.w.org\/{rel}","templated":true}]}}