{"id":509,"date":"2015-02-01T20:37:01","date_gmt":"2015-02-01T20:37:01","guid":{"rendered":"http:\/\/www.koraltekki.hu\/?page_id=509"},"modified":"2023-07-21T18:08:04","modified_gmt":"2023-07-21T18:08:04","slug":"kapcsolat","status":"publish","type":"page","link":"http:\/\/www.koraltekki.hu\/?page_id=509","title":{"rendered":"Kapcsolat"},"content":{"rendered":"<p><strong><span style=\"color: #ff0000;\">KORAL-TEKKI B\u00fav\u00e1rIskola\u00a0<\/span><\/strong><br \/><strong>Web oldalunk<\/strong>: www.koraltekki.hu<br \/><strong>B\u00e1zisra vonatkoz\u00f3 r\u00e9szletek<\/strong>:<br \/>http:\/\/www.koraltekki.hu\/?page_id=214<\/p>\n<p><span style=\"color: #ff0000;\"><strong>Kapcsolat<\/strong><\/span>:<\/p>\n<p><span style=\"color: #ff0000;\"><strong>Telefon<\/strong><\/span> (angol, magyar) :<\/p>\n<p style=\"text-align: left;\"><span style=\"color: #ff6600;\"><strong><a href=\"http:\/\/www.koraltekki.hu\/wp-content\/uploads\/2015\/02\/BudapestTerkep.jpg\"><img loading=\"lazy\" class=\" wp-image-622 alignleft\" src=\"http:\/\/www.koraltekki.hu\/wp-content\/uploads\/2015\/02\/BudapestTerkep-300x278.jpg\" alt=\"BudapestTerkep\" width=\"404\" height=\"374\" srcset=\"http:\/\/www.koraltekki.hu\/wp-content\/uploads\/2015\/02\/BudapestTerkep-300x278.jpg 300w, http:\/\/www.koraltekki.hu\/wp-content\/uploads\/2015\/02\/BudapestTerkep-162x150.jpg 162w, http:\/\/www.koraltekki.hu\/wp-content\/uploads\/2015\/02\/BudapestTerkep-150x139.jpg 150w, http:\/\/www.koraltekki.hu\/wp-content\/uploads\/2015\/02\/BudapestTerkep.jpg 631w\" sizes=\"(max-width: 404px) 100vw, 404px\" \/><\/a><\/strong><\/span><\/p>\n<p style=\"text-align: left;\">Budapest (Hungary)<\/p>\n<p style=\"text-align: left;\"><span style=\"color: #ff6600;\"><strong>F\u0151szezonon kiv\u00fcl<\/strong><\/span> <em>(okt\u00f3ber ut\u00e1n- m\u00e1jus v\u00e9ge el\u0151tt)<\/em><br \/><span style=\"color: #ff0000;\"><strong>Magyar :<\/strong> + 3630\u00a0414 7920<\/span><\/p>\n<p>\u00a0<\/p>\n<p>\u00a0<\/p>\n<p><img loading=\"lazy\" class=\"wp-image-1190 alignleft\" src=\"http:\/\/www.koraltekki.hu\/wp-content\/uploads\/2015\/02\/biograd-300x201.jpg\" alt=\"biograd\" width=\"399\" height=\"267\" srcset=\"http:\/\/www.koraltekki.hu\/wp-content\/uploads\/2015\/02\/biograd-300x201.jpg 300w, http:\/\/www.koraltekki.hu\/wp-content\/uploads\/2015\/02\/biograd-224x150.jpg 224w, http:\/\/www.koraltekki.hu\/wp-content\/uploads\/2015\/02\/biograd-150x101.jpg 150w, http:\/\/www.koraltekki.hu\/wp-content\/uploads\/2015\/02\/biograd.jpg 800w\" sizes=\"(max-width: 399px) 100vw, 399px\" \/><\/p>\n<p>\u00a0<\/p>\n<p><strong><span style=\"color: #ff0000;\">Biograd na moru (Croatia)<\/span><\/strong><\/p>\n<p><strong><span style=\"color: #ff0000;\">F\u0151szezonban: <em>(M\u00e1jus v\u00e9g\u00e9t\u0151l &#8211; okt\u00f3berig)<\/em><\/span><\/strong><br \/><strong><span style=\"color: #ff0000;\">Magyar: +3630 414 7920\u00a0<\/span><\/strong><\/p>\n<p>\u00a0<\/p>\n<p><a href=\"http:\/\/www.koraltekki.hu\/wp-content\/uploads\/2019\/01\/facebook.jpg\"><img loading=\"lazy\" class=\" wp-image-2066 alignleft\" src=\"http:\/\/www.koraltekki.hu\/wp-content\/uploads\/2019\/01\/facebook-300x200.jpg\" alt=\"\" width=\"396\" height=\"264\" srcset=\"http:\/\/www.koraltekki.hu\/wp-content\/uploads\/2019\/01\/facebook-300x200.jpg 300w, http:\/\/www.koraltekki.hu\/wp-content\/uploads\/2019\/01\/facebook-768x512.jpg 768w, http:\/\/www.koraltekki.hu\/wp-content\/uploads\/2019\/01\/facebook-1024x683.jpg 1024w, http:\/\/www.koraltekki.hu\/wp-content\/uploads\/2019\/01\/facebook-225x150.jpg 225w, http:\/\/www.koraltekki.hu\/wp-content\/uploads\/2019\/01\/facebook-150x100.jpg 150w, http:\/\/www.koraltekki.hu\/wp-content\/uploads\/2019\/01\/facebook.jpg 1200w\" sizes=\"(max-width: 396px) 100vw, 396px\" \/><\/a><\/p>\n<p>\u00a0<\/p>\n<p>\u00a0<\/p>\n<p><span style=\"color: #ff0000;\">https:\/\/www.facebook.com\/Nanurlelke<\/span><\/p>\n<p><span style=\"color: #ff0000;\">https:\/\/www.facebook.com\/GyaliDC\/<\/span><\/p>\n<p><span style=\"color: #ff0000;\">https:\/\/www.facebook.com\/KORAL-TEKKI-Dive-School-660786677442134<\/span><\/p>\n<p><span style=\"color: #ff0000;\">https:\/\/www.facebook.com\/Apartmanok-Biogradban-302550877037347\/?modal=admin_todo_tour<\/span><\/p>\n<p>\u00a0<\/p>\n<p><a href=\"http:\/\/www.koraltekki.hu\/wp-content\/uploads\/2018\/11\/El\u00e9rhet\u0151s\u00e9gek.jpg\"><img loading=\"lazy\" class=\" wp-image-1932 alignleft\" src=\"http:\/\/www.koraltekki.hu\/wp-content\/uploads\/2018\/11\/El\u00e9rhet\u0151s\u00e9gek-212x300.jpg\" alt=\"\" width=\"744\" height=\"1053\" srcset=\"http:\/\/www.koraltekki.hu\/wp-content\/uploads\/2018\/11\/El\u00e9rhet\u0151s\u00e9gek-212x300.jpg 212w, http:\/\/www.koraltekki.hu\/wp-content\/uploads\/2018\/11\/El\u00e9rhet\u0151s\u00e9gek-768x1086.jpg 768w, http:\/\/www.koraltekki.hu\/wp-content\/uploads\/2018\/11\/El\u00e9rhet\u0151s\u00e9gek-724x1024.jpg 724w, http:\/\/www.koraltekki.hu\/wp-content\/uploads\/2018\/11\/El\u00e9rhet\u0151s\u00e9gek-106x150.jpg 106w, http:\/\/www.koraltekki.hu\/wp-content\/uploads\/2018\/11\/El\u00e9rhet\u0151s\u00e9gek.jpg 1240w\" sizes=\"(max-width: 744px) 100vw, 744px\" \/><\/a><\/p>\n<p>\u00a0<\/p>\n\n\n<p><\/p>\n","protected":false},"excerpt":{"rendered":"<p>KORAL-TEKKI B\u00fav\u00e1rIskola\u00a0Web oldalunk: www.koraltekki.huB\u00e1zisra vonatkoz\u00f3 r\u00e9szletek:http:\/\/www.koraltekki.hu\/?page_id=214 Kapcsolat: Telefon (angol, magyar) : Budapest (Hungary) F\u0151szezonon kiv\u00fcl (okt\u00f3ber ut\u00e1n- m\u00e1jus v\u00e9ge el\u0151tt)Magyar : + 3630\u00a0414 7920 \u00a0 \u00a0 \u00a0 Biograd na moru (Croatia) F\u0151szezonban: (M\u00e1jus v\u00e9g\u00e9t\u0151l &#8211; okt\u00f3berig)Magyar: +3630 414 7920\u00a0 \u00a0 \u00a0 \u00a0 https:\/\/www.facebook.com\/Nanurlelke https:\/\/www.facebook.com\/GyaliDC\/ https:\/\/www.facebook.com\/KORAL-TEKKI-Dive-School-660786677442134 https:\/\/www.facebook.com\/Apartmanok-Biogradban-302550877037347\/?modal=admin_todo_tour \u00a0 \u00a0<\/p>\n","protected":false},"author":1,"featured_media":0,"parent":0,"menu_order":0,"comment_status":"closed","ping_status":"open","template":"","meta":[],"_links":{"self":[{"href":"http:\/\/www.koraltekki.hu\/index.php?rest_route=\/wp\/v2\/pages\/509"}],"collection":[{"href":"http:\/\/www.koraltekki.hu\/index.php?rest_route=\/wp\/v2\/pages"}],"about":[{"href":"http:\/\/www.koraltekki.hu\/index.php?rest_route=\/wp\/v2\/types\/page"}],"author":[{"embeddable":true,"href":"http:\/\/www.koraltekki.hu\/index.php?rest_route=\/wp\/v2\/users\/1"}],"replies":[{"embeddable":true,"href":"http:\/\/www.koraltekki.hu\/index.php?rest_route=%2Fwp%2Fv2%2Fcomments&post=509"}],"version-history":[{"count":34,"href":"http:\/\/www.koraltekki.hu\/index.php?rest_route=\/wp\/v2\/pages\/509\/revisions"}],"predecessor-version":[{"id":2364,"href":"http:\/\/www.koraltekki.hu\/index.php?rest_route=\/wp\/v2\/pages\/509\/revisions\/2364"}],"wp:attachment":[{"href":"http:\/\/www.koraltekki.hu\/index.php?rest_route=%2Fwp%2Fv2%2Fmedia&parent=509"}],"curies":[{"name":"wp","href":"https:\/\/api.w.org\/{rel}","templated":true}]}}