{"id":558,"date":"2015-02-04T10:07:18","date_gmt":"2015-02-04T10:07:18","guid":{"rendered":"http:\/\/www.koraltekki.hu\/?page_id=558"},"modified":"2015-02-19T20:29:42","modified_gmt":"2015-02-19T20:29:42","slug":"szabimovie","status":"publish","type":"page","link":"http:\/\/www.koraltekki.hu\/?page_id=558","title":{"rendered":"Szabimovie Kft"},"content":{"rendered":"<p><a href=\"http:\/\/www.koraltekki.hu\/wp-content\/uploads\/2015\/02\/Aut\u00f3-m\u00e1gnes-rekl\u00e1m-2.jpg\"><img loading=\"lazy\" class=\"alignnone size-medium wp-image-557\" src=\"http:\/\/www.koraltekki.hu\/wp-content\/uploads\/2015\/02\/Aut\u00f3-m\u00e1gnes-rekl\u00e1m-2-250x300.jpg\" alt=\"Aut\u00f3 m\u00e1gnes rekl\u00e1m 2\" width=\"250\" height=\"300\" srcset=\"http:\/\/www.koraltekki.hu\/wp-content\/uploads\/2015\/02\/Aut\u00f3-m\u00e1gnes-rekl\u00e1m-2-250x300.jpg 250w, http:\/\/www.koraltekki.hu\/wp-content\/uploads\/2015\/02\/Aut\u00f3-m\u00e1gnes-rekl\u00e1m-2-854x1024.jpg 854w, http:\/\/www.koraltekki.hu\/wp-content\/uploads\/2015\/02\/Aut\u00f3-m\u00e1gnes-rekl\u00e1m-2-125x150.jpg 125w, http:\/\/www.koraltekki.hu\/wp-content\/uploads\/2015\/02\/Aut\u00f3-m\u00e1gnes-rekl\u00e1m-2.jpg 1338w\" sizes=\"(max-width: 250px) 100vw, 250px\" \/><\/a><\/p>\n<p>&nbsp;<\/p>\n","protected":false},"excerpt":{"rendered":"<p>&nbsp;<\/p>\n","protected":false},"author":1,"featured_media":0,"parent":0,"menu_order":0,"comment_status":"closed","ping_status":"open","template":"","meta":[],"_links":{"self":[{"href":"http:\/\/www.koraltekki.hu\/index.php?rest_route=\/wp\/v2\/pages\/558"}],"collection":[{"href":"http:\/\/www.koraltekki.hu\/index.php?rest_route=\/wp\/v2\/pages"}],"about":[{"href":"http:\/\/www.koraltekki.hu\/index.php?rest_route=\/wp\/v2\/types\/page"}],"author":[{"embeddable":true,"href":"http:\/\/www.koraltekki.hu\/index.php?rest_route=\/wp\/v2\/users\/1"}],"replies":[{"embeddable":true,"href":"http:\/\/www.koraltekki.hu\/index.php?rest_route=%2Fwp%2Fv2%2Fcomments&post=558"}],"version-history":[{"count":3,"href":"http:\/\/www.koraltekki.hu\/index.php?rest_route=\/wp\/v2\/pages\/558\/revisions"}],"predecessor-version":[{"id":800,"href":"http:\/\/www.koraltekki.hu\/index.php?rest_route=\/wp\/v2\/pages\/558\/revisions\/800"}],"wp:attachment":[{"href":"http:\/\/www.koraltekki.hu\/index.php?rest_route=%2Fwp%2Fv2%2Fmedia&parent=558"}],"curies":[{"name":"wp","href":"https:\/\/api.w.org\/{rel}","templated":true}]}}