{"id":562,"date":"2015-02-04T10:33:00","date_gmt":"2015-02-04T10:33:00","guid":{"rendered":"http:\/\/www.koraltekki.hu\/?page_id=562"},"modified":"2015-02-19T18:13:21","modified_gmt":"2015-02-19T18:13:21","slug":"szenteltviz","status":"publish","type":"page","link":"http:\/\/www.koraltekki.hu\/?page_id=562","title":{"rendered":"Szenteltv\u00edz B\u00fav\u00e1rbolt"},"content":{"rendered":"<p><a href=\"http:\/\/www.koraltekki.hu\/wp-content\/uploads\/2015\/02\/necton.jpg\"><img loading=\"lazy\" class=\"alignnone size-full wp-image-565\" src=\"http:\/\/www.koraltekki.hu\/wp-content\/uploads\/2015\/02\/necton.jpg\" alt=\"necton\" width=\"103\" height=\"60\" \/><\/a><\/p>\n<p>1994-ben nyitottuk meg a Kir\u00e1ly utc\u00e1ban a <strong><span style=\"color: #ff6600;\">Szenteltv\u00edz<\/span><\/strong>-re keresztelt b\u00fav\u00e1rboltot.<br \/>\nA b\u00fav\u00e1rfelszerel\u00e9seket gy\u00e1rt\u00f3 c\u00e9gek k\u00f6z\u00fcl a <strong>SCUBAPRO<\/strong> m\u00e1rk\u00e1t v\u00e1lasztottuk f\u0151 term\u00e9km\u00e1rk\u00e1nknak \u00e9s ezt az\u00f3ta is a kedvenc\u00fcnkk\u00e9nt kezelj\u00fck. T\u00f6bb, mint 40 \u00e9ves tapasztalattal rendelkeznek a k\u00f6nny\u0171b\u00fav\u00e1r-felszerel\u00e9sek tervez\u00e9s\u00e9ben, fejleszt\u00e9s\u00e9ben.<br \/>\nA SCUBAPRO term\u00e9kei mell\u00e9 csatlakoztak az <strong>UWATEC<\/strong> c\u00e9g m\u0171szerei.<\/p>\n<p>A felszerel\u00e9sek forgalmaz\u00e1sa mellett ind\u00edtunk b\u00fav\u00e1rtanfolyamokat, szervez\u00fcnk b\u00fav\u00e1rutakat, k\u00f6lcs\u00f6n\u00f6zhetsz n\u00e1lunk mindent, ami a mer\u00fcl\u00e9sekhez sz\u00fcks\u00e9ges, azonk\u00edv\u00fcl j\u00f3l felszerelt szervizzel rendelkez\u00fcnk.<\/p>\n<p>K\u00f6sz\u00f6nj\u00fck \u00e9rdekl\u0151d\u00e9seteket, l\u00e1togat\u00e1saitokat \u00e9s bizalmatokat, melyet rem\u00e9lj\u00fck tov\u00e1bbra is \u00e9lvezhet\u00fcnk.<\/p>\n<p>1077 Budapest, Kir\u00e1ly u. 81.<\/p>\n<p>Tel \/ Fax: 06 (1) 342 6135, \u00a0Tel: 06 (1) 462 0258<\/p>\n<div id=\"nyitvatartas\">Nyitvatart\u00e1s:<\/div>\n<div>H-P 10-18<\/div>\n<div>Sz 10-13<\/div>\n<div>V Z\u00e1rva<\/div>\n<div id=\"email\">www.necton.hu Email: <a href=\"mailto:info@szenteltviz.hu\">info@szenteltviz.hu<\/a><\/div>\n<p>&nbsp;<\/p>\n<p>&nbsp;<\/p>\n","protected":false},"excerpt":{"rendered":"<p>1994-ben nyitottuk meg a Kir\u00e1ly utc\u00e1ban a Szenteltv\u00edz-re keresztelt b\u00fav\u00e1rboltot. A b\u00fav\u00e1rfelszerel\u00e9seket gy\u00e1rt\u00f3 c\u00e9gek k\u00f6z\u00fcl a SCUBAPRO m\u00e1rk\u00e1t v\u00e1lasztottuk f\u0151 term\u00e9km\u00e1rk\u00e1nknak \u00e9s ezt az\u00f3ta is a kedvenc\u00fcnkk\u00e9nt kezelj\u00fck. T\u00f6bb, mint 40 \u00e9ves tapasztalattal rendelkeznek a k\u00f6nny\u0171b\u00fav\u00e1r-felszerel\u00e9sek tervez\u00e9s\u00e9ben, fejleszt\u00e9s\u00e9ben. A SCUBAPRO term\u00e9kei mell\u00e9 csatlakoztak az UWATEC c\u00e9g m\u0171szerei. A felszerel\u00e9sek forgalmaz\u00e1sa \u2026 <a href=\"http:\/\/www.koraltekki.hu\/?page_id=562\"> Continue reading <span class=\"meta-nav\">&rarr; <\/span><\/a><\/p>\n","protected":false},"author":1,"featured_media":0,"parent":0,"menu_order":0,"comment_status":"closed","ping_status":"open","template":"","meta":[],"_links":{"self":[{"href":"http:\/\/www.koraltekki.hu\/index.php?rest_route=\/wp\/v2\/pages\/562"}],"collection":[{"href":"http:\/\/www.koraltekki.hu\/index.php?rest_route=\/wp\/v2\/pages"}],"about":[{"href":"http:\/\/www.koraltekki.hu\/index.php?rest_route=\/wp\/v2\/types\/page"}],"author":[{"embeddable":true,"href":"http:\/\/www.koraltekki.hu\/index.php?rest_route=\/wp\/v2\/users\/1"}],"replies":[{"embeddable":true,"href":"http:\/\/www.koraltekki.hu\/index.php?rest_route=%2Fwp%2Fv2%2Fcomments&post=562"}],"version-history":[{"count":10,"href":"http:\/\/www.koraltekki.hu\/index.php?rest_route=\/wp\/v2\/pages\/562\/revisions"}],"predecessor-version":[{"id":794,"href":"http:\/\/www.koraltekki.hu\/index.php?rest_route=\/wp\/v2\/pages\/562\/revisions\/794"}],"wp:attachment":[{"href":"http:\/\/www.koraltekki.hu\/index.php?rest_route=%2Fwp%2Fv2%2Fmedia&parent=562"}],"curies":[{"name":"wp","href":"https:\/\/api.w.org\/{rel}","templated":true}]}}