{"id":661,"date":"2015-02-10T20:23:28","date_gmt":"2015-02-10T20:23:28","guid":{"rendered":"http:\/\/www.koraltekki.hu\/?page_id=661"},"modified":"2022-01-30T10:27:24","modified_gmt":"2022-01-30T10:27:24","slug":"buvarbazis-az-adrian","status":"publish","type":"page","link":"http:\/\/www.koraltekki.hu\/?page_id=661","title":{"rendered":"Magyar nyelv\u0171 b\u00fav\u00e1rb\u00e1zis az Adri\u00e1n"},"content":{"rendered":"<p style=\"text-align: left;\"><a href=\"http:\/\/www.koraltekki.hu\/wp-content\/uploads\/2015\/01\/flagH.jpg\"><img loading=\"lazy\" class=\"wp-image-371 alignleft\" src=\"http:\/\/www.koraltekki.hu\/wp-content\/uploads\/2015\/01\/flagH-300x150.jpg\" alt=\"flagH\" width=\"54\" height=\"27\" srcset=\"http:\/\/www.koraltekki.hu\/wp-content\/uploads\/2015\/01\/flagH-300x150.jpg 300w, http:\/\/www.koraltekki.hu\/wp-content\/uploads\/2015\/01\/flagH.jpg 318w\" sizes=\"(max-width: 54px) 100vw, 54px\" \/><\/a>Magyar iroda Jurja Dalmatinca 7A, Biograd na moru<\/p>\n<p style=\"text-align: left;\">Adriai tengeri b\u00fav\u00e1rb\u00e1zisunk magyar oktat\u00f3val, Biograd na moruban \u00fczemel.<br \/>\nHorv\u00e1t telefonsz\u00e1mom: +385 917254605.<br \/>\nT\u00e1vols\u00e1ga a hat\u00e1rt\u00f3l mind\u00f6ssze 416 km (Letenye). A hat\u00e1rt\u00f3l v\u00e9gig aut\u00f3p\u00e1lya van (A1) a benkovaci kij\u00e1ratig.<br \/>\nAz aut\u00f3p\u00e1lyadij a horv\u00e1t oldalon cca 200 HRK.<\/p>\n<p>A mer\u00fcl\u00e9seket f\u00e9mtest\u0171 haj\u00f3r\u00f3l v\u00e9gezz\u00fck, amely a napi kihaj\u00f3z\u00e1s sor\u00e1n teljes k\u00e9nyelmet \u00e9s biztons\u00e1got biztos\u00edt a b\u00fav\u00e1roknak<br \/>\n(napoz\u00f3 r\u00e9sz, \u00e1rny\u00e9kos r\u00e9sz, WC, k\u00e9nyelmes \u201cnedves r\u00e9sz\u201d, t\u00e1gas bemeneteli pontok \u00e9s komfortos l\u00e9tra a v\u00edz elhagy\u00e1s\u00e1ra)<br \/>\nA haj\u00f3n ingyenesen k\u00e1v\u00e9t \u00e9s te\u00e1t biztos\u00edtunk.<br \/>\n<strong>Mit aj\u00e1nljunk kedves Vend\u00e9geinknek:<\/strong><br \/>\n\u2013 Professzion\u00e1lis szem\u00e9lyzetet mind a haj\u00f3z\u00e1s, mind a mer\u00fcl\u00e9s sor\u00e1n<br \/>\n\u2013 kisz\u00e1m\u00edthat\u00f3s\u00e1got (nincsenek rejtett k\u00f6lts\u00e9gek)<br \/>\n\u2013 tiszta, k\u00e9nyelmes, robosztus \u00e9p\u00edt\u00e9s\u0171, gyors haj\u00f3t<br \/>\n\u2013 k\u00f6zel 50, aktiv mer\u00fcl\u0151helyet<br \/>\n\u2013 professzion\u00e1lis mer\u00fcl\u00e9svezet\u00e9st<br \/>\n\u2013 fot\u00f3soknak ig\u00e9ny szerinti \u201ct\u00e9ma \u201ckeres\u00e9st<br \/>\n\u2013 Oktat\u00f3knak DM-like t\u00e1mogat\u00e1st (ak\u00e1r tanfolyamokhoz is)<br \/>\n\u2013 csoportoknak fel\u00e1r n\u00e9lk\u00fcli, mer\u00fcl\u0151helyeket j\u00f3l ismer\u0151 guide-kat<br \/>\n\u2013 Oktat\u00f3k\/szervez\u0151k sz\u00e1m\u00e1ra csomagdijat biztositunk a szolg\u00e1ltat\u00e1sok cs\u00f6kkent\u00e9se n\u00e9lk\u00fcl<br \/>\n\u2013 komplett szolg\u00e1ltat\u00e1st aj\u00e1nlunk (bele\u00e9rtve a sz\u00e1ll\u00e1sfoglal\u00e1st \u00e9s az egy\u00e9ni programok szervez\u00e9s\u00e9t is)<br \/>\n\u2013 nem mer\u00fcl\u0151knek programszervez\u00e9s<\/p>\n<p><strong>Tipikus nap:<\/strong><\/p>\n<div>F\u00e9mv\u00e1zas, k\u00e9tszintes haj\u00f3r\u00f3l t\u00f6rt\u00e9nik a mer\u00fcl\u00e9s<\/div>\n<div>K\u00e9p mell\u00e9kelve<\/div>\n<div>A mer\u00fcl\u00e9shaj\u00f3r\u00f3l t\u00f6rt\u00e9nik (lehet parti mer\u00fcl\u00e9st is v\u00e1lasztani)<\/div>\n<div>A haj\u00f3 9:00 indul a kik\u00f6t\u0151b\u0151l.<\/div>\n<div>Vissza\u00e9rkez\u00e9s: 15:30-16h k\u00f6z\u00f6tt<\/div>\n<div><span style=\"color: #000000;\">12 literes, 200 bar nyom\u00e1s\u00fa palack, \u00f3loms\u00faly d\u00edja benne van a mer\u00fcl\u00e9si d\u00edjban<\/span><\/div>\n<div><span style=\"color: #000000;\">K\u00fcl\u00f6n vezet\u00e9si d\u00edjat nem sz\u00e1molunk fel,<\/span><\/div>\n<p>Oktat\u00f3knak un. csoport\u00e1rat biztos\u00edtunk.K\u00e9r\u00e9sre ezen opci\u00f3kr\u00f3l r\u00e9szletes inform\u00e1ci\u00f3kat k\u00fcld\u00fcnk.<br \/>\nR\u00e9szletek, \u00e1rlista weblapunkon: www.koraltekki.hu<\/p>\n<p><a href=\"http:\/\/www.koraltekki.hu\/wp-content\/uploads\/2022\/01\/20180701-1717.jpg\"><img loading=\"lazy\" class=\" wp-image-2340 alignleft\" src=\"http:\/\/www.koraltekki.hu\/wp-content\/uploads\/2022\/01\/20180701-1717.jpg\" alt=\"\" width=\"710\" height=\"473\" srcset=\"http:\/\/www.koraltekki.hu\/wp-content\/uploads\/2022\/01\/20180701-1717.jpg 275w, http:\/\/www.koraltekki.hu\/wp-content\/uploads\/2022\/01\/20180701-1717-225x150.jpg 225w, http:\/\/www.koraltekki.hu\/wp-content\/uploads\/2022\/01\/20180701-1717-150x100.jpg 150w\" sizes=\"(max-width: 710px) 100vw, 710px\" \/><\/a><a href=\"http:\/\/www.koraltekki.hu\/wp-content\/uploads\/2022\/01\/2021-10-31-267-scaled.jpeg\"><img loading=\"lazy\" class=\"wp-image-2341 alignnone\" src=\"http:\/\/www.koraltekki.hu\/wp-content\/uploads\/2022\/01\/2021-10-31-267-300x225.jpeg\" alt=\"\" width=\"707\" height=\"532\" srcset=\"http:\/\/www.koraltekki.hu\/wp-content\/uploads\/2022\/01\/2021-10-31-267-300x225.jpeg 300w, http:\/\/www.koraltekki.hu\/wp-content\/uploads\/2022\/01\/2021-10-31-267-200x150.jpeg 200w, http:\/\/www.koraltekki.hu\/wp-content\/uploads\/2022\/01\/2021-10-31-267-150x113.jpeg 150w\" sizes=\"(max-width: 707px) 100vw, 707px\" \/><\/a><\/p>\n<p><a href=\"http:\/\/www.koraltekki.hu\/wp-content\/uploads\/2022\/01\/biogradOpeningparty2013-177-scaled.jpg\"><img loading=\"lazy\" class=\" wp-image-2345 alignnone\" src=\"http:\/\/www.koraltekki.hu\/wp-content\/uploads\/2022\/01\/biogradOpeningparty2013-177-300x225.jpg\" alt=\"\" width=\"704\" height=\"528\" srcset=\"http:\/\/www.koraltekki.hu\/wp-content\/uploads\/2022\/01\/biogradOpeningparty2013-177-300x225.jpg 300w, http:\/\/www.koraltekki.hu\/wp-content\/uploads\/2022\/01\/biogradOpeningparty2013-177-1024x768.jpg 1024w, http:\/\/www.koraltekki.hu\/wp-content\/uploads\/2022\/01\/biogradOpeningparty2013-177-768x576.jpg 768w, http:\/\/www.koraltekki.hu\/wp-content\/uploads\/2022\/01\/biogradOpeningparty2013-177-1536x1152.jpg 1536w, http:\/\/www.koraltekki.hu\/wp-content\/uploads\/2022\/01\/biogradOpeningparty2013-177-2048x1536.jpg 2048w, http:\/\/www.koraltekki.hu\/wp-content\/uploads\/2022\/01\/biogradOpeningparty2013-177-200x150.jpg 200w, http:\/\/www.koraltekki.hu\/wp-content\/uploads\/2022\/01\/biogradOpeningparty2013-177-150x113.jpg 150w\" sizes=\"(max-width: 704px) 100vw, 704px\" \/><\/a><\/p>\n<p><a href=\"http:\/\/www.koraltekki.hu\/wp-content\/uploads\/2018\/04\/194342_1630215198489_6523555_o.jpg\"><img loading=\"lazy\" class=\" wp-image-1815 alignleft\" src=\"http:\/\/www.koraltekki.hu\/wp-content\/uploads\/2018\/04\/194342_1630215198489_6523555_o-300x225.jpg\" alt=\"\" width=\"709\" height=\"532\" srcset=\"http:\/\/www.koraltekki.hu\/wp-content\/uploads\/2018\/04\/194342_1630215198489_6523555_o-300x225.jpg 300w, http:\/\/www.koraltekki.hu\/wp-content\/uploads\/2018\/04\/194342_1630215198489_6523555_o-768x576.jpg 768w, http:\/\/www.koraltekki.hu\/wp-content\/uploads\/2018\/04\/194342_1630215198489_6523555_o-200x150.jpg 200w, http:\/\/www.koraltekki.hu\/wp-content\/uploads\/2018\/04\/194342_1630215198489_6523555_o-150x113.jpg 150w, http:\/\/www.koraltekki.hu\/wp-content\/uploads\/2018\/04\/194342_1630215198489_6523555_o.jpg 902w\" sizes=\"(max-width: 709px) 100vw, 709px\" \/><\/a><\/p>\n<blockquote>\n<blockquote>\n<div id=\"divMessageBody\" class=\"bg\">\n<div id=\"divMessageBody\" class=\"bg\"><\/div>\n<\/div>\n<\/blockquote>\n<\/blockquote>\n<p style=\"text-align: left;\">\n<p style=\"text-align: left;\">\n","protected":false},"excerpt":{"rendered":"<p>Magyar iroda Jurja Dalmatinca 7A, Biograd na moru Adriai tengeri b\u00fav\u00e1rb\u00e1zisunk magyar oktat\u00f3val, Biograd na moruban \u00fczemel. Horv\u00e1t telefonsz\u00e1mom: +385 917254605. T\u00e1vols\u00e1ga a hat\u00e1rt\u00f3l mind\u00f6ssze 416 km (Letenye). A hat\u00e1rt\u00f3l v\u00e9gig aut\u00f3p\u00e1lya van (A1) a benkovaci kij\u00e1ratig. Az aut\u00f3p\u00e1lyadij a horv\u00e1t oldalon cca 200 HRK. A mer\u00fcl\u00e9seket f\u00e9mtest\u0171 haj\u00f3r\u00f3l v\u00e9gezz\u00fck, \u2026 <a href=\"http:\/\/www.koraltekki.hu\/?page_id=661\"> Continue reading <span class=\"meta-nav\">&rarr; <\/span><\/a><\/p>\n","protected":false},"author":1,"featured_media":0,"parent":0,"menu_order":0,"comment_status":"closed","ping_status":"open","template":"","meta":[],"_links":{"self":[{"href":"http:\/\/www.koraltekki.hu\/index.php?rest_route=\/wp\/v2\/pages\/661"}],"collection":[{"href":"http:\/\/www.koraltekki.hu\/index.php?rest_route=\/wp\/v2\/pages"}],"about":[{"href":"http:\/\/www.koraltekki.hu\/index.php?rest_route=\/wp\/v2\/types\/page"}],"author":[{"embeddable":true,"href":"http:\/\/www.koraltekki.hu\/index.php?rest_route=\/wp\/v2\/users\/1"}],"replies":[{"embeddable":true,"href":"http:\/\/www.koraltekki.hu\/index.php?rest_route=%2Fwp%2Fv2%2Fcomments&post=661"}],"version-history":[{"count":45,"href":"http:\/\/www.koraltekki.hu\/index.php?rest_route=\/wp\/v2\/pages\/661\/revisions"}],"predecessor-version":[{"id":2346,"href":"http:\/\/www.koraltekki.hu\/index.php?rest_route=\/wp\/v2\/pages\/661\/revisions\/2346"}],"wp:attachment":[{"href":"http:\/\/www.koraltekki.hu\/index.php?rest_route=%2Fwp%2Fv2%2Fmedia&parent=661"}],"curies":[{"name":"wp","href":"https:\/\/api.w.org\/{rel}","templated":true}]}}