{"id":695,"date":"2015-02-13T20:14:26","date_gmt":"2015-02-13T20:14:26","guid":{"rendered":"http:\/\/www.koraltekki.hu\/?page_id=695"},"modified":"2019-03-05T16:58:26","modified_gmt":"2019-03-05T16:58:26","slug":"vitorlas-turak","status":"publish","type":"page","link":"http:\/\/www.koraltekki.hu\/?page_id=695","title":{"rendered":"Vitorl\u00e1s t\u00far\u00e1k"},"content":{"rendered":"<p><strong>1 hetes t\u00faravitorl\u00e1z\u00e1s az Adri\u00e1n cca 400 nm<\/strong><\/p>\n<p>T\u00fara kezdete : szombat.<br \/>\nT\u00fara v\u00e9ge : k\u00f6vetkez\u0151 szombat.<\/p>\n<p>Indul\u00e1s helye : K\u00f6z\u00e9p Horv\u00e1torsz\u00e1g (Zadar, Biograd).<br \/>\nHaj\u00f3 : 10 szem\u00e9lyes vitorl\u00e1s haj\u00f3<\/p>\n<p>\u00c9tkez\u00e9s : a haj\u00f3n van h\u0171t\u0151szekr\u00e9ny. Bev\u00e1s\u00e1rolunk (c\u00e9lszer\u0171 k\u00f6z\u00f6sen) \u00e9s a haj\u00f3n \u00e9tkez\u00fcnk.<br \/>\nK\u00e9r\u00e9sre \u00e9s az \u00fatiterv alapj\u00e1n t\u00f6bbsz\u00f6r kik\u00f6t\u00fcnk, \u00edgy lehet\u0151s\u00e9g lesz \u00e9ttermi<br \/>\n\u00e9tkez\u00e9sekre, a k\u00e9szlet friss\u00edt\u00e9sre.<\/p>\n<p>Mer\u00fcl\u00e9s : \u00a0B\u00fav\u00e1rb\u00e1zisok bevon\u00e1s\u00e1val lehets\u00e9ges (a kapit\u00e1ny magyar \u00e9s egyben b\u00fav\u00e1roktat\u00f3 is).<\/p>\n<p>Utaz\u00e1s : egy\u00e9nileg. Az aut\u00f3k \u0151rz\u00f6tt parkol\u00f3ban hagyhat\u00f3ak.<\/p>\n<p>Javasolt\/lehets\u00e9ges \u00fatvonal:<\/p>\n<p>(ZADAR-Biograd) \u2013 Zirja \u2013Hvar \u2013Bisevo- Lastovo- Palagruza- Korcula \u2013 SOLTA\u2013ZADAR<\/p>\n<p>T\u00fara d\u00edja : haj\u00f3z\u00e1s 330 \u20ac\/f\u0151-t\u0151l + kauci\u00f3 (cca 250 \u20ac\/f\u0151) (\u00fat v\u00e9g\u00e9n visszakapjuk)<\/p>\n<p>b\u00fav\u00e1rkod\u00e1s : 45 \u20ac \/f\u0151\/mer\u00fcl\u00e9s<\/p>\n<p>Jelentkez\u00e9s \u00e9s r\u00e9szletes inform\u00e1ci\u00f3: mobil: +36 30 414 79 20 vagy krizsanandras@gmail.com<\/p>\n<p><a href=\"http:\/\/www.koraltekki.hu\/wp-content\/uploads\/2015\/02\/boat.jpg\"><img loading=\"lazy\" class=\" wp-image-710\" src=\"http:\/\/www.koraltekki.hu\/wp-content\/uploads\/2015\/02\/boat-300x201.jpg\" alt=\"boat\" width=\"630\" height=\"422\" srcset=\"http:\/\/www.koraltekki.hu\/wp-content\/uploads\/2015\/02\/boat-300x201.jpg 300w, http:\/\/www.koraltekki.hu\/wp-content\/uploads\/2015\/02\/boat-1024x686.jpg 1024w, http:\/\/www.koraltekki.hu\/wp-content\/uploads\/2015\/02\/boat-224x150.jpg 224w, http:\/\/www.koraltekki.hu\/wp-content\/uploads\/2015\/02\/boat-150x100.jpg 150w, http:\/\/www.koraltekki.hu\/wp-content\/uploads\/2015\/02\/boat.jpg 1792w\" sizes=\"(max-width: 630px) 100vw, 630px\" \/><\/a><\/p>\n<p style=\"text-align: left;\"><a href=\"http:\/\/www.koraltekki.hu\/wp-content\/uploads\/2015\/02\/boat.jpg\"><img loading=\"lazy\" class=\"wp-image-711 alignnone\" src=\"http:\/\/www.koraltekki.hu\/wp-content\/uploads\/2015\/02\/shore-300x201.jpg\" alt=\"shore\" width=\"630\" height=\"421\" srcset=\"http:\/\/www.koraltekki.hu\/wp-content\/uploads\/2015\/02\/shore-300x201.jpg 300w, http:\/\/www.koraltekki.hu\/wp-content\/uploads\/2015\/02\/shore-224x150.jpg 224w, http:\/\/www.koraltekki.hu\/wp-content\/uploads\/2015\/02\/shore-150x100.jpg 150w, http:\/\/www.koraltekki.hu\/wp-content\/uploads\/2015\/02\/shore.jpg 896w\" sizes=\"(max-width: 630px) 100vw, 630px\" \/><\/a><a href=\"http:\/\/www.koraltekki.hu\/wp-content\/uploads\/2018\/04\/201339_1648863944696_4144528_o.jpg\"><img loading=\"lazy\" class=\" wp-image-1832 alignnone\" src=\"http:\/\/www.koraltekki.hu\/wp-content\/uploads\/2018\/04\/201339_1648863944696_4144528_o-300x225.jpg\" alt=\"\" width=\"627\" height=\"470\" srcset=\"http:\/\/www.koraltekki.hu\/wp-content\/uploads\/2018\/04\/201339_1648863944696_4144528_o-300x225.jpg 300w, http:\/\/www.koraltekki.hu\/wp-content\/uploads\/2018\/04\/201339_1648863944696_4144528_o-768x576.jpg 768w, http:\/\/www.koraltekki.hu\/wp-content\/uploads\/2018\/04\/201339_1648863944696_4144528_o-1024x768.jpg 1024w, http:\/\/www.koraltekki.hu\/wp-content\/uploads\/2018\/04\/201339_1648863944696_4144528_o-200x150.jpg 200w, http:\/\/www.koraltekki.hu\/wp-content\/uploads\/2018\/04\/201339_1648863944696_4144528_o-150x113.jpg 150w, http:\/\/www.koraltekki.hu\/wp-content\/uploads\/2018\/04\/201339_1648863944696_4144528_o.jpg 2048w\" sizes=\"(max-width: 627px) 100vw, 627px\" \/><\/a><\/p>\n<p><a href=\"http:\/\/www.koraltekki.hu\/wp-content\/uploads\/2018\/04\/210257_1648810383357_8248134_o.jpg\"><img loading=\"lazy\" class=\" wp-image-1834 alignnone\" src=\"http:\/\/www.koraltekki.hu\/wp-content\/uploads\/2018\/04\/210257_1648810383357_8248134_o-300x225.jpg\" alt=\"\" width=\"628\" height=\"471\" srcset=\"http:\/\/www.koraltekki.hu\/wp-content\/uploads\/2018\/04\/210257_1648810383357_8248134_o-300x225.jpg 300w, http:\/\/www.koraltekki.hu\/wp-content\/uploads\/2018\/04\/210257_1648810383357_8248134_o-768x576.jpg 768w, http:\/\/www.koraltekki.hu\/wp-content\/uploads\/2018\/04\/210257_1648810383357_8248134_o-1024x768.jpg 1024w, http:\/\/www.koraltekki.hu\/wp-content\/uploads\/2018\/04\/210257_1648810383357_8248134_o-200x150.jpg 200w, http:\/\/www.koraltekki.hu\/wp-content\/uploads\/2018\/04\/210257_1648810383357_8248134_o-150x113.jpg 150w, http:\/\/www.koraltekki.hu\/wp-content\/uploads\/2018\/04\/210257_1648810383357_8248134_o.jpg 2048w\" sizes=\"(max-width: 628px) 100vw, 628px\" \/><\/a><\/p>\n","protected":false},"excerpt":{"rendered":"<p>1 hetes t\u00faravitorl\u00e1z\u00e1s az Adri\u00e1n cca 400 nm T\u00fara kezdete : szombat. T\u00fara v\u00e9ge : k\u00f6vetkez\u0151 szombat. Indul\u00e1s helye : K\u00f6z\u00e9p Horv\u00e1torsz\u00e1g (Zadar, Biograd). Haj\u00f3 : 10 szem\u00e9lyes vitorl\u00e1s haj\u00f3 \u00c9tkez\u00e9s : a haj\u00f3n van h\u0171t\u0151szekr\u00e9ny. Bev\u00e1s\u00e1rolunk (c\u00e9lszer\u0171 k\u00f6z\u00f6sen) \u00e9s a haj\u00f3n \u00e9tkez\u00fcnk. K\u00e9r\u00e9sre \u00e9s az \u00fatiterv alapj\u00e1n t\u00f6bbsz\u00f6r kik\u00f6t\u00fcnk, \u2026 <a href=\"http:\/\/www.koraltekki.hu\/?page_id=695\"> Continue reading <span class=\"meta-nav\">&rarr; <\/span><\/a><\/p>\n","protected":false},"author":1,"featured_media":0,"parent":0,"menu_order":0,"comment_status":"closed","ping_status":"open","template":"","meta":[],"_links":{"self":[{"href":"http:\/\/www.koraltekki.hu\/index.php?rest_route=\/wp\/v2\/pages\/695"}],"collection":[{"href":"http:\/\/www.koraltekki.hu\/index.php?rest_route=\/wp\/v2\/pages"}],"about":[{"href":"http:\/\/www.koraltekki.hu\/index.php?rest_route=\/wp\/v2\/types\/page"}],"author":[{"embeddable":true,"href":"http:\/\/www.koraltekki.hu\/index.php?rest_route=\/wp\/v2\/users\/1"}],"replies":[{"embeddable":true,"href":"http:\/\/www.koraltekki.hu\/index.php?rest_route=%2Fwp%2Fv2%2Fcomments&post=695"}],"version-history":[{"count":15,"href":"http:\/\/www.koraltekki.hu\/index.php?rest_route=\/wp\/v2\/pages\/695\/revisions"}],"predecessor-version":[{"id":2113,"href":"http:\/\/www.koraltekki.hu\/index.php?rest_route=\/wp\/v2\/pages\/695\/revisions\/2113"}],"wp:attachment":[{"href":"http:\/\/www.koraltekki.hu\/index.php?rest_route=%2Fwp%2Fv2%2Fmedia&parent=695"}],"curies":[{"name":"wp","href":"https:\/\/api.w.org\/{rel}","templated":true}]}}