{"id":698,"date":"2015-02-14T09:52:57","date_gmt":"2015-02-14T09:52:57","guid":{"rendered":"http:\/\/www.koraltekki.hu\/?page_id=698"},"modified":"2015-02-14T10:00:25","modified_gmt":"2015-02-14T10:00:25","slug":"miskolci-mantak","status":"publish","type":"page","link":"http:\/\/www.koraltekki.hu\/?page_id=698","title":{"rendered":"Miskolci Mant\u00e1k"},"content":{"rendered":"<p style=\"text-align: left;\">\u00a0<a href=\"http:\/\/www.koraltekki.hu\/wp-content\/uploads\/2015\/02\/534179_378817772164898_558926999_n.jpg\"><img loading=\"lazy\" class=\"  wp-image-701 aligncenter\" src=\"http:\/\/www.koraltekki.hu\/wp-content\/uploads\/2015\/02\/534179_378817772164898_558926999_n.jpg\" alt=\"534179_378817772164898_558926999_n\" width=\"190\" height=\"190\" srcset=\"http:\/\/www.koraltekki.hu\/wp-content\/uploads\/2015\/02\/534179_378817772164898_558926999_n.jpg 160w, http:\/\/www.koraltekki.hu\/wp-content\/uploads\/2015\/02\/534179_378817772164898_558926999_n-150x150.jpg 150w\" sizes=\"(max-width: 190px) 100vw, 190px\" \/><\/a><\/p>\n<p>&nbsp;<\/p>\n<p>A Miskolci Mant\u00e1k B\u00fav\u00e1regyes\u00fcletet kiemelt c\u00e9lja, hogy a b\u00fav\u00e1rkod\u00e1s szerelmeseinek &#8220;otthona&#8221; legyen, illetve az ifj\u00fas\u00e1g eg\u00e9szs\u00e9ges \u00e9letm\u00f3dra nevel\u00e9se!<\/p>\n<p>A c\u00e9gr\u0151l r\u00f6viden<br \/>\nuszonyos \u00e9s b\u00fav\u00e1r\u00fasz\u00e1s szabadid\u0151s b\u00fav\u00e1r tev\u00e9kenys\u00e9g<\/p>\n<p>Hossz\u00fa le\u00edr\u00e1s<br \/>\nValamennyi koroszt\u00e1ly eg\u00e9szs\u00e9ges \u00e9letm\u00f3dra vezet\u00e9se A Miskolci amat\u0151r illet\u0151leg a professzion\u00e1lis b\u00fav\u00e1rtev\u00e9kenys\u00e9gek \u00f6sszefog\u00e1sa \u00e9s nemzetk\u00f6zi szint\u00e9ren t\u00f6rt\u00e9n\u0151 bemutatkoz\u00e1s\u00e1nak el\u0151segit\u00e9se A 21 sz\u00e1zad k\u00f6vetelm\u00e9nyeinek megfelel\u0151 b\u00fav\u00e1roktat\u00e1s meghonosit\u00e1sa<\/p>\n<p>K\u00fcldet\u00e9s: Miskolc \u00e9s vonz\u00e1sk\u00f6rzet b\u00fav\u00e1rsportj\u00e1nak fejleszt\u00e9s<\/p>\n<p>Telefon:\u00a006-30\/458-98-93 \u00a0 Mail:\u00a0kriszmanta@indamail.hu \u00a0 weboldal: \u00a0<a href=\"http:\/\/www.miskolcimantak.eu\/\" target=\"_blank\" rel=\"nofollow nofollow\">www.miskolcimantak.eu<\/a><\/p>\n","protected":false},"excerpt":{"rendered":"<p>\u00a0 &nbsp; A Miskolci Mant\u00e1k B\u00fav\u00e1regyes\u00fcletet kiemelt c\u00e9lja, hogy a b\u00fav\u00e1rkod\u00e1s szerelmeseinek &#8220;otthona&#8221; legyen, illetve az ifj\u00fas\u00e1g eg\u00e9szs\u00e9ges \u00e9letm\u00f3dra nevel\u00e9se! A c\u00e9gr\u0151l r\u00f6viden uszonyos \u00e9s b\u00fav\u00e1r\u00fasz\u00e1s szabadid\u0151s b\u00fav\u00e1r tev\u00e9kenys\u00e9g Hossz\u00fa le\u00edr\u00e1s Valamennyi koroszt\u00e1ly eg\u00e9szs\u00e9ges \u00e9letm\u00f3dra vezet\u00e9se A Miskolci amat\u0151r illet\u0151leg a professzion\u00e1lis b\u00fav\u00e1rtev\u00e9kenys\u00e9gek \u00f6sszefog\u00e1sa \u00e9s nemzetk\u00f6zi szint\u00e9ren t\u00f6rt\u00e9n\u0151 bemutatkoz\u00e1s\u00e1nak el\u0151segit\u00e9se \u2026 <a href=\"http:\/\/www.koraltekki.hu\/?page_id=698\"> Continue reading <span class=\"meta-nav\">&rarr; <\/span><\/a><\/p>\n","protected":false},"author":1,"featured_media":0,"parent":0,"menu_order":0,"comment_status":"closed","ping_status":"open","template":"","meta":[],"_links":{"self":[{"href":"http:\/\/www.koraltekki.hu\/index.php?rest_route=\/wp\/v2\/pages\/698"}],"collection":[{"href":"http:\/\/www.koraltekki.hu\/index.php?rest_route=\/wp\/v2\/pages"}],"about":[{"href":"http:\/\/www.koraltekki.hu\/index.php?rest_route=\/wp\/v2\/types\/page"}],"author":[{"embeddable":true,"href":"http:\/\/www.koraltekki.hu\/index.php?rest_route=\/wp\/v2\/users\/1"}],"replies":[{"embeddable":true,"href":"http:\/\/www.koraltekki.hu\/index.php?rest_route=%2Fwp%2Fv2%2Fcomments&post=698"}],"version-history":[{"count":6,"href":"http:\/\/www.koraltekki.hu\/index.php?rest_route=\/wp\/v2\/pages\/698\/revisions"}],"predecessor-version":[{"id":706,"href":"http:\/\/www.koraltekki.hu\/index.php?rest_route=\/wp\/v2\/pages\/698\/revisions\/706"}],"wp:attachment":[{"href":"http:\/\/www.koraltekki.hu\/index.php?rest_route=%2Fwp%2Fv2%2Fmedia&parent=698"}],"curies":[{"name":"wp","href":"https:\/\/api.w.org\/{rel}","templated":true}]}}