{"id":742,"date":"2015-02-18T15:21:13","date_gmt":"2015-02-18T15:21:13","guid":{"rendered":"http:\/\/www.koraltekki.hu\/?page_id=742"},"modified":"2016-06-13T08:03:32","modified_gmt":"2016-06-13T08:03:32","slug":"gruner-see","status":"publish","type":"page","link":"http:\/\/www.koraltekki.hu\/?page_id=742","title":{"rendered":"Stuka\/Junkers merules"},"content":{"rendered":"<p>&nbsp;<\/p>\n<p>Roncsmeruleses turakat szervezeunk folyamatosan<br \/>\n2016 Junius 14.-tol szeptember vegeig.<\/p>\n<p>Tervezett program:<\/p>\n<p>1. nap (Pasman szigetek)<br \/>\n1, merules felkeszito merules Boran wrecknel<br \/>\n2. merules falmerules<\/p>\n<p>2. nap (Zirja)<br \/>\n3. merules Stuka merules (*)<br \/>\n4. merules Stuka merules<\/p>\n<p>3. nap (Pasman<br \/>\n5. merules gorgonia merules<br \/>\n6. Meules &#8220;deszaturacios&#8221; merules<\/p>\n<p>Reszveteli feltetel:<\/p>\n<p>&#8211; min AOWD szint<br \/>\n(Deep vagy roncs spec elony, de a tura alatt NEM vegezheto el, bocs)<br \/>\n&#8211; min 50 igazolt nyiltvizi merules<br \/>\n&#8211; melymeruleshez szukseges felszereles meglete<br \/>\n&#8211; orvosi igazolas<br \/>\n&#8211; buvarbiztositas<\/p>\n<p>&nbsp;<\/p>\n<p>Erdekl\u0151d\u00e9s \u00e9s jelentkez\u00e9s:<br \/>\nKrizs\u00e1n Andr\u00e1s (KORAL-TEKKI B\u00fav\u00e1rIskola)<br \/>\nMobil: +385917254605, +36 30 414 79 20<br \/>\nMail: krizsanandras@gmail.com<\/p>\n<p>www.koraltekki.hu<\/p>\n<p><a href=\"http:\/\/www.koraltekki.hu\/wp-content\/uploads\/2016\/06\/14370645639151.jpg\"><img loading=\"lazy\" class=\" wp-image-1404 alignleft\" src=\"http:\/\/www.koraltekki.hu\/wp-content\/uploads\/2016\/06\/14370642809981-300x225.jpg\" alt=\"14370642809981\" width=\"831\" height=\"623\" srcset=\"http:\/\/www.koraltekki.hu\/wp-content\/uploads\/2016\/06\/14370642809981-300x225.jpg 300w, http:\/\/www.koraltekki.hu\/wp-content\/uploads\/2016\/06\/14370642809981-1024x768.jpg 1024w, http:\/\/www.koraltekki.hu\/wp-content\/uploads\/2016\/06\/14370642809981-200x150.jpg 200w, http:\/\/www.koraltekki.hu\/wp-content\/uploads\/2016\/06\/14370642809981-150x112.jpg 150w, http:\/\/www.koraltekki.hu\/wp-content\/uploads\/2016\/06\/14370642809981.jpg 1267w\" sizes=\"(max-width: 831px) 100vw, 831px\" \/><img loading=\"lazy\" class=\"  wp-image-1407 alignleft\" src=\"http:\/\/www.koraltekki.hu\/wp-content\/uploads\/2016\/06\/14370641256451-300x225.jpg\" alt=\"14370641256451\" width=\"828\" height=\"621\" srcset=\"http:\/\/www.koraltekki.hu\/wp-content\/uploads\/2016\/06\/14370641256451-300x225.jpg 300w, http:\/\/www.koraltekki.hu\/wp-content\/uploads\/2016\/06\/14370641256451-1024x768.jpg 1024w, http:\/\/www.koraltekki.hu\/wp-content\/uploads\/2016\/06\/14370641256451-200x150.jpg 200w, http:\/\/www.koraltekki.hu\/wp-content\/uploads\/2016\/06\/14370641256451-150x112.jpg 150w, http:\/\/www.koraltekki.hu\/wp-content\/uploads\/2016\/06\/14370641256451.jpg 1267w\" sizes=\"(max-width: 828px) 100vw, 828px\" \/><img loading=\"lazy\" class=\"  wp-image-1408 alignleft\" src=\"http:\/\/www.koraltekki.hu\/wp-content\/uploads\/2016\/06\/14370645639151-300x225.jpg\" alt=\"14370645639151\" width=\"827\" height=\"620\" srcset=\"http:\/\/www.koraltekki.hu\/wp-content\/uploads\/2016\/06\/14370645639151-300x225.jpg 300w, http:\/\/www.koraltekki.hu\/wp-content\/uploads\/2016\/06\/14370645639151-1024x768.jpg 1024w, http:\/\/www.koraltekki.hu\/wp-content\/uploads\/2016\/06\/14370645639151-200x150.jpg 200w, http:\/\/www.koraltekki.hu\/wp-content\/uploads\/2016\/06\/14370645639151-150x112.jpg 150w, http:\/\/www.koraltekki.hu\/wp-content\/uploads\/2016\/06\/14370645639151.jpg 1267w\" sizes=\"(max-width: 827px) 100vw, 827px\" \/><\/a><\/p>\n<p>&nbsp;<\/p>\n<p>&nbsp;<\/p>\n<p style=\"text-align: left;\">\n","protected":false},"excerpt":{"rendered":"<p>&nbsp; Roncsmeruleses turakat szervezeunk folyamatosan 2016 Junius 14.-tol szeptember vegeig. Tervezett program: 1. nap (Pasman szigetek) 1, merules felkeszito merules Boran wrecknel 2. merules falmerules 2. nap (Zirja) 3. merules Stuka merules (*) 4. merules Stuka merules 3. nap (Pasman 5. merules gorgonia merules 6. Meules &#8220;deszaturacios&#8221; merules Reszveteli feltetel: \u2026 <a href=\"http:\/\/www.koraltekki.hu\/?page_id=742\"> Continue reading <span class=\"meta-nav\">&rarr; <\/span><\/a><\/p>\n","protected":false},"author":1,"featured_media":0,"parent":0,"menu_order":0,"comment_status":"closed","ping_status":"open","template":"","meta":[],"_links":{"self":[{"href":"http:\/\/www.koraltekki.hu\/index.php?rest_route=\/wp\/v2\/pages\/742"}],"collection":[{"href":"http:\/\/www.koraltekki.hu\/index.php?rest_route=\/wp\/v2\/pages"}],"about":[{"href":"http:\/\/www.koraltekki.hu\/index.php?rest_route=\/wp\/v2\/types\/page"}],"author":[{"embeddable":true,"href":"http:\/\/www.koraltekki.hu\/index.php?rest_route=\/wp\/v2\/users\/1"}],"replies":[{"embeddable":true,"href":"http:\/\/www.koraltekki.hu\/index.php?rest_route=%2Fwp%2Fv2%2Fcomments&post=742"}],"version-history":[{"count":11,"href":"http:\/\/www.koraltekki.hu\/index.php?rest_route=\/wp\/v2\/pages\/742\/revisions"}],"predecessor-version":[{"id":1410,"href":"http:\/\/www.koraltekki.hu\/index.php?rest_route=\/wp\/v2\/pages\/742\/revisions\/1410"}],"wp:attachment":[{"href":"http:\/\/www.koraltekki.hu\/index.php?rest_route=%2Fwp%2Fv2%2Fmedia&parent=742"}],"curies":[{"name":"wp","href":"https:\/\/api.w.org\/{rel}","templated":true}]}}