{"id":807,"date":"2015-02-20T13:48:18","date_gmt":"2015-02-20T13:48:18","guid":{"rendered":"http:\/\/www.koraltekki.hu\/?page_id=807"},"modified":"2018-05-22T20:21:34","modified_gmt":"2018-05-22T20:21:34","slug":"bemutatkozas","status":"publish","type":"page","link":"http:\/\/www.koraltekki.hu\/?page_id=807","title":{"rendered":"Bemutatkoz\u00e1s"},"content":{"rendered":"<p><strong>Tisztelt \u00c9rdekl\u0151d\u0151 !<\/strong><\/p>\n<p>B\u00fav\u00e1riskol\u00e1nk, a KORAL TEKKI B\u00fav\u00e1riskola 1996 \u00f3ta m\u0171k\u00f6dik. Kezd\u0151 szintt\u0151l eg\u00e9szen a hivat\u00e1sosig (DM) k\u00e9pz\u00fcnk b\u00fav\u00e1rokat. K\u00e9pzett b\u00fav\u00e1rok r\u00e9sz\u00e9re mer\u00fcl\u00e9si lehet\u0151s\u00e9get biztos\u00edtunk.<br \/>\nF\u0151 c\u00e9lunk a min\u00e9l biztons\u00e1gosabb, alapos ismereteket biztos\u00edt\u00f3 b\u00fav\u00e1roktat\u00e1s \u00e9s a term\u00e9szet, f\u0151leg a vizi k\u00f6rnyezet meg\u00f3v\u00e1sa.<br \/>\nC\u00e9ljaink el\u00e9r\u00e9se \u00e9rdek\u00e9ben \u2013 a tanul\u00f3k min\u00e9l magasabb szint\u0171 oktat\u00e1sa \u00e9s biztons\u00e1g\u00e1nak n\u00f6vel\u00e9se \u00e9rdek\u00e9ben \u2013 folyamatosan k\u00e9pezz\u00fck magunkat \u00e9s b\u0151v\u00edtj\u00fck b\u00fav\u00e1roktat\u00f3i csapatunkat. Iskol\u00e1nk els\u0151sorban CMAS rendszerben oktat, de nyitott m\u00e1s (PADI, SSI, DIWA, ILS TDI, BSAC, IANTD \u00a0\u00e9s UEF) rendszerek fel\u00e9 is.<\/p>\n<p>Nem tartunk sem Kuponos, sem B\u00f3nus Brig\u00e1dos tanfolyamokat, sz\u00e1munkra az oktat\u00e1s min\u0151s\u00e9ge els\u0151dleges szempont.<br \/>\nAz oktat\u00e1s sor\u00e1n a porosz m\u00f3dszert haszn\u00e1ljuk, nagy hangs\u00falyt fektetve a tanul\u00f3 \u2013 oktat\u00f3 kapcsolatra.<br \/>\nAz oktat\u00e1s sor\u00e1n kiz\u00e1r\u00f3lag csak nagy tapasztalat\u00fa, gyakorlott Oktat\u00f3k\/b\u00fav\u00e1rok m\u0171k\u00f6dnek k\u00f6zre.<br \/>\nA tanfolyamok befejez\u00e9s\u00e9re, illetve mer\u00fcl\u00e9si gyakorlat megszerz\u00e9s\u00e9re rendelkez\u00e9sre \u00e1ll a Biograd na moru v\u00e1ros\u00e1ban (Horv\u00e1torsz\u00e1g) tal\u00e1lhat\u00f3 tengeri b\u00e1zisunk, illetve tr\u00f3pusi t\u00far\u00e1ink is.<\/p>\n<p><span style=\"color: #ff0000;\">2016 \u00f3ta \u00a0UEF Partner Dive Center vagyunk.<\/span><\/p>\n<p>Vezet\u0151 Oktat\u00f3: Krizs\u00e1n Andr\u00e1s Dipl.Ing. M\u0171egyetemet v\u00e9gzett m\u00e9rn\u00f6k, a min\u0151s\u00e9gk\u00f6zpont\u00fa oktat\u00e1s elk\u00f6telezett h\u00edve.<\/p>\n<p><img loading=\"lazy\" class=\" wp-image-1001 alignleft\" src=\"http:\/\/www.koraltekki.hu\/wp-content\/uploads\/2015\/06\/k-IMG_2834-300x200.jpg\" alt=\"k-IMG_2834\" width=\"360\" height=\"240\" srcset=\"http:\/\/www.koraltekki.hu\/wp-content\/uploads\/2015\/06\/k-IMG_2834-300x200.jpg 300w, http:\/\/www.koraltekki.hu\/wp-content\/uploads\/2015\/06\/k-IMG_2834-1024x683.jpg 1024w, http:\/\/www.koraltekki.hu\/wp-content\/uploads\/2015\/06\/k-IMG_2834-225x150.jpg 225w, http:\/\/www.koraltekki.hu\/wp-content\/uploads\/2015\/06\/k-IMG_2834-150x100.jpg 150w, http:\/\/www.koraltekki.hu\/wp-content\/uploads\/2015\/06\/k-IMG_2834.jpg 1200w\" sizes=\"(max-width: 360px) 100vw, 360px\" \/><img loading=\"lazy\" class=\" wp-image-1279 alignleft\" src=\"http:\/\/www.koraltekki.hu\/wp-content\/uploads\/2016\/03\/12718075_10206783460723810_8150391561068836765_n-300x198.jpg\" alt=\"12718075_10206783460723810_8150391561068836765_n\" width=\"361\" height=\"238\" srcset=\"http:\/\/www.koraltekki.hu\/wp-content\/uploads\/2016\/03\/12718075_10206783460723810_8150391561068836765_n-300x198.jpg 300w, http:\/\/www.koraltekki.hu\/wp-content\/uploads\/2016\/03\/12718075_10206783460723810_8150391561068836765_n-227x150.jpg 227w, http:\/\/www.koraltekki.hu\/wp-content\/uploads\/2016\/03\/12718075_10206783460723810_8150391561068836765_n-150x99.jpg 150w, http:\/\/www.koraltekki.hu\/wp-content\/uploads\/2016\/03\/12718075_10206783460723810_8150391561068836765_n.jpg 960w\" sizes=\"(max-width: 361px) 100vw, 361px\" \/><\/p>\n<p>&nbsp;<\/p>\n<p>&nbsp;<\/p>\n<p>&nbsp;<\/p>\n<p>&nbsp;<\/p>\n<p>&nbsp;<\/p>\n<p>&nbsp;<\/p>\n<p>Minden esetben szem\u00e9lyesen r\u00e9szt vesz mind az oktat\u00e1sban, mind t\u00far\u00e1kon. Mott\u00f3:\u201dMegmutatom \u00e9s Te is csin\u00e1ld\u00a0 meg\u201d<\/p>\n<p>Angolul foly\u00e9konyan, horv\u00e1t nyelven alapfokon besz\u00e9l. K\u00e9pzett \u00e9s gyakorlott tengeri haj\u00f3s, mindenfajta v\u00edzi- \u00e9s sz\u00e1razf\u00f6ldi j\u00e1rm\u0171vet el tud vezetni.<\/p>\n<p><strong>T\u00f6bb mint k\u00e9t \u00e9vtizedes, \u00a0ebb\u0151l t\u00f6bb mint 15 \u00e9v k\u00fclf\u00f6ldi b\u00e1zisokon szerzett gyakorlattal rendelkezik.<\/strong><\/p>\n<p style=\"margin-bottom: 18.0pt;\"><span style=\"font-family: 'Arial','sans-serif'; color: #444444;\">K\u00e9pzetts\u00e9gek: CMAS 2 Stars Instructor 2 IH 054, PADI\u00a0 Assistant Instructor AI #150152, ILS Rescue Diver Instructor, CMAS Deep Diver Instructor,PADI NITROX Diver, CMAS NITROX Intructor, CMAS Dry Suit Instructor, CMAS\u00a0 Wreck Instructor, CMAS Children\u00a0 Instructor, CMAS Night Diver, PADI Rebreather Diver, PADI Rescue Diver,\u00a0PADI Self Reliant (Solo) \u00a0Diver, UEF Master Scuba Diver, DIWA Chief Scuba Diver, IANTD Advanced Nitrox Diver, DAN Oxigen Provider, Gas blender, Sportoktat\u00f3. Akt\u00edv canicross (kuty\u00e1s fut\u00e1s) versenyz\u0151.<\/span><\/p>\n<p style=\"margin-bottom: 18.0pt;\"><span style=\"font-family: 'Arial','sans-serif'; color: #444444;\">2016-ban megkapta a MIskolvi Mant\u00e1k B\u00fav\u00e1r Egyes\u00fclett\u0151l &#8211; munk\u00e1ja elismer\u00e9s\u00e9nek jel\u00e9\u00fcl &#8211; az <span style=\"color: #ff0000;\">\u00d6r\u00f6k\u00f6s c\u00edmzetes tan\u00e1csad\u00f3<\/span>i cimet. 2017-t\u0151l <span style=\"color: #ff0000;\">Fel\u00fcgyel\u0151 Bizotts\u00e1gi tag<\/span>.<\/span><\/p>\n<p style=\"margin-bottom: 18.0pt; font-variant-ligatures: normal; font-variant-caps: normal; orphans: 2; text-align: start; widows: 2; -webkit-text-stroke-width: 0px; word-spacing: 0px;\"><span style=\"font-family: 'Arial','sans-serif'; color: #444444;\">Mi\u00e9rt a C.M.A.S . rendszert aj\u00e1nljuk els\u0151k\u00e9nt? Mert a CMAS a legnagyobb hagyom\u00e1nnyal rendelkez\u0151 nemzetk\u00f6zi b\u00fav\u00e1rsz\u00f6vets\u00e9g.\u00a0 Nem tilt, hanem tan\u00edt, \u00f6n\u00e1ll\u00f3, felk\u00e9sz\u00fclt, ismereteit gyakorlatban is alkalmazni tud\u00f3 b\u00fav\u00e1rokat k\u00edv\u00e1n k\u00e9pezni. Ezzel er\u0151s alapokat biztos\u00edt a tov\u00e1bbi tanfolyamok elv\u00e9gz\u00e9s\u00e9hez.<br \/>\nJelenleg Magyarorsz\u00e1gon\u00a0 a CMAS alapfok\u00fa egycsillagos b\u00fav\u00e1rtanfolyamai adj\u00e1k az egyik<span class=\"apple-converted-space\">\u00a0<\/span><\/span><strong><span style=\"font-family: 'Arial','sans-serif'; color: black;\">legalaposabb<\/span><\/strong><span class=\"apple-converted-space\"><span style=\"font-family: 'Arial','sans-serif'; color: #444444;\">\u00a0<\/span><\/span><span style=\"font-family: 'Arial','sans-serif'; color: #444444;\">k\u00e9pz\u00e9st a haz\u00e1nkban m\u0171k\u00f6d\u0151 oktat\u00e1si rendszerek k\u00f6z\u00fcl.<br \/>\nA nemzetk\u00f6zileg is elismert teljes \u00f6n\u00e1ll\u00f3s\u00e1got biztos\u00edt\u00f3 k\u00e9tcsillagos halad\u00f3, valamint a h\u00e1romcsillagos mer\u00fcl\u00e9svezet\u0151-b\u00fav\u00e1r tanfolyamok \u2013 \u00e9s a k\u00f6z\u00f6tt\u00fck el\u0151\u00edrt mer\u00fcl\u00e9sek \u2013 olyan sz\u00e9les k\u00f6r\u0171 elm\u00e9leti \u00e9s gyakorlati k\u00e9pz\u00e9st adnak, amelyet m\u00e1shol csak t\u00f6bb speci\u00e1lis tanfolyamon lehet megszerezni.<br \/>\nA fokozatok megszerz\u00e9s\u00e9hez el\u0151\u00edrt mer\u00fcl\u00e9si sz\u00e1m, megszerz\u00e9se k\u00f6telez\u0151 (nem lehetsz egy ny\u00e1r alatt oktat\u00f3!).<br \/>\nA CMAS\u00a0 non profit szervezet, mert nem a nyeres\u00e9get, hanem a b\u00fav\u00e1rok alapos felk\u00e9sz\u00edt\u00e9s\u00e9t tartja a legfontosabbnak, s mivel a CMAS p\u00e9ld\u00e1ul mind\u00f6ssze k\u00e9t egym\u00e1sra \u00e9p\u00fcl\u0151 tanfolyammal \u00e9s legal\u00e1bb 25 mer\u00fcl\u00e9ssel k\u00e9pez egycsillagos (\u201calapfok\u00fa\u201d) b\u00fav\u00e1rb\u00f3l k\u00e9tcsillagos (teljesen \u00f6n\u00e1ll\u00f3 \u201chalad\u00f3\u201d) b\u00fav\u00e1rt \u00edgy nincs is sz\u00fcks\u00e9ge annyi k\u00e1rtya kiad\u00e1s\u00e1ra.<br \/>\nAz eur\u00f3pai gondolkod\u00e1s\u00fa CMAS nem tilt, hanem tan\u00edt. A CMAS rendszer ismeri a re\u00e1lis ig\u00e9nyeket \u00e9s egy k\u00e9tcsillagos b\u00fav\u00e1rt p\u00e9ld\u00e1ul \u2013 egyed\u00fcl\u00e1ll\u00f3 m\u00f3don \u2013 tov\u00e1bbi tanfolyam n\u00e9lk\u00fcl is felk\u00e9sz\u00edt 56 m\u00e9ter m\u00e9lys\u00e9gig terjed\u0151 dekompresszi\u00f3s mer\u00fcl\u00e9sre!<\/span><\/p>\n<p style=\"margin-bottom: 18.0pt; font-variant-ligatures: normal; font-variant-caps: normal; orphans: 2; text-align: start; widows: 2; -webkit-text-stroke-width: 0px; word-spacing: 0px;\"><span style=\"font-family: 'Arial','sans-serif'; color: #444444;\">Kapcsolat:<br \/>\nKrizs\u00e1n Andr\u00e1s Scuba Instructor<br \/>\nMobil: +36 30 414 79 20, + 385 917254605 (horv\u00e1t)<br \/>\nE-mail: krizsanandras@gmail.com , koraltekkidiving@gmail.com<\/span><\/p>\n<p>Web :\u00a0 www.koraltekki.hu<\/p>\n<p><a href=\"http:\/\/www.koraltekki.hu\/wp-content\/uploads\/2018\/05\/advert2018generalBiograd.jpg\"><img loading=\"lazy\" class=\" wp-image-1859 alignleft\" src=\"http:\/\/www.koraltekki.hu\/wp-content\/uploads\/2018\/05\/advert2018generalBiograd-212x300.jpg\" alt=\"\" width=\"698\" height=\"988\" srcset=\"http:\/\/www.koraltekki.hu\/wp-content\/uploads\/2018\/05\/advert2018generalBiograd-212x300.jpg 212w, http:\/\/www.koraltekki.hu\/wp-content\/uploads\/2018\/05\/advert2018generalBiograd-768x1086.jpg 768w, http:\/\/www.koraltekki.hu\/wp-content\/uploads\/2018\/05\/advert2018generalBiograd-724x1024.jpg 724w, http:\/\/www.koraltekki.hu\/wp-content\/uploads\/2018\/05\/advert2018generalBiograd-106x150.jpg 106w, http:\/\/www.koraltekki.hu\/wp-content\/uploads\/2018\/05\/advert2018generalBiograd.jpg 1240w\" sizes=\"(max-width: 698px) 100vw, 698px\" \/><\/a><\/p>\n<p>&nbsp;<\/p>\n<p>&nbsp;<\/p>\n<p>&nbsp;<\/p>\n<p>&nbsp;<\/p>\n<p>&nbsp;<\/p>\n<p>&nbsp;<\/p>\n<p>&nbsp;<\/p>\n<p>&nbsp;<\/p>\n<p>&nbsp;<\/p>\n<p>&nbsp;<\/p>\n<p>&nbsp;<\/p>\n<p>&nbsp;<\/p>\n<p>&nbsp;<\/p>\n<p>&nbsp;<\/p>\n<p>&nbsp;<\/p>\n<p>&nbsp;<\/p>\n<p>&nbsp;<\/p>\n<p>&nbsp;<\/p>\n<p>&nbsp;<\/p>\n<p>&nbsp;<\/p>\n<p>&nbsp;<\/p>\n<p><a href=\"http:\/\/www.koraltekki.hu\/wp-content\/uploads\/2018\/05\/advert2018szallas-1.jpg\"><img loading=\"lazy\" class=\" wp-image-1864 alignleft\" src=\"http:\/\/www.koraltekki.hu\/wp-content\/uploads\/2018\/05\/advert2018szallas-1-212x300.jpg\" alt=\"\" width=\"695\" height=\"983\" srcset=\"http:\/\/www.koraltekki.hu\/wp-content\/uploads\/2018\/05\/advert2018szallas-1-212x300.jpg 212w, http:\/\/www.koraltekki.hu\/wp-content\/uploads\/2018\/05\/advert2018szallas-1-768x1086.jpg 768w, http:\/\/www.koraltekki.hu\/wp-content\/uploads\/2018\/05\/advert2018szallas-1-724x1024.jpg 724w, http:\/\/www.koraltekki.hu\/wp-content\/uploads\/2018\/05\/advert2018szallas-1-106x150.jpg 106w, http:\/\/www.koraltekki.hu\/wp-content\/uploads\/2018\/05\/advert2018szallas-1.jpg 1240w\" sizes=\"(max-width: 695px) 100vw, 695px\" \/><\/a><\/p>\n<p>&nbsp;<\/p>\n<p>&nbsp;<\/p>\n<p>&nbsp;<\/p>\n<p>&nbsp;<\/p>\n<p>&nbsp;<\/p>\n<p>&nbsp;<\/p>\n<p>&nbsp;<\/p>\n<p>&nbsp;<\/p>\n<p>&nbsp;<\/p>\n<p>&nbsp;<\/p>\n<p>&nbsp;<\/p>\n<p>&nbsp;<\/p>\n<p>&nbsp;<\/p>\n<p>&nbsp;<\/p>\n<p>&nbsp;<\/p>\n<p>&nbsp;<\/p>\n<p>&nbsp;<\/p>\n<p>&nbsp;<\/p>\n<p>&nbsp;<\/p>\n<p>&nbsp;<\/p>\n<p>&nbsp;<\/p>\n<p style=\"text-align: left;\"><a href=\"http:\/\/www.koraltekki.hu\/wp-content\/uploads\/2018\/05\/advert2018sport.jpg\"><img loading=\"lazy\" class=\" wp-image-1867 alignnone\" src=\"http:\/\/www.koraltekki.hu\/wp-content\/uploads\/2018\/05\/advert2018sport-212x300.jpg\" alt=\"\" width=\"696\" height=\"985\" srcset=\"http:\/\/www.koraltekki.hu\/wp-content\/uploads\/2018\/05\/advert2018sport-212x300.jpg 212w, http:\/\/www.koraltekki.hu\/wp-content\/uploads\/2018\/05\/advert2018sport-768x1086.jpg 768w, http:\/\/www.koraltekki.hu\/wp-content\/uploads\/2018\/05\/advert2018sport-724x1024.jpg 724w, http:\/\/www.koraltekki.hu\/wp-content\/uploads\/2018\/05\/advert2018sport-106x150.jpg 106w, http:\/\/www.koraltekki.hu\/wp-content\/uploads\/2018\/05\/advert2018sport.jpg 1240w\" sizes=\"(max-width: 696px) 100vw, 696px\" \/><\/a><\/p>\n<p><a href=\"http:\/\/www.koraltekki.hu\/wp-content\/uploads\/2015\/01\/received_1588110201199185.png\"><img loading=\"lazy\" class=\" wp-image-1627 alignnone\" src=\"http:\/\/www.koraltekki.hu\/wp-content\/uploads\/2015\/01\/received_1588110201199185-213x300.png\" alt=\"\" width=\"694\" height=\"978\" srcset=\"http:\/\/www.koraltekki.hu\/wp-content\/uploads\/2015\/01\/received_1588110201199185-213x300.png 213w, http:\/\/www.koraltekki.hu\/wp-content\/uploads\/2015\/01\/received_1588110201199185-106x150.png 106w, http:\/\/www.koraltekki.hu\/wp-content\/uploads\/2015\/01\/received_1588110201199185.png 688w\" sizes=\"(max-width: 694px) 100vw, 694px\" \/><\/a><a href=\"http:\/\/www.koraltekki.hu\/wp-content\/uploads\/2018\/04\/190915_1630204078211_7765466_o.jpg\"><img loading=\"lazy\" class=\"wp-image-1800 alignnone\" src=\"http:\/\/www.koraltekki.hu\/wp-content\/uploads\/2018\/04\/190915_1630204078211_7765466_o-300x225.jpg\" alt=\"\" width=\"694\" height=\"521\" srcset=\"http:\/\/www.koraltekki.hu\/wp-content\/uploads\/2018\/04\/190915_1630204078211_7765466_o-300x225.jpg 300w, http:\/\/www.koraltekki.hu\/wp-content\/uploads\/2018\/04\/190915_1630204078211_7765466_o-768x576.jpg 768w, http:\/\/www.koraltekki.hu\/wp-content\/uploads\/2018\/04\/190915_1630204078211_7765466_o-1024x768.jpg 1024w, http:\/\/www.koraltekki.hu\/wp-content\/uploads\/2018\/04\/190915_1630204078211_7765466_o-200x150.jpg 200w, http:\/\/www.koraltekki.hu\/wp-content\/uploads\/2018\/04\/190915_1630204078211_7765466_o-150x113.jpg 150w, http:\/\/www.koraltekki.hu\/wp-content\/uploads\/2018\/04\/190915_1630204078211_7765466_o.jpg 2048w\" sizes=\"(max-width: 694px) 100vw, 694px\" \/><\/a><\/p>\n","protected":false},"excerpt":{"rendered":"<p>Tisztelt \u00c9rdekl\u0151d\u0151 ! B\u00fav\u00e1riskol\u00e1nk, a KORAL TEKKI B\u00fav\u00e1riskola 1996 \u00f3ta m\u0171k\u00f6dik. Kezd\u0151 szintt\u0151l eg\u00e9szen a hivat\u00e1sosig (DM) k\u00e9pz\u00fcnk b\u00fav\u00e1rokat. K\u00e9pzett b\u00fav\u00e1rok r\u00e9sz\u00e9re mer\u00fcl\u00e9si lehet\u0151s\u00e9get biztos\u00edtunk. F\u0151 c\u00e9lunk a min\u00e9l biztons\u00e1gosabb, alapos ismereteket biztos\u00edt\u00f3 b\u00fav\u00e1roktat\u00e1s \u00e9s a term\u00e9szet, f\u0151leg a vizi k\u00f6rnyezet meg\u00f3v\u00e1sa. C\u00e9ljaink el\u00e9r\u00e9se \u00e9rdek\u00e9ben \u2013 a tanul\u00f3k min\u00e9l magasabb \u2026 <a href=\"http:\/\/www.koraltekki.hu\/?page_id=807\"> Continue reading <span class=\"meta-nav\">&rarr; <\/span><\/a><\/p>\n","protected":false},"author":1,"featured_media":0,"parent":0,"menu_order":0,"comment_status":"closed","ping_status":"open","template":"","meta":[],"_links":{"self":[{"href":"http:\/\/www.koraltekki.hu\/index.php?rest_route=\/wp\/v2\/pages\/807"}],"collection":[{"href":"http:\/\/www.koraltekki.hu\/index.php?rest_route=\/wp\/v2\/pages"}],"about":[{"href":"http:\/\/www.koraltekki.hu\/index.php?rest_route=\/wp\/v2\/types\/page"}],"author":[{"embeddable":true,"href":"http:\/\/www.koraltekki.hu\/index.php?rest_route=\/wp\/v2\/users\/1"}],"replies":[{"embeddable":true,"href":"http:\/\/www.koraltekki.hu\/index.php?rest_route=%2Fwp%2Fv2%2Fcomments&post=807"}],"version-history":[{"count":28,"href":"http:\/\/www.koraltekki.hu\/index.php?rest_route=\/wp\/v2\/pages\/807\/revisions"}],"predecessor-version":[{"id":1869,"href":"http:\/\/www.koraltekki.hu\/index.php?rest_route=\/wp\/v2\/pages\/807\/revisions\/1869"}],"wp:attachment":[{"href":"http:\/\/www.koraltekki.hu\/index.php?rest_route=%2Fwp%2Fv2%2Fmedia&parent=807"}],"curies":[{"name":"wp","href":"https:\/\/api.w.org\/{rel}","templated":true}]}}