{"id":850,"date":"2015-02-25T11:53:50","date_gmt":"2015-02-25T11:53:50","guid":{"rendered":"http:\/\/www.koraltekki.hu\/?page_id=850"},"modified":"2015-03-03T17:03:59","modified_gmt":"2015-03-03T17:03:59","slug":"buvarfotos-tanfolyam","status":"publish","type":"page","link":"http:\/\/www.koraltekki.hu\/?page_id=850","title":{"rendered":"Fotogr\u00e1fus b\u00fav\u00e1r"},"content":{"rendered":"<p>Fotogr\u00e1fus b\u00fav\u00e1r oktat\u00e1s (Photographer Diver &#8211; PD)<\/p>\n<p>Fotogr\u00e1fus b\u00fav\u00e1r oktat\u00e1s, els\u0151sorban kompakt g\u00e9pes fot\u00f3sok r\u00e9sz\u00e9re.<br \/>\nHa nemcsak felfedezn\u00e9d a v\u00edz alatti vil\u00e1got, hanem meg is \u00f6r\u00f6k\u00edten\u00e9d a sz\u00e9ps\u00e9geit, hogy m\u00e1sok is a te szemeddel l\u00e1thass\u00e1k, akkor a fotogr\u00e1fus b\u00fav\u00e1r oktat\u00e1s az ide\u00e1lis v\u00e1laszt\u00e1s.<\/p>\n<p>Ezen a b\u00fav\u00e1rtanfolyamon nem csak kit\u0171n\u0151 f\u00e9nyk\u00e9pek k\u00e9sz\u00edt\u00e9s\u00e9nek fort\u00e9lyair\u00f3l fogsz tanulni, hanem a v\u00edz alatti \u00e9l\u0151l\u00e9nyekkel kapcsolatos tud\u00e1sodat is b\u0151v\u00edtheted. Ne feledd a j\u00f3 v\u00edzalatti fot\u00f3k k\u00e9sz\u00edt\u00e9s\u00e9nek elengedhetetlen felt\u00e9tele a j\u00f3 lebeg\u0151k\u00e9pess\u00e9g, mert egy d\u00edjnyertes f\u00e9nyk\u00e9p sem \u00e9r annyit mint a legkisebb let\u00f6rt korall.<\/p>\n<p>A b\u00fav\u00e1roktat\u00e1sra val\u00f3 jelentkez\u00e9s felt\u00e9telei<\/p>\n<p>&#8211; Halad\u00f3 b\u00fav\u00e1ri fokozat (Advanced Open Water Diver)<br \/>\n&#8211; minimum 24 igazolt mer\u00fcl\u00e9s<br \/>\n&#8211; saj\u00e1t felszerel\u00e9s<\/p>\n<p>Oktat\u00f3 : Szab\u00f3 Tam\u00e1s \u00a0B\u00fav\u00e1roktat\u00f3 (UEF OWSI)<\/p>\n<p>(Nagyobb m\u00e9rethez katt a k\u00e9pre)<\/p>\n<p><a href=\"http:\/\/www.koraltekki.hu\/wp-content\/uploads\/2015\/02\/IMG_4213KA-1.jpg\"><img loading=\"lazy\" class=\"  wp-image-870 alignleft\" src=\"http:\/\/www.koraltekki.hu\/wp-content\/uploads\/2015\/02\/IMG_4213KA-1-300x198.jpg\" alt=\"IMG_4213KA (1)\" width=\"645\" height=\"426\" srcset=\"http:\/\/www.koraltekki.hu\/wp-content\/uploads\/2015\/02\/IMG_4213KA-1-300x198.jpg 300w, http:\/\/www.koraltekki.hu\/wp-content\/uploads\/2015\/02\/IMG_4213KA-1-1024x675.jpg 1024w, http:\/\/www.koraltekki.hu\/wp-content\/uploads\/2015\/02\/IMG_4213KA-1-228x150.jpg 228w, http:\/\/www.koraltekki.hu\/wp-content\/uploads\/2015\/02\/IMG_4213KA-1-150x99.jpg 150w, http:\/\/www.koraltekki.hu\/wp-content\/uploads\/2015\/02\/IMG_4213KA-1.jpg 1600w\" sizes=\"(max-width: 645px) 100vw, 645px\" \/><\/a><\/p>\n<p>&nbsp;<\/p>\n","protected":false},"excerpt":{"rendered":"<p>Fotogr\u00e1fus b\u00fav\u00e1r oktat\u00e1s (Photographer Diver &#8211; PD) Fotogr\u00e1fus b\u00fav\u00e1r oktat\u00e1s, els\u0151sorban kompakt g\u00e9pes fot\u00f3sok r\u00e9sz\u00e9re. Ha nemcsak felfedezn\u00e9d a v\u00edz alatti vil\u00e1got, hanem meg is \u00f6r\u00f6k\u00edten\u00e9d a sz\u00e9ps\u00e9geit, hogy m\u00e1sok is a te szemeddel l\u00e1thass\u00e1k, akkor a fotogr\u00e1fus b\u00fav\u00e1r oktat\u00e1s az ide\u00e1lis v\u00e1laszt\u00e1s. Ezen a b\u00fav\u00e1rtanfolyamon nem csak kit\u0171n\u0151 f\u00e9nyk\u00e9pek \u2026 <a href=\"http:\/\/www.koraltekki.hu\/?page_id=850\"> Continue reading <span class=\"meta-nav\">&rarr; <\/span><\/a><\/p>\n","protected":false},"author":1,"featured_media":0,"parent":0,"menu_order":0,"comment_status":"closed","ping_status":"open","template":"","meta":[],"_links":{"self":[{"href":"http:\/\/www.koraltekki.hu\/index.php?rest_route=\/wp\/v2\/pages\/850"}],"collection":[{"href":"http:\/\/www.koraltekki.hu\/index.php?rest_route=\/wp\/v2\/pages"}],"about":[{"href":"http:\/\/www.koraltekki.hu\/index.php?rest_route=\/wp\/v2\/types\/page"}],"author":[{"embeddable":true,"href":"http:\/\/www.koraltekki.hu\/index.php?rest_route=\/wp\/v2\/users\/1"}],"replies":[{"embeddable":true,"href":"http:\/\/www.koraltekki.hu\/index.php?rest_route=%2Fwp%2Fv2%2Fcomments&post=850"}],"version-history":[{"count":16,"href":"http:\/\/www.koraltekki.hu\/index.php?rest_route=\/wp\/v2\/pages\/850\/revisions"}],"predecessor-version":[{"id":907,"href":"http:\/\/www.koraltekki.hu\/index.php?rest_route=\/wp\/v2\/pages\/850\/revisions\/907"}],"wp:attachment":[{"href":"http:\/\/www.koraltekki.hu\/index.php?rest_route=%2Fwp%2Fv2%2Fmedia&parent=850"}],"curies":[{"name":"wp","href":"https:\/\/api.w.org\/{rel}","templated":true}]}}