{"id":882,"date":"2015-02-25T20:21:15","date_gmt":"2015-02-25T20:21:15","guid":{"rendered":"http:\/\/www.koraltekki.hu\/?page_id=882"},"modified":"2015-02-25T21:20:27","modified_gmt":"2015-02-25T21:20:27","slug":"szafari-diver","status":"publish","type":"page","link":"http:\/\/www.koraltekki.hu\/?page_id=882","title":{"rendered":"Szafari Diver"},"content":{"rendered":"<p>A tanfolyam c\u00e9lja a haj\u00f3s szafarikon r\u00e9szt vev\u0151 b\u00fav\u00e1rok felk\u00e9sz\u00edt\u00e9se, a mer\u00fcl\u00e9sek biztons\u00e1gosabb\u00e1 t\u00e9tele \u00e9rdek\u00e9ben.<br \/>\nA szafaris t\u00far\u00e1k -jelleg\u00fckn\u00e9l fogva &#8211; speci\u00e1lis k\u00e9rd\u00e9seket vetnek fel, melyekre a v\u00e1laszt ezen tanfolyam keret\u00e9ben saj\u00e1t\u00edthatja el a b\u00fav\u00e1r.<\/p>\n<p>A tanfolyam keret\u00e9ben elsaj\u00e1t\u00edt\u00e1sra ker\u00fcl a haj\u00f3, mint \u00e9l\u0151hely \u00e9s annak haszn\u00e1lata a mer\u00fcl\u00e9sek sor\u00e1n.<br \/>\nTekintettel a mer\u00fcl\u00e9s jelleg\u00e9re, napi t\u00f6bb mer\u00fcl\u00e9s is v\u00e9grehajthat\u00f3.<br \/>\nA napi szint\u0171, ism\u00e9telt mer\u00fcl\u00e9sek sora sz\u00e1mos k\u00e9rd\u00e9st vet fel a nitrog\u00e9n halmoz\u00f3d\u00e1s ter\u00e9n.<br \/>\nMegismerj\u00fck a hossz\u00fa idej\u0171, sek\u00e9ly m\u00e9lys\u00e9g\u0171 mer\u00fcl\u00e9sek speci\u00e1lis k\u00e9rd\u00e9seit.<br \/>\nIsmertet\u00e9sre ker\u00fcl a NITROX alkalmaz\u00e1sa ebben a speci\u00e1lis esetben.<\/p>\n<p>R\u00e9szv\u00e9teli felt\u00e9tel:<br \/>\n&#8211; minim\u00e1lisan OWD min\u0151s\u00edt\u00e9si fokozat<br \/>\n&#8211; legal\u00e1bb 20 igazolt mer\u00fcl\u00e9s<\/p>\n<p>Aj\u00e1nlott a NITROX diver min\u0151s\u00edt\u00e9s megl\u00e9te is.<\/p>\n<p style=\"text-align: left;\">\u00a0<a href=\"http:\/\/www.koraltekki.hu\/wp-content\/uploads\/2015\/02\/safari.jpg\"><img loading=\"lazy\" class=\"  wp-image-885 alignleft\" src=\"http:\/\/www.koraltekki.hu\/wp-content\/uploads\/2015\/02\/safari-300x226.jpg\" alt=\"OLYMPUS DIGITAL CAMERA\" width=\"763\" height=\"575\" srcset=\"http:\/\/www.koraltekki.hu\/wp-content\/uploads\/2015\/02\/safari-300x226.jpg 300w, http:\/\/www.koraltekki.hu\/wp-content\/uploads\/2015\/02\/safari-1024x771.jpg 1024w, http:\/\/www.koraltekki.hu\/wp-content\/uploads\/2015\/02\/safari-199x150.jpg 199w, http:\/\/www.koraltekki.hu\/wp-content\/uploads\/2015\/02\/safari-150x113.jpg 150w, http:\/\/www.koraltekki.hu\/wp-content\/uploads\/2015\/02\/safari.jpg 1360w\" sizes=\"(max-width: 763px) 100vw, 763px\" \/><\/a><\/p>\n","protected":false},"excerpt":{"rendered":"<p>A tanfolyam c\u00e9lja a haj\u00f3s szafarikon r\u00e9szt vev\u0151 b\u00fav\u00e1rok felk\u00e9sz\u00edt\u00e9se, a mer\u00fcl\u00e9sek biztons\u00e1gosabb\u00e1 t\u00e9tele \u00e9rdek\u00e9ben. A szafaris t\u00far\u00e1k -jelleg\u00fckn\u00e9l fogva &#8211; speci\u00e1lis k\u00e9rd\u00e9seket vetnek fel, melyekre a v\u00e1laszt ezen tanfolyam keret\u00e9ben saj\u00e1t\u00edthatja el a b\u00fav\u00e1r. A tanfolyam keret\u00e9ben elsaj\u00e1t\u00edt\u00e1sra ker\u00fcl a haj\u00f3, mint \u00e9l\u0151hely \u00e9s annak haszn\u00e1lata a mer\u00fcl\u00e9sek sor\u00e1n. \u2026 <a href=\"http:\/\/www.koraltekki.hu\/?page_id=882\"> Continue reading <span class=\"meta-nav\">&rarr; <\/span><\/a><\/p>\n","protected":false},"author":1,"featured_media":0,"parent":0,"menu_order":0,"comment_status":"closed","ping_status":"open","template":"","meta":[],"_links":{"self":[{"href":"http:\/\/www.koraltekki.hu\/index.php?rest_route=\/wp\/v2\/pages\/882"}],"collection":[{"href":"http:\/\/www.koraltekki.hu\/index.php?rest_route=\/wp\/v2\/pages"}],"about":[{"href":"http:\/\/www.koraltekki.hu\/index.php?rest_route=\/wp\/v2\/types\/page"}],"author":[{"embeddable":true,"href":"http:\/\/www.koraltekki.hu\/index.php?rest_route=\/wp\/v2\/users\/1"}],"replies":[{"embeddable":true,"href":"http:\/\/www.koraltekki.hu\/index.php?rest_route=%2Fwp%2Fv2%2Fcomments&post=882"}],"version-history":[{"count":7,"href":"http:\/\/www.koraltekki.hu\/index.php?rest_route=\/wp\/v2\/pages\/882\/revisions"}],"predecessor-version":[{"id":891,"href":"http:\/\/www.koraltekki.hu\/index.php?rest_route=\/wp\/v2\/pages\/882\/revisions\/891"}],"wp:attachment":[{"href":"http:\/\/www.koraltekki.hu\/index.php?rest_route=%2Fwp%2Fv2%2Fmedia&parent=882"}],"curies":[{"name":"wp","href":"https:\/\/api.w.org\/{rel}","templated":true}]}}